{"id":9937,"date":"2025-01-31T15:52:14","date_gmt":"2025-01-31T18:52:14","guid":{"rendered":"https:\/\/teknapower.com.br\/?post_type=product&#038;p=9937"},"modified":"2026-01-12T10:20:19","modified_gmt":"2026-01-12T13:20:19","slug":"cortador-de-grama-dirigivel-tcg42-19m","status":"publish","type":"product","link":"https:\/\/teknapower.com.br\/?product=cortador-de-grama-dirigivel-tcg42-19m","title":{"rendered":"Cortador de Grama Dirig\u00edvel TCG42-19M"},"content":{"rendered":"<p>Com um deck de 42&#8243;, \u00e9 ideal para terrenos planos de at\u00e9<strong> 8 mil m\u00b2<\/strong>, incluindo ch\u00e1caras, est\u00e1dios de futebol, condom\u00ednios e fazendas, ou com <strong>inclina\u00e7\u00e3o de at\u00e9 10\u00ba<\/strong>. Seu escapamento \u00e9 localizado na parte inferior do motor, reduzindo risco de acidentes ou queimaduras.\u00a0 Al\u00e9m disso, possui um <strong>banco ajust\u00e1vel<\/strong> com sistema de trilhos e a facilidade de manobrar, com o raio de 45 cm,\u00a0 oferecendo <strong>conforto e praticidade<\/strong> ao operador para um trabalho eficiente sem grandes esfor\u00e7os.<\/p>\n<ul>\n<li>Deck de 42&#8243;;<\/li>\n<li>Baixo consumo, autonomia de at\u00e9 1,5 horas cont\u00ednuas de corte;<\/li>\n<li>F\u00e1cil visualiza\u00e7\u00e3o do n\u00edvel de combust\u00edvel.<\/li>\n<\/ul>\n","protected":false},"excerpt":{"rendered":"<p><strong>Potente, robusto e vers\u00e1til<\/strong>, equipado com <strong>motor de 19,5hp<\/strong> e c\u00e2mbio manual, o <strong>TCG42-19M\u00a0<\/strong>oferece agilidade no corte e permite o uso em \u00e1reas estreitas, como em fileiras de \u00e1rvores. Proporciona acabamento impec\u00e1vel enquanto preserva o gramado gra\u00e7as \u00e0s <strong>rodas anti escalpo<\/strong> que garantem um corte limpo. A presen\u00e7a de<strong> far\u00f3is<\/strong> melhora a visibilidade em opera\u00e7\u00f5es ao entardecer.<\/p>\n<ul>\n<li>C\u00e2mbio manual;<\/li>\n<li>Motor com pot\u00eancia de 19,5hp;<\/li>\n<li>120 kg de tra\u00e7\u00e3o.<\/li>\n<\/ul>\n<p>&nbsp;<\/p>\n","protected":false},"featured_media":9938,"comment_status":"open","ping_status":"closed","template":"","meta":[],"pwb-brand":[],"product_cat":[40,59],"product_tag":[],"class_list":{"0":"post-9937","1":"product","2":"type-product","3":"status-publish","4":"has-post-thumbnail","6":"product_cat-jardim","7":"product_cat-cortador-de-grama","9":"first","10":"instock","11":"shipping-taxable","12":"product-type-simple"},"brands":[],"_links":{"self":[{"href":"https:\/\/teknapower.com.br\/index.php?rest_route=\/wp\/v2\/product\/9937","targetHints":{"allow":["GET"]}}],"collection":[{"href":"https:\/\/teknapower.com.br\/index.php?rest_route=\/wp\/v2\/product"}],"about":[{"href":"https:\/\/teknapower.com.br\/index.php?rest_route=\/wp\/v2\/types\/product"}],"replies":[{"embeddable":true,"href":"https:\/\/teknapower.com.br\/index.php?rest_route=%2Fwp%2Fv2%2Fcomments&post=9937"}],"wp:featuredmedia":[{"embeddable":true,"href":"https:\/\/teknapower.com.br\/index.php?rest_route=\/wp\/v2\/media\/9938"}],"wp:attachment":[{"href":"https:\/\/teknapower.com.br\/index.php?rest_route=%2Fwp%2Fv2%2Fmedia&parent=9937"}],"wp:term":[{"taxonomy":"pwb-brand","embeddable":true,"href":"https:\/\/teknapower.com.br\/index.php?rest_route=%2Fwp%2Fv2%2Fpwb-brand&post=9937"},{"taxonomy":"product_cat","embeddable":true,"href":"https:\/\/teknapower.com.br\/index.php?rest_route=%2Fwp%2Fv2%2Fproduct_cat&post=9937"},{"taxonomy":"product_tag","embeddable":true,"href":"https:\/\/teknapower.com.br\/index.php?rest_route=%2Fwp%2Fv2%2Fproduct_tag&post=9937"}],"curies":[{"name":"wp","href":"https:\/\/api.w.org\/{rel}","templated":true}]}}