{"id":9884,"date":"2024-12-26T16:57:20","date_gmt":"2024-12-26T19:57:20","guid":{"rendered":"https:\/\/teknapower.com.br\/?post_type=product&#038;p=9884"},"modified":"2024-12-27T11:05:21","modified_gmt":"2024-12-27T14:05:21","slug":"rocadeira-a-gasolina-tekna-rl330ac-g2-i","status":"publish","type":"product","link":"https:\/\/teknapower.com.br\/?product=rocadeira-a-gasolina-tekna-rl330ac-g2-i","title":{"rendered":"Ro\u00e7adeira a Gasolina Tekna &#8211; RL330AC-G2-I"},"content":{"rendered":"<p>A Ro\u00e7adeira a Gasolina Tekna RL330AC-G2-I realiza de forma eficiente o cuidado com gramado, jardins, s\u00edtios, condom\u00ednios residenciais e quintais. Adequada para uso ocasional, a ro\u00e7adeira \u00e9 ideal para corte ou manuten\u00e7\u00e3o de gramados, ervas daninhas, capim alto e vegeta\u00e7\u00e3o rasteira. Oferece uma \u00f3tima rela\u00e7\u00e3o peso-pot\u00eancia, que proporciona baixo consumo de combust\u00edvel. Conta com guid\u00e3o ergon\u00f4mico lateral e empunhadura anat\u00f4mica, que proporcionam uma liberdade maior de movimenta\u00e7\u00e3o aliado ao conforto. Seu conjunto de acess\u00f3rios inclui kit de ferramentas, misturador de combust\u00edvel, cinto de apoio, carretel de nylon e l\u00e2mina de 3 pontas.<\/p>\n<p>\u2022 Cilindrada 32,6 cc<br \/>\n\u2022 Pot\u00eancia 1,2 HP<br \/>\n\u2022 Capacidade do Tanque 850 ml<br \/>\n\u2022 Rota\u00e7\u00e3o M\u00e1xima 13000 RPM<\/p>\n","protected":false},"excerpt":{"rendered":"<p>A Ro\u00e7adeira Lateral Tekna RL330AC-G2-I possui motor 2 tempos a gasolina, de 32,6 CC e 1,2 HP, que resultam em um equipamento altamente potente e resistente, proporcionando grande qualidade no corte e baixo consumo de combust\u00edvel.<\/p>\n<p>\u2022 Guid\u00e3o Lateral<br \/>\n\u2022 Kit de Ferramentas<br \/>\n\u2022 Tubo Bipartido<br \/>\n\u2022 L\u00e2mina de 3 Pontas<br \/>\n\u2022 Cabe\u00e7ote de Nylon Bate-Libera<\/p>\n","protected":false},"featured_media":9885,"comment_status":"open","ping_status":"closed","template":"","meta":[],"pwb-brand":[],"product_cat":[40,129],"product_tag":[],"class_list":{"0":"post-9884","1":"product","2":"type-product","3":"status-publish","4":"has-post-thumbnail","6":"product_cat-jardim","7":"product_cat-rocadeira-jardim","9":"first","10":"instock","11":"shipping-taxable","12":"product-type-simple"},"brands":[],"_links":{"self":[{"href":"https:\/\/teknapower.com.br\/index.php?rest_route=\/wp\/v2\/product\/9884","targetHints":{"allow":["GET"]}}],"collection":[{"href":"https:\/\/teknapower.com.br\/index.php?rest_route=\/wp\/v2\/product"}],"about":[{"href":"https:\/\/teknapower.com.br\/index.php?rest_route=\/wp\/v2\/types\/product"}],"replies":[{"embeddable":true,"href":"https:\/\/teknapower.com.br\/index.php?rest_route=%2Fwp%2Fv2%2Fcomments&post=9884"}],"wp:featuredmedia":[{"embeddable":true,"href":"https:\/\/teknapower.com.br\/index.php?rest_route=\/wp\/v2\/media\/9885"}],"wp:attachment":[{"href":"https:\/\/teknapower.com.br\/index.php?rest_route=%2Fwp%2Fv2%2Fmedia&parent=9884"}],"wp:term":[{"taxonomy":"pwb-brand","embeddable":true,"href":"https:\/\/teknapower.com.br\/index.php?rest_route=%2Fwp%2Fv2%2Fpwb-brand&post=9884"},{"taxonomy":"product_cat","embeddable":true,"href":"https:\/\/teknapower.com.br\/index.php?rest_route=%2Fwp%2Fv2%2Fproduct_cat&post=9884"},{"taxonomy":"product_tag","embeddable":true,"href":"https:\/\/teknapower.com.br\/index.php?rest_route=%2Fwp%2Fv2%2Fproduct_tag&post=9884"}],"curies":[{"name":"wp","href":"https:\/\/api.w.org\/{rel}","templated":true}]}}