{"id":9593,"date":"2024-10-25T10:25:25","date_gmt":"2024-10-25T13:25:25","guid":{"rendered":"https:\/\/teknapower.com.br\/?post_type=product&#038;p=9593"},"modified":"2026-03-31T08:37:52","modified_gmt":"2026-03-31T11:37:52","slug":"cortador-de-grama-dirigivel-tcg24-17m","status":"publish","type":"product","link":"https:\/\/teknapower.com.br\/?product=cortador-de-grama-dirigivel-tcg24-17m","title":{"rendered":"Cortador de Grama Dirig\u00edvel TCG24-7,5M"},"content":{"rendered":"<p>Desfrute de uma opera\u00e7\u00e3o suave e menos cansativa, mesmo durante longas jornadas de trabalho.<\/p>\n<ul>\n<li>Motor de 7,5 HP;<\/li>\n<li>C\u00e2mbio Manual de 4 velocidades: 6 km\/h 2,5 para frente e 2,5km\/h em marcha r\u00e9;<\/li>\n<li>Deck de 24&#8243; (610 mm)<\/li>\n<li>5 posi\u00e7\u00f5es de altura: 35mm a 75 mm;<\/li>\n<li>Recolhedor com Capacidade de 150 litros<\/li>\n<li>Sistema 2 em 1: Sa\u00edda Lateral ou no Recolhedor;<\/li>\n<li>Rodas frontais de 10&#8243; e rodas traseiras de 13&#8243;;<\/li>\n<li>Sensor de seguran\u00e7a: O cortador desliga automaticamente quando o operador se levanta;<\/li>\n<li>Banco ajust\u00e1vel com trilho: Mais conforto para o operador.<\/li>\n<\/ul>\n","protected":false},"excerpt":{"rendered":"<p>Conforto e praticidade em cada detalhe da opera\u00e7\u00e3o. Esse modelo garante agilidade, precis\u00e3o e conforto na manuten\u00e7\u00e3o de gramados em locais de pequeno e m\u00e9dio porte. Ideal para hot\u00e9is, pousadas, centros de eventos, escolas e outras \u00e1reas que necessitam de uma manuten\u00e7\u00e3o peri\u00f3dica e cuidadosa, este equipamento \u00e9 a solu\u00e7\u00e3o perfeita para terrenos planos e com obst\u00e1culos, oferecendo uma experi\u00eancia de corte sem complica\u00e7\u00f5es.<\/p>\n","protected":false},"featured_media":9594,"comment_status":"open","ping_status":"closed","template":"","meta":[],"pwb-brand":[],"product_cat":[40,59],"product_tag":[],"class_list":{"0":"post-9593","1":"product","2":"type-product","3":"status-publish","4":"has-post-thumbnail","6":"product_cat-jardim","7":"product_cat-cortador-de-grama","9":"first","10":"instock","11":"shipping-taxable","12":"product-type-simple"},"brands":[],"_links":{"self":[{"href":"https:\/\/teknapower.com.br\/index.php?rest_route=\/wp\/v2\/product\/9593","targetHints":{"allow":["GET"]}}],"collection":[{"href":"https:\/\/teknapower.com.br\/index.php?rest_route=\/wp\/v2\/product"}],"about":[{"href":"https:\/\/teknapower.com.br\/index.php?rest_route=\/wp\/v2\/types\/product"}],"replies":[{"embeddable":true,"href":"https:\/\/teknapower.com.br\/index.php?rest_route=%2Fwp%2Fv2%2Fcomments&post=9593"}],"wp:featuredmedia":[{"embeddable":true,"href":"https:\/\/teknapower.com.br\/index.php?rest_route=\/wp\/v2\/media\/9594"}],"wp:attachment":[{"href":"https:\/\/teknapower.com.br\/index.php?rest_route=%2Fwp%2Fv2%2Fmedia&parent=9593"}],"wp:term":[{"taxonomy":"pwb-brand","embeddable":true,"href":"https:\/\/teknapower.com.br\/index.php?rest_route=%2Fwp%2Fv2%2Fpwb-brand&post=9593"},{"taxonomy":"product_cat","embeddable":true,"href":"https:\/\/teknapower.com.br\/index.php?rest_route=%2Fwp%2Fv2%2Fproduct_cat&post=9593"},{"taxonomy":"product_tag","embeddable":true,"href":"https:\/\/teknapower.com.br\/index.php?rest_route=%2Fwp%2Fv2%2Fproduct_tag&post=9593"}],"curies":[{"name":"wp","href":"https:\/\/api.w.org\/{rel}","templated":true}]}}