{"id":9580,"date":"2024-10-02T16:56:14","date_gmt":"2024-10-02T19:56:14","guid":{"rendered":"https:\/\/teknapower.com.br\/?post_type=product&#038;p=9580"},"modified":"2024-10-02T16:58:02","modified_gmt":"2024-10-02T19:58:02","slug":"aparador-de-grama-eletrico-tekna-tt700s-220v","status":"publish","type":"product","link":"https:\/\/teknapower.com.br\/?product=aparador-de-grama-eletrico-tekna-tt700s-220v","title":{"rendered":"Aparador de Grama El\u00e9trico Tekna \u2013 TT700S | 220v"},"content":{"rendered":"<p>O Aparador de Grama El\u00e9trico Tekna com di\u00e2metro de corte de 28 cm \u00e9 indicado uso residencial em acabamentos em jardins, borda de canteiros, entre plantas e flores, cal\u00e7adas, muros e demais obst\u00e1culos. Com fio duplo e empunhadura frontal, proporciona conforto e rendimento ao trabalho.<\/p>\n<p>\u2022Pot\u00eancia M\u00e1xima 700 W<br \/>\n\u2022 Tens\u00e3o 220 V<br \/>\n\u2022 Di\u00e2metro de corte \u00d8 280 mm<br \/>\n\u2022 Motor Universal com Escovas<\/p>\n","protected":false},"excerpt":{"rendered":"<p>O Aparador de Grama El\u00e9trico Tekna equipado com motor universal com escovas, possui 28 cm de di\u00e2metro de corte, 700 W de pot\u00eancia e est\u00e1 dispon\u00edvel na voltagem de 220V.<\/p>\n<p>\u2022 Empunhadura Frontal<br \/>\n\u2022 Saia de Prote\u00e7\u00e3o<br \/>\n\u2022 Cabe\u00e7ote de Nylon Bate-Libera<\/p>\n","protected":false},"featured_media":9579,"comment_status":"open","ping_status":"closed","template":"","meta":[],"pwb-brand":[],"product_cat":[40,58],"product_tag":[],"class_list":{"0":"post-9580","1":"product","2":"type-product","3":"status-publish","4":"has-post-thumbnail","6":"product_cat-jardim","7":"product_cat-aparador-de-grama","9":"first","10":"instock","11":"shipping-taxable","12":"product-type-simple"},"brands":[],"_links":{"self":[{"href":"https:\/\/teknapower.com.br\/index.php?rest_route=\/wp\/v2\/product\/9580","targetHints":{"allow":["GET"]}}],"collection":[{"href":"https:\/\/teknapower.com.br\/index.php?rest_route=\/wp\/v2\/product"}],"about":[{"href":"https:\/\/teknapower.com.br\/index.php?rest_route=\/wp\/v2\/types\/product"}],"replies":[{"embeddable":true,"href":"https:\/\/teknapower.com.br\/index.php?rest_route=%2Fwp%2Fv2%2Fcomments&post=9580"}],"wp:featuredmedia":[{"embeddable":true,"href":"https:\/\/teknapower.com.br\/index.php?rest_route=\/wp\/v2\/media\/9579"}],"wp:attachment":[{"href":"https:\/\/teknapower.com.br\/index.php?rest_route=%2Fwp%2Fv2%2Fmedia&parent=9580"}],"wp:term":[{"taxonomy":"pwb-brand","embeddable":true,"href":"https:\/\/teknapower.com.br\/index.php?rest_route=%2Fwp%2Fv2%2Fpwb-brand&post=9580"},{"taxonomy":"product_cat","embeddable":true,"href":"https:\/\/teknapower.com.br\/index.php?rest_route=%2Fwp%2Fv2%2Fproduct_cat&post=9580"},{"taxonomy":"product_tag","embeddable":true,"href":"https:\/\/teknapower.com.br\/index.php?rest_route=%2Fwp%2Fv2%2Fproduct_tag&post=9580"}],"curies":[{"name":"wp","href":"https:\/\/api.w.org\/{rel}","templated":true}]}}