{"id":9290,"date":"2024-06-14T16:06:47","date_gmt":"2024-06-14T19:06:47","guid":{"rendered":"https:\/\/teknapower.com.br\/?post_type=product&#038;p=9290"},"modified":"2025-03-11T12:16:52","modified_gmt":"2025-03-11T15:16:52","slug":"cortador-de-grama-a-gasolina-tekna-t500g60ln","status":"publish","type":"product","link":"https:\/\/teknapower.com.br\/?product=cortador-de-grama-a-gasolina-tekna-t500g60ln","title":{"rendered":"Cortador de Grama a Gasolina Tekna \u2013 T500G60LN"},"content":{"rendered":"<p>Com dupla fun\u00e7\u00e3o, o Cortador de Grama a Gasolina T500G60LN \u00e9 ideal para cortar e reciclar grama e gramados de quintais, pra\u00e7as e campos. Altamente pr\u00e1tico, pois dispensa o uso de extens\u00e3o e energia el\u00e9trica, possibilitando o uso em diversos ambientes de longa dist\u00e2ncia. Proporciona economia de combust\u00edvel e menor emiss\u00e3o de gases poluentes, sem deixar de lado o alto desempenho no corte.<\/p>\n<ul>\n<li>Pot\u00eancia 6 HP<\/li>\n<li>173 cilindradas<\/li>\n<li>Di\u00e2metro de corte \u00d8 51 cm<\/li>\n<li>Motor 4 Tempos<\/li>\n<\/ul>\n","protected":false},"excerpt":{"rendered":"<p>O Cortador de Grama Tekna \u00e9 equipado com motor OHV 4 tempos a gasolina e 6 HP de pot\u00eancia. Disp\u00f5e de 5 ajustes de altura de corte e funcionalidade 2 em 1, sa\u00edda lateral e reciclador.<\/p>\n<ul>\n<li>Com Sa\u00edda Lateral e Reciclador<\/li>\n<li>5 Alturas de corte<\/li>\n<li>Rodas de 7&#8243;<\/li>\n<li>Freio de emerg\u00eancia<\/li>\n<\/ul>\n","protected":false},"featured_media":9291,"comment_status":"open","ping_status":"closed","template":"","meta":[],"pwb-brand":[],"product_cat":[40,59],"product_tag":[],"class_list":{"0":"post-9290","1":"product","2":"type-product","3":"status-publish","4":"has-post-thumbnail","6":"product_cat-jardim","7":"product_cat-cortador-de-grama","9":"first","10":"instock","11":"featured","12":"shipping-taxable","13":"product-type-simple"},"brands":[],"_links":{"self":[{"href":"https:\/\/teknapower.com.br\/index.php?rest_route=\/wp\/v2\/product\/9290","targetHints":{"allow":["GET"]}}],"collection":[{"href":"https:\/\/teknapower.com.br\/index.php?rest_route=\/wp\/v2\/product"}],"about":[{"href":"https:\/\/teknapower.com.br\/index.php?rest_route=\/wp\/v2\/types\/product"}],"replies":[{"embeddable":true,"href":"https:\/\/teknapower.com.br\/index.php?rest_route=%2Fwp%2Fv2%2Fcomments&post=9290"}],"wp:featuredmedia":[{"embeddable":true,"href":"https:\/\/teknapower.com.br\/index.php?rest_route=\/wp\/v2\/media\/9291"}],"wp:attachment":[{"href":"https:\/\/teknapower.com.br\/index.php?rest_route=%2Fwp%2Fv2%2Fmedia&parent=9290"}],"wp:term":[{"taxonomy":"pwb-brand","embeddable":true,"href":"https:\/\/teknapower.com.br\/index.php?rest_route=%2Fwp%2Fv2%2Fpwb-brand&post=9290"},{"taxonomy":"product_cat","embeddable":true,"href":"https:\/\/teknapower.com.br\/index.php?rest_route=%2Fwp%2Fv2%2Fproduct_cat&post=9290"},{"taxonomy":"product_tag","embeddable":true,"href":"https:\/\/teknapower.com.br\/index.php?rest_route=%2Fwp%2Fv2%2Fproduct_tag&post=9290"}],"curies":[{"name":"wp","href":"https:\/\/api.w.org\/{rel}","templated":true}]}}