{"id":9274,"date":"2024-06-14T16:02:24","date_gmt":"2024-06-14T19:02:24","guid":{"rendered":"https:\/\/teknapower.com.br\/?post_type=product&#038;p=9274"},"modified":"2024-06-14T16:09:14","modified_gmt":"2024-06-14T19:09:14","slug":"maquina-de-solda-tekna-tw130i-migmma","status":"publish","type":"product","link":"https:\/\/teknapower.com.br\/?product=maquina-de-solda-tekna-tw130i-migmma","title":{"rendered":"M\u00e1quina de Solda Tekna\u2013 TW130I-MIGMMA"},"content":{"rendered":"<p>M\u00e1quina de Solda Tekna \u00e9 um equipamento que, por ser compacto e leve, permite trabalhos em locais de dif\u00edcil acesso. Ela \u00e9 indicada para realizar a soldagem com eletrodo revestido em materiais met\u00e1licos ferrosos. Acompanha tocha MIG, Garra Negativa, Escova + Martelo e Porta eletrodos.<\/p>\n<p>&nbsp;<\/p>\n<ul>\n<li>Tens\u00e3o 220 V<\/li>\n<li>Faixa de Corrente 120 A<\/li>\n<li>Ciclo de Trabalho 40% &#8211; 100A<\/li>\n<li>Tens\u00e3o em vazio 60V<\/li>\n<li>Eletrodo Recomendado 1,6 \u2013 3,25 mm<\/li>\n<\/ul>\n","protected":false},"excerpt":{"rendered":"<p>M\u00e1quina de Solda Tekna TW130I-MIGMMA\u00a0 \u00e9 leve e funcional. Seu ciclo de trabalho \u00e9 de 40%-100A.\u00a0 Possui regulagem dos par\u00e2metros de soldagem pr\u00e1tico e f\u00e1cil.<\/p>\n<ul>\n<li>Leve e Port\u00e1til<\/li>\n<li>Para rolos de arame de 1kg<\/li>\n<li>Alta efici\u00eancia na soldagem<\/li>\n<\/ul>\n","protected":false},"featured_media":9275,"comment_status":"open","ping_status":"closed","template":"","meta":[],"pwb-brand":[],"product_cat":[15],"product_tag":[],"class_list":{"0":"post-9274","1":"product","2":"type-product","3":"status-publish","4":"has-post-thumbnail","6":"product_cat-maquinas-de-solda","8":"first","9":"instock","10":"shipping-taxable","11":"product-type-simple"},"brands":[],"_links":{"self":[{"href":"https:\/\/teknapower.com.br\/index.php?rest_route=\/wp\/v2\/product\/9274","targetHints":{"allow":["GET"]}}],"collection":[{"href":"https:\/\/teknapower.com.br\/index.php?rest_route=\/wp\/v2\/product"}],"about":[{"href":"https:\/\/teknapower.com.br\/index.php?rest_route=\/wp\/v2\/types\/product"}],"replies":[{"embeddable":true,"href":"https:\/\/teknapower.com.br\/index.php?rest_route=%2Fwp%2Fv2%2Fcomments&post=9274"}],"wp:featuredmedia":[{"embeddable":true,"href":"https:\/\/teknapower.com.br\/index.php?rest_route=\/wp\/v2\/media\/9275"}],"wp:attachment":[{"href":"https:\/\/teknapower.com.br\/index.php?rest_route=%2Fwp%2Fv2%2Fmedia&parent=9274"}],"wp:term":[{"taxonomy":"pwb-brand","embeddable":true,"href":"https:\/\/teknapower.com.br\/index.php?rest_route=%2Fwp%2Fv2%2Fpwb-brand&post=9274"},{"taxonomy":"product_cat","embeddable":true,"href":"https:\/\/teknapower.com.br\/index.php?rest_route=%2Fwp%2Fv2%2Fproduct_cat&post=9274"},{"taxonomy":"product_tag","embeddable":true,"href":"https:\/\/teknapower.com.br\/index.php?rest_route=%2Fwp%2Fv2%2Fproduct_tag&post=9274"}],"curies":[{"name":"wp","href":"https:\/\/api.w.org\/{rel}","templated":true}]}}