{"id":9256,"date":"2024-06-14T15:44:38","date_gmt":"2024-06-14T18:44:38","guid":{"rendered":"https:\/\/teknapower.com.br\/?post_type=product&#038;p=9256"},"modified":"2024-07-30T14:38:25","modified_gmt":"2024-07-30T17:38:25","slug":"maquina-inversor-de-solda-tekna-tw100ip-mma","status":"publish","type":"product","link":"https:\/\/teknapower.com.br\/?product=maquina-inversor-de-solda-tekna-tw100ip-mma","title":{"rendered":"M\u00e1quina de Solda Tekna \u2013 TW100IP-MMA"},"content":{"rendered":"<p>R\u00e1pida, eficiente e de baixo consumo. Indicada para usos ocasionais, ela \u00e9 ideal para realizar a soldagem com eletrodo revestido em materiais met\u00e1licos ferrosos. Acompanha Garra Negativa, Escova + Martelo e Saco Mochila.<\/p>\n<ul>\n<li>Tens\u00e3o 110 V<\/li>\n<li>Faixa de Corrente 20 \u2013 100 A<\/li>\n<li>Ciclo de Trabalho 30% &#8211; 100A \/ 60% 60A \/ 100% 50A<\/li>\n<li>Tens\u00e3o em vazio 70V<\/li>\n<li>Eletrodo Recomendado 1,6 \u2013 2,5 mm<\/li>\n<\/ul>\n","protected":false},"excerpt":{"rendered":"<p>Equipamento leve e compacto, permitindo trabalhar em locais de dif\u00edcil acesso. Com o design ergon\u00f4mico, proporciona mais seguran\u00e7a e controle durante a utiliza\u00e7\u00e3o.<\/p>\n<div>\n<ul>\n<li>Alerta de sobrecorrente<\/li>\n<li>Com Painel Digital<\/li>\n<li>Baixo Consumo<\/li>\n<\/ul>\n<\/div>\n","protected":false},"featured_media":9445,"comment_status":"open","ping_status":"closed","template":"","meta":[],"pwb-brand":[],"product_cat":[15],"product_tag":[],"class_list":{"0":"post-9256","1":"product","2":"type-product","3":"status-publish","4":"has-post-thumbnail","6":"product_cat-maquinas-de-solda","8":"first","9":"instock","10":"shipping-taxable","11":"product-type-simple"},"brands":[],"_links":{"self":[{"href":"https:\/\/teknapower.com.br\/index.php?rest_route=\/wp\/v2\/product\/9256","targetHints":{"allow":["GET"]}}],"collection":[{"href":"https:\/\/teknapower.com.br\/index.php?rest_route=\/wp\/v2\/product"}],"about":[{"href":"https:\/\/teknapower.com.br\/index.php?rest_route=\/wp\/v2\/types\/product"}],"replies":[{"embeddable":true,"href":"https:\/\/teknapower.com.br\/index.php?rest_route=%2Fwp%2Fv2%2Fcomments&post=9256"}],"wp:featuredmedia":[{"embeddable":true,"href":"https:\/\/teknapower.com.br\/index.php?rest_route=\/wp\/v2\/media\/9445"}],"wp:attachment":[{"href":"https:\/\/teknapower.com.br\/index.php?rest_route=%2Fwp%2Fv2%2Fmedia&parent=9256"}],"wp:term":[{"taxonomy":"pwb-brand","embeddable":true,"href":"https:\/\/teknapower.com.br\/index.php?rest_route=%2Fwp%2Fv2%2Fpwb-brand&post=9256"},{"taxonomy":"product_cat","embeddable":true,"href":"https:\/\/teknapower.com.br\/index.php?rest_route=%2Fwp%2Fv2%2Fproduct_cat&post=9256"},{"taxonomy":"product_tag","embeddable":true,"href":"https:\/\/teknapower.com.br\/index.php?rest_route=%2Fwp%2Fv2%2Fproduct_tag&post=9256"}],"curies":[{"name":"wp","href":"https:\/\/api.w.org\/{rel}","templated":true}]}}