{"id":9254,"date":"2024-06-14T15:42:03","date_gmt":"2024-06-14T18:42:03","guid":{"rendered":"https:\/\/teknapower.com.br\/?post_type=product&#038;p=9254"},"modified":"2024-07-10T12:25:54","modified_gmt":"2024-07-10T15:25:54","slug":"motosserra-a-gasolina-tekna-cs45ex","status":"publish","type":"product","link":"https:\/\/teknapower.com.br\/?product=motosserra-a-gasolina-tekna-cs45ex","title":{"rendered":"Motosserra a Gasolina Tekna com sabre de 14&#8243; \u2013 CS45EX"},"content":{"rendered":"<p>Equipada com motor a gasolina 2 tempos, de alto desempenho e rendimento, a motosserra CS45EX realiza partidas f\u00e1ceis.\u00a0 Seu sistema antivibrat\u00f3rio e o freio de seguran\u00e7a, geram estabilidade \u00e0 opera\u00e7\u00e3o, tornando-a mais confort\u00e1vel e segura. Possui pe\u00e7as de alta qualidade, proporcionando baixa manuten\u00e7\u00e3o e garantindo a vida \u00fatil do equipamento. Acompanha kit de ferramentas.<\/p>\n<ul>\n<li>Cilindrada 44,3 cc<\/li>\n<li>Pot\u00eancia m\u00e1xima de 2,8 HP<\/li>\n<li>Sabre Tekna de 14\u201d SN<\/li>\n<li>Corrente Oregon Passo\/calibre 3\/8\u201d x 0,050\u201d 91P<\/li>\n<li>Rota\u00e7\u00e3o M\u00e1xima de 13500 rpm<\/li>\n<\/ul>\n","protected":false},"excerpt":{"rendered":"<p>A Motosserra Tekna CS45EX une resist\u00eancia e durabilidade, equipada com pe\u00e7as de alta qualidade e motor de 44,3 cilindradas \u00e9 capaz de realizar cortes precisos sem exigir grandes esfor\u00e7os. Acompanha corrente Oregon e Sabre Tekna.<\/p>\n<ul>\n<li>Com Sabre Tekna<\/li>\n<li>Corrente Oregon<\/li>\n<li>Freio de Seguran\u00e7a<\/li>\n<li>Sistema Anti-vibrat\u00f3rio<\/li>\n<\/ul>\n","protected":false},"featured_media":9301,"comment_status":"open","ping_status":"closed","template":"","meta":[],"pwb-brand":[],"product_cat":[35,120,40,128],"product_tag":[],"class_list":{"0":"post-9254","1":"product","2":"type-product","3":"status-publish","4":"has-post-thumbnail","6":"product_cat-agricola","7":"product_cat-motosserra","8":"product_cat-jardim","9":"product_cat-motosserra-jardim","11":"first","12":"instock","13":"shipping-taxable","14":"product-type-simple"},"brands":[],"_links":{"self":[{"href":"https:\/\/teknapower.com.br\/index.php?rest_route=\/wp\/v2\/product\/9254","targetHints":{"allow":["GET"]}}],"collection":[{"href":"https:\/\/teknapower.com.br\/index.php?rest_route=\/wp\/v2\/product"}],"about":[{"href":"https:\/\/teknapower.com.br\/index.php?rest_route=\/wp\/v2\/types\/product"}],"replies":[{"embeddable":true,"href":"https:\/\/teknapower.com.br\/index.php?rest_route=%2Fwp%2Fv2%2Fcomments&post=9254"}],"wp:featuredmedia":[{"embeddable":true,"href":"https:\/\/teknapower.com.br\/index.php?rest_route=\/wp\/v2\/media\/9301"}],"wp:attachment":[{"href":"https:\/\/teknapower.com.br\/index.php?rest_route=%2Fwp%2Fv2%2Fmedia&parent=9254"}],"wp:term":[{"taxonomy":"pwb-brand","embeddable":true,"href":"https:\/\/teknapower.com.br\/index.php?rest_route=%2Fwp%2Fv2%2Fpwb-brand&post=9254"},{"taxonomy":"product_cat","embeddable":true,"href":"https:\/\/teknapower.com.br\/index.php?rest_route=%2Fwp%2Fv2%2Fproduct_cat&post=9254"},{"taxonomy":"product_tag","embeddable":true,"href":"https:\/\/teknapower.com.br\/index.php?rest_route=%2Fwp%2Fv2%2Fproduct_tag&post=9254"}],"curies":[{"name":"wp","href":"https:\/\/api.w.org\/{rel}","templated":true}]}}