{"id":9251,"date":"2024-06-14T15:36:50","date_gmt":"2024-06-14T18:36:50","guid":{"rendered":"https:\/\/teknapower.com.br\/?post_type=product&#038;p=9251"},"modified":"2024-07-10T10:54:56","modified_gmt":"2024-07-10T13:54:56","slug":"motosserra-a-gasolina-tekna-cs42s","status":"publish","type":"product","link":"https:\/\/teknapower.com.br\/?product=motosserra-a-gasolina-tekna-cs42s","title":{"rendered":"Motosserra a Gasolina Tekna com sabre de 16&#8243; \u2013 CS42S"},"content":{"rendered":"<div>Desenvolvida para uso frequente, a motosserra CS42S16OR \u00e9 adequada para poda de \u00e1rvores, servi\u00e7os de marcenaria, corte de lenhas de di\u00e2metro pequeno e m\u00e9dio. Seu design ergon\u00f4mico e de f\u00e1cil manuseio, ela \u00e9 equipada com conjunto de corte Oregon. \u00c9 fabricado com pe\u00e7as de alta qualidade e bomba de \u00f3leo autom\u00e1tica, que al\u00e9m de proporcionar baixa manuten\u00e7\u00e3o, garantem a vida \u00fatil do conjunto de corte. Acompanha kit de ferramentas, capa para o sabre e misturador de combust\u00edvel.<\/div>\n<div><\/div>\n<div><\/div>\n<div>\u2022 Cilindrada 39,6 cc<\/div>\n<div>\u2022 Pot\u00eancia m\u00e1xima de 2,1 HP<\/div>\n<div>\u2022 Sabre Oregon de 16\u201d SN<\/div>\n<div>\u2022 Passo\/calibre 3\/8\u201d x 0,050\u201d 91P<\/div>\n<div>\u2022 Rota\u00e7\u00e3o M\u00e1xima de 12000 rpm<\/div>\n<div><\/div>\n<div><\/div>\n<div><\/div>\n","protected":false},"excerpt":{"rendered":"<div>A Motosserra Tekna CS42S16OR\u00a0 proporciona um trabalho seguro e sem esfor\u00e7o. Ergon\u00f4mica e acompanha Conjunto de Corte Oregon.<\/div>\n<div><\/div>\n<div>\u2022 Sabre Oregon<\/div>\n<div>\u2022 Corrente Oregon<\/div>\n<div>\u2022 Bomba de \u00d3leo Autom\u00e1tica<\/div>\n<div>\u2022 Filtro de Ar de F\u00e1cil Limpeza<\/div>\n<div>\u2022 Freio de seguran\u00e7a autom\u00e1tico<\/div>\n","protected":false},"featured_media":9252,"comment_status":"open","ping_status":"closed","template":"","meta":[],"pwb-brand":[],"product_cat":[35,120,40,128],"product_tag":[],"class_list":{"0":"post-9251","1":"product","2":"type-product","3":"status-publish","4":"has-post-thumbnail","6":"product_cat-agricola","7":"product_cat-motosserra","8":"product_cat-jardim","9":"product_cat-motosserra-jardim","11":"first","12":"instock","13":"shipping-taxable","14":"product-type-simple"},"brands":[],"_links":{"self":[{"href":"https:\/\/teknapower.com.br\/index.php?rest_route=\/wp\/v2\/product\/9251","targetHints":{"allow":["GET"]}}],"collection":[{"href":"https:\/\/teknapower.com.br\/index.php?rest_route=\/wp\/v2\/product"}],"about":[{"href":"https:\/\/teknapower.com.br\/index.php?rest_route=\/wp\/v2\/types\/product"}],"replies":[{"embeddable":true,"href":"https:\/\/teknapower.com.br\/index.php?rest_route=%2Fwp%2Fv2%2Fcomments&post=9251"}],"wp:featuredmedia":[{"embeddable":true,"href":"https:\/\/teknapower.com.br\/index.php?rest_route=\/wp\/v2\/media\/9252"}],"wp:attachment":[{"href":"https:\/\/teknapower.com.br\/index.php?rest_route=%2Fwp%2Fv2%2Fmedia&parent=9251"}],"wp:term":[{"taxonomy":"pwb-brand","embeddable":true,"href":"https:\/\/teknapower.com.br\/index.php?rest_route=%2Fwp%2Fv2%2Fpwb-brand&post=9251"},{"taxonomy":"product_cat","embeddable":true,"href":"https:\/\/teknapower.com.br\/index.php?rest_route=%2Fwp%2Fv2%2Fproduct_cat&post=9251"},{"taxonomy":"product_tag","embeddable":true,"href":"https:\/\/teknapower.com.br\/index.php?rest_route=%2Fwp%2Fv2%2Fproduct_tag&post=9251"}],"curies":[{"name":"wp","href":"https:\/\/api.w.org\/{rel}","templated":true}]}}