{"id":9097,"date":"2024-06-10T10:30:46","date_gmt":"2024-06-10T13:30:46","guid":{"rendered":"https:\/\/teknapower.com.br\/?post_type=product&#038;p=9097"},"modified":"2024-06-10T10:30:46","modified_gmt":"2024-06-10T13:30:46","slug":"eletrosserra-tekna-es12502-14-220-v","status":"publish","type":"product","link":"https:\/\/teknapower.com.br\/?product=eletrosserra-tekna-es12502-14-220-v","title":{"rendered":"Eletrosserra Tekna &#8211; ES12502-14 &#8211; 220 V"},"content":{"rendered":"<div>Vers\u00e1til e f\u00e1cil de usar, a Eletrosserra Tekna ES1250N \u00e9 ideal para uso ocasional no corte de lenha, poda de \u00e1rvores e manuten\u00e7\u00e3o de pequenas propriedades. Possui sistema bi-manual que s\u00f3 aciona o sabre ao pressionar dois bot\u00f5es ao mesmo tempo, e sistema de ajuste da tens\u00e3o da corrente, garantindo a seguran\u00e7a ao operador. A lubrifica\u00e7\u00e3o autom\u00e1tica proporcionam maior vida \u00fatil a corrente. Com visor de n\u00edvel de \u00f3leo e trava para a extens\u00e3o, tornam o produto mais f\u00e1cil e pr\u00e1tico de ser operado. Conta com 01 chave e 01 capa para o sabre.<\/div>\n<div><\/div>\n<div>\u2022 Pot\u00eancia do motor 1200W<\/p>\n<div>\u2022 Sabre de 14\u201d (35 cm)<\/div>\n<div>\u2022 Tipo da Corrente 91P<\/div>\n<div>\u2022 Passo\/calibre: 3\u00d78\u201dx0.050\u201d<\/div>\n<div>\u2022 Tens\u00e3o 220 V<\/div>\n<p>\u2022 Frequ\u00eancia 60 Hz<\/p><\/div>\n","protected":false},"excerpt":{"rendered":"<p>A Eletrosserra Tekna ES1250N oferece performance e desempenho, com motor universal com escovas de 1200 W de pot\u00eancia e conjunto de corte Oregon.<\/p>\n<div><\/div>\n<div>\u2022 Com Sabre e Corrente Tekna<\/div>\n<div>\u2022 Super Leve 3,5 kg<\/div>\n<p>\u2022 Sistema Bi-manual de seguran\u00e7a<\/p>\n","protected":false},"featured_media":9094,"comment_status":"open","ping_status":"closed","template":"","meta":[],"pwb-brand":[],"product_cat":[40,60],"product_tag":[],"class_list":{"0":"post-9097","1":"product","2":"type-product","3":"status-publish","4":"has-post-thumbnail","6":"product_cat-jardim","7":"product_cat-eletrosserra","9":"first","10":"instock","11":"shipping-taxable","12":"product-type-simple"},"brands":[],"_links":{"self":[{"href":"https:\/\/teknapower.com.br\/index.php?rest_route=\/wp\/v2\/product\/9097","targetHints":{"allow":["GET"]}}],"collection":[{"href":"https:\/\/teknapower.com.br\/index.php?rest_route=\/wp\/v2\/product"}],"about":[{"href":"https:\/\/teknapower.com.br\/index.php?rest_route=\/wp\/v2\/types\/product"}],"replies":[{"embeddable":true,"href":"https:\/\/teknapower.com.br\/index.php?rest_route=%2Fwp%2Fv2%2Fcomments&post=9097"}],"wp:featuredmedia":[{"embeddable":true,"href":"https:\/\/teknapower.com.br\/index.php?rest_route=\/wp\/v2\/media\/9094"}],"wp:attachment":[{"href":"https:\/\/teknapower.com.br\/index.php?rest_route=%2Fwp%2Fv2%2Fmedia&parent=9097"}],"wp:term":[{"taxonomy":"pwb-brand","embeddable":true,"href":"https:\/\/teknapower.com.br\/index.php?rest_route=%2Fwp%2Fv2%2Fpwb-brand&post=9097"},{"taxonomy":"product_cat","embeddable":true,"href":"https:\/\/teknapower.com.br\/index.php?rest_route=%2Fwp%2Fv2%2Fproduct_cat&post=9097"},{"taxonomy":"product_tag","embeddable":true,"href":"https:\/\/teknapower.com.br\/index.php?rest_route=%2Fwp%2Fv2%2Fproduct_tag&post=9097"}],"curies":[{"name":"wp","href":"https:\/\/api.w.org\/{rel}","templated":true}]}}