{"id":803,"date":"2021-01-07T17:39:11","date_gmt":"2021-01-07T20:39:11","guid":{"rendered":"http:\/\/45.82.73.87\/tekna\/?post_type=product&#038;p=803"},"modified":"2021-08-18T16:08:18","modified_gmt":"2021-08-18T19:08:18","slug":"combo-carretel-lamina","status":"publish","type":"product","link":"https:\/\/teknapower.com.br\/?product=combo-carretel-lamina","title":{"rendered":"Carretel Bate e Libera &#8211; CARRTT750"},"content":{"rendered":"","protected":false},"excerpt":{"rendered":"<p>Carretel de Fio de Nylon, com fio duplo de 1.6 mm. Do tipo Bate-Libera, \u00e9 uma \u00f3tima op\u00e7\u00e3o para tornar o corte mais pr\u00e1tico e r\u00e1pido, capaz de liberar e cortar o fio automaticamente.<\/p>\n<p>Aplic\u00e1vel a todos os aparadores Tekna.<\/p>\n","protected":false},"featured_media":2499,"comment_status":"open","ping_status":"closed","template":"","meta":[],"pwb-brand":[],"product_cat":[307,55],"product_tag":[],"class_list":{"0":"post-803","1":"product","2":"type-product","3":"status-publish","4":"has-post-thumbnail","6":"product_cat-rocadeiras-e-aparadores","7":"product_cat-acessorios","9":"first","10":"instock","11":"shipping-taxable","12":"product-type-simple"},"brands":[],"_links":{"self":[{"href":"https:\/\/teknapower.com.br\/index.php?rest_route=\/wp\/v2\/product\/803","targetHints":{"allow":["GET"]}}],"collection":[{"href":"https:\/\/teknapower.com.br\/index.php?rest_route=\/wp\/v2\/product"}],"about":[{"href":"https:\/\/teknapower.com.br\/index.php?rest_route=\/wp\/v2\/types\/product"}],"replies":[{"embeddable":true,"href":"https:\/\/teknapower.com.br\/index.php?rest_route=%2Fwp%2Fv2%2Fcomments&post=803"}],"wp:featuredmedia":[{"embeddable":true,"href":"https:\/\/teknapower.com.br\/index.php?rest_route=\/wp\/v2\/media\/2499"}],"wp:attachment":[{"href":"https:\/\/teknapower.com.br\/index.php?rest_route=%2Fwp%2Fv2%2Fmedia&parent=803"}],"wp:term":[{"taxonomy":"pwb-brand","embeddable":true,"href":"https:\/\/teknapower.com.br\/index.php?rest_route=%2Fwp%2Fv2%2Fpwb-brand&post=803"},{"taxonomy":"product_cat","embeddable":true,"href":"https:\/\/teknapower.com.br\/index.php?rest_route=%2Fwp%2Fv2%2Fproduct_cat&post=803"},{"taxonomy":"product_tag","embeddable":true,"href":"https:\/\/teknapower.com.br\/index.php?rest_route=%2Fwp%2Fv2%2Fproduct_tag&post=803"}],"curies":[{"name":"wp","href":"https:\/\/api.w.org\/{rel}","templated":true}]}}