{"id":7623,"date":"2024-04-10T08:23:22","date_gmt":"2024-04-10T11:23:22","guid":{"rendered":"https:\/\/teknapower.com.br\/?post_type=product&#038;p=7623"},"modified":"2024-07-29T18:34:49","modified_gmt":"2024-07-29T21:34:49","slug":"perfurador-de-solo-tekna-ea52p","status":"publish","type":"product","link":"https:\/\/teknapower.com.br\/?product=perfurador-de-solo-tekna-ea52p","title":{"rendered":"Perfurador de Solo Tekna \u2013 EA52P"},"content":{"rendered":"<p>Com excelente rendimento e performance, o Perfurador de Solo Tekna EA52P \u00e9 a escolha ideal para perfurar uma variedade de tipos de solo. Especialmente recomendado para atividades como plantio, instala\u00e7\u00e3o de mour\u00f5es, cercas e grades, seu motor de longa durabilidade garante perfura\u00e7\u00f5es precisas com efici\u00eancia e rapidez durante a opera\u00e7\u00e3o.<\/p>\n<p>\u2022 Cilindrada 52 cc<br \/>\n\u2022 Pot\u00eancia 2 HP<br \/>\n\u2022 Capacidade do Tanque 1,2 L<br \/>\n\u2022 Rota\u00e7\u00e3o M\u00e1xima 8500 RPM<br \/>\n\u2022 Broca de at\u00e9 300 mm<\/p>\n","protected":false},"excerpt":{"rendered":"<p>O Perfurador de Solo Tekna EA52P \u00e9 equipado com um motor a gasolina de 52 CC e 2 HP, de dois tempos. Sua leveza e pot\u00eancia balanceada proporcionam uma opera\u00e7\u00e3o confort\u00e1vel, com baixa vibra\u00e7\u00e3o, ideal para ser utilizado por um \u00fanico operador.<\/p>\n<p>Caracter\u00edsticas:<br \/>\n&#8211; Robusto e compacto<br \/>\n&#8211; Baixa vibra\u00e7\u00e3o<br \/>\n&#8211; Sem broca<br \/>\n&#8211; Para 01 operador<\/p>\n","protected":false},"featured_media":7627,"comment_status":"open","ping_status":"closed","template":"","meta":[],"pwb-brand":[],"product_cat":[772,35,125],"product_tag":[296,295,291,292,293,294],"class_list":{"0":"post-7623","1":"product","2":"type-product","3":"status-publish","4":"has-post-thumbnail","6":"product_cat-linha-plus","7":"product_cat-agricola","8":"product_cat-perfurador-de-solo","9":"product_tag-equipamentos-agricolas-de-solo","10":"product_tag-equipamentos-de-escavacao","11":"product_tag-perfurador-de-solo","12":"product_tag-perfurador-de-solo-a-gasolina","13":"product_tag-perfurador-de-solo-a-gasolina-com-broca","14":"product_tag-perfurador-de-solo-a-gasolina-tekna","16":"first","17":"instock","18":"shipping-taxable","19":"product-type-simple"},"brands":[],"_links":{"self":[{"href":"https:\/\/teknapower.com.br\/index.php?rest_route=\/wp\/v2\/product\/7623","targetHints":{"allow":["GET"]}}],"collection":[{"href":"https:\/\/teknapower.com.br\/index.php?rest_route=\/wp\/v2\/product"}],"about":[{"href":"https:\/\/teknapower.com.br\/index.php?rest_route=\/wp\/v2\/types\/product"}],"replies":[{"embeddable":true,"href":"https:\/\/teknapower.com.br\/index.php?rest_route=%2Fwp%2Fv2%2Fcomments&post=7623"}],"wp:featuredmedia":[{"embeddable":true,"href":"https:\/\/teknapower.com.br\/index.php?rest_route=\/wp\/v2\/media\/7627"}],"wp:attachment":[{"href":"https:\/\/teknapower.com.br\/index.php?rest_route=%2Fwp%2Fv2%2Fmedia&parent=7623"}],"wp:term":[{"taxonomy":"pwb-brand","embeddable":true,"href":"https:\/\/teknapower.com.br\/index.php?rest_route=%2Fwp%2Fv2%2Fpwb-brand&post=7623"},{"taxonomy":"product_cat","embeddable":true,"href":"https:\/\/teknapower.com.br\/index.php?rest_route=%2Fwp%2Fv2%2Fproduct_cat&post=7623"},{"taxonomy":"product_tag","embeddable":true,"href":"https:\/\/teknapower.com.br\/index.php?rest_route=%2Fwp%2Fv2%2Fproduct_tag&post=7623"}],"curies":[{"name":"wp","href":"https:\/\/api.w.org\/{rel}","templated":true}]}}