{"id":7575,"date":"2024-01-29T08:57:01","date_gmt":"2024-01-29T11:57:01","guid":{"rendered":"https:\/\/teknapower.com.br\/produto\/cortador-de-grama-dirigivel-tcg42-19a-copy\/"},"modified":"2025-03-11T12:14:50","modified_gmt":"2025-03-11T15:14:50","slug":"kit-recolhedor-para-cortador-de-grama-kitrec-tcg42","status":"publish","type":"product","link":"https:\/\/teknapower.com.br\/?product=kit-recolhedor-para-cortador-de-grama-kitrec-tcg42","title":{"rendered":"Kit Recolhedor para Cortador de Grama-KITREC-TCG42"},"content":{"rendered":"<p>O Kit Recolhedor possui capacidade de 230 litros.<br \/>\nEle auxilia no recolhimento e armazenamento da grama cortada,<br \/>\ntornando o trabalho de jardinagem mais r\u00e1pido e pr\u00e1tico<\/p>\n<p>\u2022 Recolhedor com dois cestos<br \/>\n\u2022 Peso 19 kg<\/p>\n","protected":false},"excerpt":{"rendered":"<p>O recolhedor KITREC-TCG42 \u00e9 sin\u00f4nimo de praticidade e espa\u00e7o que redefine a experi\u00eancia de cuidar do seu gramado!<br \/>\nEquipado com dois cestos espa\u00e7osos, este dispositivo foi projetado para tornar a tarefa de recolher grama uma<br \/>\nverdadeira experi\u00eancia eficiente e sem esfor\u00e7o.<\/p>\n<p>\u2022 Capacidade de 230 litros<\/p>\n","protected":false},"featured_media":7577,"comment_status":"open","ping_status":"closed","template":"","meta":[],"pwb-brand":[],"product_cat":[313,55],"product_tag":[],"class_list":{"0":"post-7575","1":"product","2":"type-product","3":"status-publish","4":"has-post-thumbnail","6":"product_cat-cortadores","7":"product_cat-acessorios","9":"first","10":"instock","11":"shipping-taxable","12":"product-type-simple"},"brands":[],"_links":{"self":[{"href":"https:\/\/teknapower.com.br\/index.php?rest_route=\/wp\/v2\/product\/7575","targetHints":{"allow":["GET"]}}],"collection":[{"href":"https:\/\/teknapower.com.br\/index.php?rest_route=\/wp\/v2\/product"}],"about":[{"href":"https:\/\/teknapower.com.br\/index.php?rest_route=\/wp\/v2\/types\/product"}],"replies":[{"embeddable":true,"href":"https:\/\/teknapower.com.br\/index.php?rest_route=%2Fwp%2Fv2%2Fcomments&post=7575"}],"wp:featuredmedia":[{"embeddable":true,"href":"https:\/\/teknapower.com.br\/index.php?rest_route=\/wp\/v2\/media\/7577"}],"wp:attachment":[{"href":"https:\/\/teknapower.com.br\/index.php?rest_route=%2Fwp%2Fv2%2Fmedia&parent=7575"}],"wp:term":[{"taxonomy":"pwb-brand","embeddable":true,"href":"https:\/\/teknapower.com.br\/index.php?rest_route=%2Fwp%2Fv2%2Fpwb-brand&post=7575"},{"taxonomy":"product_cat","embeddable":true,"href":"https:\/\/teknapower.com.br\/index.php?rest_route=%2Fwp%2Fv2%2Fproduct_cat&post=7575"},{"taxonomy":"product_tag","embeddable":true,"href":"https:\/\/teknapower.com.br\/index.php?rest_route=%2Fwp%2Fv2%2Fproduct_tag&post=7575"}],"curies":[{"name":"wp","href":"https:\/\/api.w.org\/{rel}","templated":true}]}}