{"id":7573,"date":"2025-01-29T08:15:43","date_gmt":"2025-01-29T11:15:43","guid":{"rendered":"https:\/\/teknapower.com.br\/?post_type=product&#038;p=7573"},"modified":"2026-03-31T08:37:44","modified_gmt":"2026-03-31T11:37:44","slug":"cortador-de-grama-dirigivel-tcg42-19a","status":"publish","type":"product","link":"https:\/\/teknapower.com.br\/?product=cortador-de-grama-dirigivel-tcg42-19a","title":{"rendered":"Cortador de Grama Dirig\u00edvel-TCG42-19A"},"content":{"rendered":"<p>Este cortador possui um sistema de escapamento posicionado na parte inferior do motor, fora do alcance das m\u00e3os, proporcionando uma camada extra de seguran\u00e7a contra poss\u00edveis acidentes. Sua versatilidade faz dele a escolha ideal para grandes \u00e1reas verdes, sendo perfeito para uso em est\u00e1dios de futebol, parques, fazendas e ch\u00e1caras com at\u00e9 8 mil metros quadrados .<\/p>\n<p>\u2022 Rodas acopladas ao deck para proporcionar um corte limpo e uniforme<br \/>\n\u2022 C\u00e2mbio autom\u00e1tico CVT<br \/>\n\u2022 Motor Toyama de 19,5 HP<\/p>\n","protected":false},"excerpt":{"rendered":"<p><span class=\"ui-provider a b c d e f g h i j k l m n o p q r s t u v w x y z ab ac ae af ag ah ai aj ak\" dir=\"ltr\">Eficiente, robusto e seguro, o mais recente lan\u00e7amento da Tekna, \u00e9 equipado com um motor 4 Tempos de 19,5 HP de pot\u00eancia e c\u00e2mbio autom\u00e1tico CVT. O cortador dirig\u00edvel TCG42-19A se destaca com um deck de 42\u2033, duas rodas anti-escalpo e um banco de ajuste personalizado, garantem conforto e qualidade durante a atividade.<\/span><\/p>\n<p>\u2022 Baixo consumo, autonomia de at\u00e9 1,5 horas cont\u00ednuas de corte.<br \/>\n\u2022 Deck 42&#8243; garante agilidade no corte. Al\u00e9m de permitir o uso em \u00e1reas mais estreitas.<br \/>\n\u2022 F\u00e1cil visualiza\u00e7\u00e3o do n\u00edvel de combust\u00edvel.<br \/>\n<em>Kit Recolhedor vendido separadamente.<\/em><\/p>\n","protected":false},"featured_media":8852,"comment_status":"open","ping_status":"closed","template":"","meta":[],"pwb-brand":[],"product_cat":[59],"product_tag":[],"class_list":{"0":"post-7573","1":"product","2":"type-product","3":"status-publish","4":"has-post-thumbnail","6":"product_cat-cortador-de-grama","8":"first","9":"instock","10":"shipping-taxable","11":"product-type-simple"},"brands":[],"_links":{"self":[{"href":"https:\/\/teknapower.com.br\/index.php?rest_route=\/wp\/v2\/product\/7573","targetHints":{"allow":["GET"]}}],"collection":[{"href":"https:\/\/teknapower.com.br\/index.php?rest_route=\/wp\/v2\/product"}],"about":[{"href":"https:\/\/teknapower.com.br\/index.php?rest_route=\/wp\/v2\/types\/product"}],"replies":[{"embeddable":true,"href":"https:\/\/teknapower.com.br\/index.php?rest_route=%2Fwp%2Fv2%2Fcomments&post=7573"}],"wp:featuredmedia":[{"embeddable":true,"href":"https:\/\/teknapower.com.br\/index.php?rest_route=\/wp\/v2\/media\/8852"}],"wp:attachment":[{"href":"https:\/\/teknapower.com.br\/index.php?rest_route=%2Fwp%2Fv2%2Fmedia&parent=7573"}],"wp:term":[{"taxonomy":"pwb-brand","embeddable":true,"href":"https:\/\/teknapower.com.br\/index.php?rest_route=%2Fwp%2Fv2%2Fpwb-brand&post=7573"},{"taxonomy":"product_cat","embeddable":true,"href":"https:\/\/teknapower.com.br\/index.php?rest_route=%2Fwp%2Fv2%2Fproduct_cat&post=7573"},{"taxonomy":"product_tag","embeddable":true,"href":"https:\/\/teknapower.com.br\/index.php?rest_route=%2Fwp%2Fv2%2Fproduct_tag&post=7573"}],"curies":[{"name":"wp","href":"https:\/\/api.w.org\/{rel}","templated":true}]}}