{"id":7553,"date":"2024-07-23T14:56:30","date_gmt":"2024-07-23T17:56:30","guid":{"rendered":"https:\/\/teknapower.com.br\/?post_type=product&#038;p=7553"},"modified":"2026-01-12T10:20:59","modified_gmt":"2026-01-12T13:20:59","slug":"motocultivador-tk90r","status":"publish","type":"product","link":"https:\/\/teknapower.com.br\/?product=motocultivador-tk90r","title":{"rendered":"Motocultivador TK90R"},"content":{"rendered":"<p><iframe loading=\"lazy\" title=\"Motocultivador Tekna | TK90R\" width=\"800\" height=\"450\" src=\"https:\/\/www.youtube.com\/embed\/LWJCv52jReE?feature=oembed\" frameborder=\"0\" allow=\"accelerometer; autoplay; clipboard-write; encrypted-media; gyroscope; picture-in-picture; web-share\" referrerpolicy=\"strict-origin-when-cross-origin\" allowfullscreen><\/iframe><\/p>\n<p>Efici\u00eancia, agilidade e robustez definem o Motocultivador TK90R.<\/p>\n<p>\u2022 Disco de arado, para aprimorar o acabamento nas extremidades dos canteiros<br \/>\n\u2022 Farol integrado, para facilitar as atividades noturnas ou em locais com pouca ilumina\u00e7\u00e3o<br \/>\n\u2022 Rodas de 8&#8243;, para otimizar o deslocamento at\u00e9 a \u00e1rea de cultivo<br \/>\n\u2022 Porta objetos, pr\u00e1tico para armazenamento de ferramentas e acess\u00f3rios<br \/>\n\u2022 Embalagem de madeira, facilitando o empilhamento e transporte do produto<\/p>\n","protected":false},"excerpt":{"rendered":"<p>Desenvolvido para atender diversas necessidades, este equipamento chega para simplificar e aprimorar suas atividades com motor a gasolina de 7HP permite atingir uma velocidade de at\u00e9 8,4 km\/h. Vers\u00e1til, ele pode ser utilizado na agricultura familiar, horticultura, no nivelamento de superf\u00edcie em quadras esportivas de areia ap\u00f3s a chuva, no transporte de carretinha &#8211; suportando at\u00e9 350kg &#8211; e em diversas outras aplica\u00e7\u00f5es.<\/p>\n<p>\u2022 Guid\u00e3o rotacional e regul\u00e1vel<br \/>\n\u2022 Filtro de ar banhado a \u00f3leo<br \/>\n\u2022 24 l\u00e2minas para uma ara\u00e7\u00e3o do solo<br \/>\n\u2022 Entregue de f\u00e1brica com as enxadas modulares montadas<\/p>\n","protected":false},"featured_media":7554,"comment_status":"open","ping_status":"closed","template":"","meta":[],"pwb-brand":[],"product_cat":[776,35,40],"product_tag":[],"class_list":{"0":"post-7553","1":"product","2":"type-product","3":"status-publish","4":"has-post-thumbnail","6":"product_cat-motocultivadores","7":"product_cat-agricola","8":"product_cat-jardim","10":"first","11":"instock","12":"shipping-taxable","13":"product-type-simple"},"brands":[],"_links":{"self":[{"href":"https:\/\/teknapower.com.br\/index.php?rest_route=\/wp\/v2\/product\/7553","targetHints":{"allow":["GET"]}}],"collection":[{"href":"https:\/\/teknapower.com.br\/index.php?rest_route=\/wp\/v2\/product"}],"about":[{"href":"https:\/\/teknapower.com.br\/index.php?rest_route=\/wp\/v2\/types\/product"}],"replies":[{"embeddable":true,"href":"https:\/\/teknapower.com.br\/index.php?rest_route=%2Fwp%2Fv2%2Fcomments&post=7553"}],"wp:featuredmedia":[{"embeddable":true,"href":"https:\/\/teknapower.com.br\/index.php?rest_route=\/wp\/v2\/media\/7554"}],"wp:attachment":[{"href":"https:\/\/teknapower.com.br\/index.php?rest_route=%2Fwp%2Fv2%2Fmedia&parent=7553"}],"wp:term":[{"taxonomy":"pwb-brand","embeddable":true,"href":"https:\/\/teknapower.com.br\/index.php?rest_route=%2Fwp%2Fv2%2Fpwb-brand&post=7553"},{"taxonomy":"product_cat","embeddable":true,"href":"https:\/\/teknapower.com.br\/index.php?rest_route=%2Fwp%2Fv2%2Fproduct_cat&post=7553"},{"taxonomy":"product_tag","embeddable":true,"href":"https:\/\/teknapower.com.br\/index.php?rest_route=%2Fwp%2Fv2%2Fproduct_tag&post=7553"}],"curies":[{"name":"wp","href":"https:\/\/api.w.org\/{rel}","templated":true}]}}