{"id":7507,"date":"2023-12-19T09:28:23","date_gmt":"2023-12-19T12:28:23","guid":{"rendered":"https:\/\/teknapower.com.br\/?post_type=product&#038;p=7507"},"modified":"2025-02-07T15:11:13","modified_gmt":"2025-02-07T18:11:13","slug":"rocadeira-a-gasolina-tekna-rl430p2","status":"publish","type":"product","link":"https:\/\/teknapower.com.br\/?product=rocadeira-a-gasolina-tekna-rl430p2","title":{"rendered":"Ro\u00e7adeira a Gasolina Tekna \u2013 RL430P2"},"content":{"rendered":"<p>A Ro\u00e7adeira a Gasolina Tekna RL430P2 \u00e9 ideal para cortar ou realizar a manuten\u00e7\u00e3o de gramados, jardins, vegeta\u00e7\u00e3o rasteira e \u00e1reas de dif\u00edcil acesso. Ela desempenha o trabalho de forma \u00e1gil e confort\u00e1vel, com guid\u00e3o ergon\u00f4mico tipo bicicleta, proporcionando um alcance amplo e maior mobilidade. Com tubo bipartido, oferece versatilidade, facilitando o transporte e armazenamento. Seu conjunto de acess\u00f3rios inclui um kit com carretel de nylon e l\u00e2mina de corte.<\/p>\n<p>\u2022 Cilindrada 42,7 cc<br \/>\n\u2022 Pot\u00eancia 1,7 HP<br \/>\n\u2022 Capacidade do Tanque 1,2 L<br \/>\n\u2022 Rota\u00e7\u00e3o M\u00e1xima 10000 RPM<\/p>\n","protected":false},"excerpt":{"rendered":"<p>A Ro\u00e7adeira Lateral Tekna RL430P2 possui motor 2 tempos a gasolina, de 42,7 cc e 1,7 HP de pot\u00eancia que proporcionam grande qualidade no corte.<\/p>\n<p>\u2022 L\u00e2mina de corte<br \/>\n\u2022 Carretel de Nylon<br \/>\n\u2022 Tubo bipartido<br \/>\n\u2022 Guid\u00e3o tipo bicicleta<\/p>\n","protected":false},"featured_media":7509,"comment_status":"open","ping_status":"closed","template":"","meta":[],"pwb-brand":[],"product_cat":[772,35,124,40,129],"product_tag":[],"class_list":{"0":"post-7507","1":"product","2":"type-product","3":"status-publish","4":"has-post-thumbnail","6":"product_cat-linha-plus","7":"product_cat-agricola","8":"product_cat-rocadeira","9":"product_cat-jardim","10":"product_cat-rocadeira-jardim","12":"first","13":"instock","14":"shipping-taxable","15":"product-type-simple"},"brands":[],"_links":{"self":[{"href":"https:\/\/teknapower.com.br\/index.php?rest_route=\/wp\/v2\/product\/7507","targetHints":{"allow":["GET"]}}],"collection":[{"href":"https:\/\/teknapower.com.br\/index.php?rest_route=\/wp\/v2\/product"}],"about":[{"href":"https:\/\/teknapower.com.br\/index.php?rest_route=\/wp\/v2\/types\/product"}],"replies":[{"embeddable":true,"href":"https:\/\/teknapower.com.br\/index.php?rest_route=%2Fwp%2Fv2%2Fcomments&post=7507"}],"wp:featuredmedia":[{"embeddable":true,"href":"https:\/\/teknapower.com.br\/index.php?rest_route=\/wp\/v2\/media\/7509"}],"wp:attachment":[{"href":"https:\/\/teknapower.com.br\/index.php?rest_route=%2Fwp%2Fv2%2Fmedia&parent=7507"}],"wp:term":[{"taxonomy":"pwb-brand","embeddable":true,"href":"https:\/\/teknapower.com.br\/index.php?rest_route=%2Fwp%2Fv2%2Fpwb-brand&post=7507"},{"taxonomy":"product_cat","embeddable":true,"href":"https:\/\/teknapower.com.br\/index.php?rest_route=%2Fwp%2Fv2%2Fproduct_cat&post=7507"},{"taxonomy":"product_tag","embeddable":true,"href":"https:\/\/teknapower.com.br\/index.php?rest_route=%2Fwp%2Fv2%2Fproduct_tag&post=7507"}],"curies":[{"name":"wp","href":"https:\/\/api.w.org\/{rel}","templated":true}]}}