{"id":6767,"date":"2023-10-30T14:53:54","date_gmt":"2023-10-30T17:53:54","guid":{"rendered":"https:\/\/teknapower.com.br\/produto\/lavadora-de-alta-pressao-eletrica-hlx200v-2-copy\/"},"modified":"2024-08-30T16:09:40","modified_gmt":"2024-08-30T19:09:40","slug":"lavadora-de-alta-pressao-eletrica-smart-wash-tk1","status":"publish","type":"product","link":"https:\/\/teknapower.com.br\/?product=lavadora-de-alta-pressao-eletrica-smart-wash-tk1","title":{"rendered":"Lavadora de Alta Press\u00e3o El\u00e9trica Tekna \u2013 Smart Wash TK1"},"content":{"rendered":"<p>A Lavadora de Alta Press\u00e3o Smart Wash TK1 conta com press\u00e3o m\u00e1xima de 9 MPa que realiza uma limpeza eficiente e evita o desperd\u00edcio de \u00e1gua. Garante uma opera\u00e7\u00e3o segura com seu sistema de parada Auto-stop, em que faz a parada imediata ao soltar o gatilho. \u00c9 indicada para lavar cal\u00e7adas, pisos, autom\u00f3veis e remover at\u00e9 as sujeiras mais pesadas de \u00e1reas externas. Seu kit de acess\u00f3rios inclui pistola, mangueira de 3 metros e lan\u00e7a regul\u00e1vel.<\/p>\n<p>\u2022 Leve e compacta<br \/>\n\u2022 Motor El\u00e9trico de Escovas<br \/>\n\u2022 Pot\u00eancia de 1000 W<br \/>\n\u2022 Press\u00e3o M\u00e1xima de 9 MPa<br \/>\n\u2022 Vaz\u00e3o M\u00e1xima de 4,5 L\/min<br \/>\n\u2022 Tens\u00e3o 127 V<br \/>\n\u2022 Mangueira de 3 metros<\/p>\n","protected":false},"excerpt":{"rendered":"<p>A Lavadora Tekna Smart Wash TK1 possui motor de 1000 W de pot\u00eancia e conta com uma vaz\u00e3o m\u00e1xima de 4,5 litros por minuto. Leve e compacta, pesa 4kg que a tornam f\u00e1cil de manusear.<\/p>\n<p>\u2022 Motor de Escovas<br \/>\n\u2022 F\u00e1cil Manuseio<br \/>\n\u2022 Bico Regul\u00e1vel Leque<br \/>\n\u2022 F\u00e1cil de Transportar<br \/>\n\u2022 Compacta<br \/>\n\u2022 Pistola Ergon\u00f4mica<\/p>\n","protected":false},"featured_media":7501,"comment_status":"closed","ping_status":"closed","template":"","meta":[],"pwb-brand":[],"product_cat":[83,130],"product_tag":[175,100,101,176,172,174],"class_list":{"0":"post-6767","1":"product","2":"type-product","3":"status-publish","4":"has-post-thumbnail","6":"product_cat-limpeza","7":"product_cat-lavadora-de-alta-pressao","8":"product_tag-equipamentos-de-limpeza","9":"product_tag-lavadora","10":"product_tag-lavadora-de-alta-pressao","11":"product_tag-lavadora-de-alta-pressao-220-v","12":"product_tag-lavadora-de-alta-pressao-eletrica","13":"product_tag-limpeza-de-calcadas","15":"first","16":"instock","17":"shipping-taxable","18":"product-type-simple"},"brands":[],"_links":{"self":[{"href":"https:\/\/teknapower.com.br\/index.php?rest_route=\/wp\/v2\/product\/6767","targetHints":{"allow":["GET"]}}],"collection":[{"href":"https:\/\/teknapower.com.br\/index.php?rest_route=\/wp\/v2\/product"}],"about":[{"href":"https:\/\/teknapower.com.br\/index.php?rest_route=\/wp\/v2\/types\/product"}],"replies":[{"embeddable":true,"href":"https:\/\/teknapower.com.br\/index.php?rest_route=%2Fwp%2Fv2%2Fcomments&post=6767"}],"wp:featuredmedia":[{"embeddable":true,"href":"https:\/\/teknapower.com.br\/index.php?rest_route=\/wp\/v2\/media\/7501"}],"wp:attachment":[{"href":"https:\/\/teknapower.com.br\/index.php?rest_route=%2Fwp%2Fv2%2Fmedia&parent=6767"}],"wp:term":[{"taxonomy":"pwb-brand","embeddable":true,"href":"https:\/\/teknapower.com.br\/index.php?rest_route=%2Fwp%2Fv2%2Fpwb-brand&post=6767"},{"taxonomy":"product_cat","embeddable":true,"href":"https:\/\/teknapower.com.br\/index.php?rest_route=%2Fwp%2Fv2%2Fproduct_cat&post=6767"},{"taxonomy":"product_tag","embeddable":true,"href":"https:\/\/teknapower.com.br\/index.php?rest_route=%2Fwp%2Fv2%2Fproduct_tag&post=6767"}],"curies":[{"name":"wp","href":"https:\/\/api.w.org\/{rel}","templated":true}]}}