{"id":6323,"date":"2025-02-01T14:27:48","date_gmt":"2025-02-01T17:27:48","guid":{"rendered":"https:\/\/teknapower.com.br\/?post_type=product&#038;p=6323"},"modified":"2026-03-31T08:37:36","modified_gmt":"2026-03-31T11:37:36","slug":"cortador-de-grama-dirigivel-tcg42-17m","status":"publish","type":"product","link":"https:\/\/teknapower.com.br\/?product=cortador-de-grama-dirigivel-tcg42-17m","title":{"rendered":"Cortador de Grama Dirig\u00edvel-TCG42-17M"},"content":{"rendered":"<p>Com um deck de 42\u201d, \u00e9 equipado com 02 rodas antiescalpo ajust\u00e1veis, para assegurar um corte seguro sem prejudicar o gramado. Al\u00e9m disso, \u00e9 pr\u00e1tico e ergon\u00f4mico, projetado com um banco com ajuste regul\u00e1vel por meio de um sistema de trilhos, garante qualidade e conforto.<\/p>\n<p>\u2022 Rodas acopladas ao deck para proporcionar um corte limpo e uniforme.<br \/>\n\u2022 O modelo TCG42-17M \u00e9 equipado com c\u00e2mbio manual.<br \/>\n\u2022 Motor Toyama.<\/p>\n","protected":false},"excerpt":{"rendered":"<p>Perfeito para opera\u00e7\u00e3o em terrenos de at\u00e9 8 mil metros quadrados como ch\u00e1caras, est\u00e1dios de futebol e fazendas. O cortador de grama dirig\u00edvel TCG42-17M foi projetado para oferecer o m\u00e1ximo de seguran\u00e7a ao usu\u00e1rio, e conta com escapamento na parte inferior do motor, longe do alcance das m\u00e3os, uma prote\u00e7\u00e3o extra contra acidentes e queimaduras.<\/p>\n<p>\u2022 Baixo consumo, autonomia de at\u00e9 1,5 horas cont\u00ednuas de corte.<br \/>\n\u2022 Deck 42&#8243; garante agilidade no corte. Al\u00e9m de permitir o uso em \u00e1reas mais estreitas.<br \/>\n\u2022 F\u00e1cil visualiza\u00e7\u00e3o do n\u00edvel de combust\u00edvel.<\/p>\n","protected":false},"featured_media":6326,"comment_status":"open","ping_status":"closed","template":"","meta":[],"pwb-brand":[],"product_cat":[59],"product_tag":[],"class_list":{"0":"post-6323","1":"product","2":"type-product","3":"status-publish","4":"has-post-thumbnail","6":"product_cat-cortador-de-grama","8":"first","9":"instock","10":"shipping-taxable","11":"product-type-simple"},"brands":[],"_links":{"self":[{"href":"https:\/\/teknapower.com.br\/index.php?rest_route=\/wp\/v2\/product\/6323","targetHints":{"allow":["GET"]}}],"collection":[{"href":"https:\/\/teknapower.com.br\/index.php?rest_route=\/wp\/v2\/product"}],"about":[{"href":"https:\/\/teknapower.com.br\/index.php?rest_route=\/wp\/v2\/types\/product"}],"replies":[{"embeddable":true,"href":"https:\/\/teknapower.com.br\/index.php?rest_route=%2Fwp%2Fv2%2Fcomments&post=6323"}],"wp:featuredmedia":[{"embeddable":true,"href":"https:\/\/teknapower.com.br\/index.php?rest_route=\/wp\/v2\/media\/6326"}],"wp:attachment":[{"href":"https:\/\/teknapower.com.br\/index.php?rest_route=%2Fwp%2Fv2%2Fmedia&parent=6323"}],"wp:term":[{"taxonomy":"pwb-brand","embeddable":true,"href":"https:\/\/teknapower.com.br\/index.php?rest_route=%2Fwp%2Fv2%2Fpwb-brand&post=6323"},{"taxonomy":"product_cat","embeddable":true,"href":"https:\/\/teknapower.com.br\/index.php?rest_route=%2Fwp%2Fv2%2Fproduct_cat&post=6323"},{"taxonomy":"product_tag","embeddable":true,"href":"https:\/\/teknapower.com.br\/index.php?rest_route=%2Fwp%2Fv2%2Fproduct_tag&post=6323"}],"curies":[{"name":"wp","href":"https:\/\/api.w.org\/{rel}","templated":true}]}}