{"id":4342,"date":"2022-12-30T17:47:18","date_gmt":"2022-12-30T20:47:18","guid":{"rendered":"https:\/\/teknapower.com.br\/?post_type=product&#038;p=4342"},"modified":"2024-07-10T11:13:35","modified_gmt":"2024-07-10T14:13:35","slug":"motosserra-a-gasolina-tekna-cs60rsp18","status":"publish","type":"product","link":"https:\/\/teknapower.com.br\/?product=motosserra-a-gasolina-tekna-cs60rsp18","title":{"rendered":"Motosserra a Gasolina Tekna com sabre de 18&#8243; \u2013 CS60RSP18"},"content":{"rendered":"<p>Equipada com motor a gasolina 2 tempos, de alto desempenho e rendimento, a motosserra CS60RSP18 realiza partidas f\u00e1ceis. \u00c9 indicada para o uso profissional em corte de \u00e1rvores, corte de lenha, marcenaria e podas de \u00e1rvores. Seu sistema antivibrat\u00f3rio e o freio de seguran\u00e7a, geram estabilidade \u00e0 opera\u00e7\u00e3o, tornando-a mais confort\u00e1vel e segura. Conta com vela Champion e carca\u00e7a em magn\u00e9sio que aliada \u00e0 bomba de \u00f3leo autom\u00e1tica, completam as pe\u00e7as de alta qualidade, proporcionando baixa manuten\u00e7\u00e3o e garantindo a vida \u00fatil do equipamento. Acompanha kit de ferramentas.<\/p>\n<p>\u2022 Cilindrada 55,6 cc<br \/>\n\u2022 Pot\u00eancia 4,29 HP<br \/>\n\u2022 Sabre Tekna 18SN<br \/>\n\u2022 Passo\/calibre 3\/8 x 0,058 73D<br \/>\n\u2022 Rota\u00e7\u00e3o M\u00e1xima de 13500 rpm<\/p>\n","protected":false},"excerpt":{"rendered":"<p>A Motosserra Tekna CS60RSP18 une resist\u00eancia e durabilidade, equipada com pe\u00e7as de alta qualidade e motor de 55,6 cilindradas \u00e9 capaz de realizar cortes precisos sem exigir grandes esfor\u00e7os. Acompanha corrente Oregon e Sabre Tekna.<\/p>\n<p>\u2022 Com Sabre Tekna<br \/>\n\u2022 Corrente Oregon<br \/>\n\u2022 Bomba de \u00d3leo Autom\u00e1tica<br \/>\n\u2022 Freio de Seguran\u00e7a<br \/>\n\u2022 Sistema Anti-vibrat\u00f3rio<\/p>\n","protected":false},"featured_media":4343,"comment_status":"open","ping_status":"closed","template":"","meta":[],"pwb-brand":[],"product_cat":[35,120,40,128],"product_tag":[],"class_list":{"0":"post-4342","1":"product","2":"type-product","3":"status-publish","4":"has-post-thumbnail","6":"product_cat-agricola","7":"product_cat-motosserra","8":"product_cat-jardim","9":"product_cat-motosserra-jardim","11":"first","12":"instock","13":"shipping-taxable","14":"product-type-simple"},"brands":[],"_links":{"self":[{"href":"https:\/\/teknapower.com.br\/index.php?rest_route=\/wp\/v2\/product\/4342","targetHints":{"allow":["GET"]}}],"collection":[{"href":"https:\/\/teknapower.com.br\/index.php?rest_route=\/wp\/v2\/product"}],"about":[{"href":"https:\/\/teknapower.com.br\/index.php?rest_route=\/wp\/v2\/types\/product"}],"replies":[{"embeddable":true,"href":"https:\/\/teknapower.com.br\/index.php?rest_route=%2Fwp%2Fv2%2Fcomments&post=4342"}],"wp:featuredmedia":[{"embeddable":true,"href":"https:\/\/teknapower.com.br\/index.php?rest_route=\/wp\/v2\/media\/4343"}],"wp:attachment":[{"href":"https:\/\/teknapower.com.br\/index.php?rest_route=%2Fwp%2Fv2%2Fmedia&parent=4342"}],"wp:term":[{"taxonomy":"pwb-brand","embeddable":true,"href":"https:\/\/teknapower.com.br\/index.php?rest_route=%2Fwp%2Fv2%2Fpwb-brand&post=4342"},{"taxonomy":"product_cat","embeddable":true,"href":"https:\/\/teknapower.com.br\/index.php?rest_route=%2Fwp%2Fv2%2Fproduct_cat&post=4342"},{"taxonomy":"product_tag","embeddable":true,"href":"https:\/\/teknapower.com.br\/index.php?rest_route=%2Fwp%2Fv2%2Fproduct_tag&post=4342"}],"curies":[{"name":"wp","href":"https:\/\/api.w.org\/{rel}","templated":true}]}}