{"id":4325,"date":"2022-11-23T11:16:32","date_gmt":"2022-11-23T14:16:32","guid":{"rendered":"https:\/\/teknapower.com.br\/?post_type=product&#038;p=4325"},"modified":"2025-02-07T15:13:04","modified_gmt":"2025-02-07T18:13:04","slug":"rocadeira-a-gasolina-tekna-rl520acn-tk","status":"publish","type":"product","link":"https:\/\/teknapower.com.br\/?product=rocadeira-a-gasolina-tekna-rl520acn-tk","title":{"rendered":"Ro\u00e7adeira a Gasolina Tekna \u2013 RL520ACN \u2013 TK"},"content":{"rendered":"<p>A Ro\u00e7adeira a Gasolina Tekna RL520ACN-TK \u00e9 ideal para corte ou manuten\u00e7\u00e3o de gramados, jardins e vegeta\u00e7\u00e3o rasteira. Adequada para uso frequente, ela realiza o trabalho de forma \u00e1gil e confort\u00e1vel, com guid\u00e3o ergon\u00f4mico lateral, permite um alcance amplo e maior mobilidade, capaz de aumentar a produtividade di\u00e1ria. Seu conjunto de acess\u00f3rios inclui kit de ferramentas, cinto de suporte, carretel de nylon e l\u00e2mina de corte.<\/p>\n<p>\u2022 Cilindrada 51,6 cc<br \/>\n\u2022 Pot\u00eancia 2,0 HP<br \/>\n\u2022 Capacidade do Tanque 800 ml<br \/>\n\u2022 Rota\u00e7\u00e3o M\u00e1xima 9000 RPM<\/p>\n","protected":false},"excerpt":{"rendered":"<p>A Ro\u00e7adeira Lateral Tekna RL520ACN-TK possui motor 2 tempos a gasolina, de 51,6 cc e 2,0 HP de pot\u00eancia que proporcionam grande qualidade no corte.<\/p>\n<p>\u2022 Kit de Ferramentas<br \/>\n\u2022 Cinto de Suporte<br \/>\n\u2022 L\u00e2mina de 3 pontas<br \/>\n\u2022 Carretel de Nylon<\/p>\n","protected":false},"featured_media":4326,"comment_status":"open","ping_status":"closed","template":"","meta":[],"pwb-brand":[],"product_cat":[40,129],"product_tag":[],"class_list":{"0":"post-4325","1":"product","2":"type-product","3":"status-publish","4":"has-post-thumbnail","6":"product_cat-jardim","7":"product_cat-rocadeira-jardim","9":"first","10":"instock","11":"shipping-taxable","12":"product-type-simple"},"brands":[],"_links":{"self":[{"href":"https:\/\/teknapower.com.br\/index.php?rest_route=\/wp\/v2\/product\/4325","targetHints":{"allow":["GET"]}}],"collection":[{"href":"https:\/\/teknapower.com.br\/index.php?rest_route=\/wp\/v2\/product"}],"about":[{"href":"https:\/\/teknapower.com.br\/index.php?rest_route=\/wp\/v2\/types\/product"}],"replies":[{"embeddable":true,"href":"https:\/\/teknapower.com.br\/index.php?rest_route=%2Fwp%2Fv2%2Fcomments&post=4325"}],"wp:featuredmedia":[{"embeddable":true,"href":"https:\/\/teknapower.com.br\/index.php?rest_route=\/wp\/v2\/media\/4326"}],"wp:attachment":[{"href":"https:\/\/teknapower.com.br\/index.php?rest_route=%2Fwp%2Fv2%2Fmedia&parent=4325"}],"wp:term":[{"taxonomy":"pwb-brand","embeddable":true,"href":"https:\/\/teknapower.com.br\/index.php?rest_route=%2Fwp%2Fv2%2Fpwb-brand&post=4325"},{"taxonomy":"product_cat","embeddable":true,"href":"https:\/\/teknapower.com.br\/index.php?rest_route=%2Fwp%2Fv2%2Fproduct_cat&post=4325"},{"taxonomy":"product_tag","embeddable":true,"href":"https:\/\/teknapower.com.br\/index.php?rest_route=%2Fwp%2Fv2%2Fproduct_tag&post=4325"}],"curies":[{"name":"wp","href":"https:\/\/api.w.org\/{rel}","templated":true}]}}