{"id":4321,"date":"2022-11-22T16:12:30","date_gmt":"2022-11-22T19:12:30","guid":{"rendered":"https:\/\/teknapower.com.br\/?post_type=product&#038;p=4321"},"modified":"2025-02-07T15:13:03","modified_gmt":"2025-02-07T18:13:03","slug":"tekna-lub","status":"publish","type":"product","link":"https:\/\/teknapower.com.br\/?product=tekna-lub","title":{"rendered":"TEKNA LUB"},"content":{"rendered":"<p>O TEKNA LUB \u00e9 um Lubrificante Mineral ISO VG100, tipo HLP, que protege os componentes contra oxida\u00e7\u00e3o e corros\u00e3o. Al\u00e9m de manter limpas as pe\u00e7as internas, tem como principal benef\u00edcio o aux\u00edlio no arrefecimento e na veda\u00e7\u00e3o dos espa\u00e7os e circuitos submetidos a press\u00e3o.<\/p>\n<ul>\n<li>Antidesgastante<\/li>\n<li>Anticorrosivo<\/li>\n<li>Antiespumante<\/li>\n<li>Melhor Performance<\/li>\n<\/ul>\n<p>&nbsp;<\/p>\n<p><em>Consulte aqui as informa\u00e7\u00f5es de seguran\u00e7a: <a href=\"https:\/\/teknapower.com.br\/wp-content\/uploads\/2022\/11\/FISPQ-TEKNA-LUB.pdf\">FISPQ-TEKNA-LUB<\/a><\/em><\/p>\n","protected":false},"excerpt":{"rendered":"<p>O \u00f3leo TEKNA LUB \u00e9 altamente recomendado para o uso em compressores de ar alternativos de pist\u00e3o, pois ajuda e facilita as partidas. Favorece a mobilidade das partes e mant\u00e9m lubrificados os componentes, evitando a forma\u00e7\u00e3o de espuma e prevenindo-os de desgastes prematuros.<\/p>\n<p>&nbsp;<\/p>\n","protected":false},"featured_media":4322,"comment_status":"open","ping_status":"closed","template":"","meta":[],"pwb-brand":[],"product_cat":[55],"product_tag":[],"class_list":{"0":"post-4321","1":"product","2":"type-product","3":"status-publish","4":"has-post-thumbnail","6":"product_cat-acessorios","8":"first","9":"instock","10":"shipping-taxable","11":"product-type-simple"},"brands":[],"_links":{"self":[{"href":"https:\/\/teknapower.com.br\/index.php?rest_route=\/wp\/v2\/product\/4321","targetHints":{"allow":["GET"]}}],"collection":[{"href":"https:\/\/teknapower.com.br\/index.php?rest_route=\/wp\/v2\/product"}],"about":[{"href":"https:\/\/teknapower.com.br\/index.php?rest_route=\/wp\/v2\/types\/product"}],"replies":[{"embeddable":true,"href":"https:\/\/teknapower.com.br\/index.php?rest_route=%2Fwp%2Fv2%2Fcomments&post=4321"}],"wp:featuredmedia":[{"embeddable":true,"href":"https:\/\/teknapower.com.br\/index.php?rest_route=\/wp\/v2\/media\/4322"}],"wp:attachment":[{"href":"https:\/\/teknapower.com.br\/index.php?rest_route=%2Fwp%2Fv2%2Fmedia&parent=4321"}],"wp:term":[{"taxonomy":"pwb-brand","embeddable":true,"href":"https:\/\/teknapower.com.br\/index.php?rest_route=%2Fwp%2Fv2%2Fpwb-brand&post=4321"},{"taxonomy":"product_cat","embeddable":true,"href":"https:\/\/teknapower.com.br\/index.php?rest_route=%2Fwp%2Fv2%2Fproduct_cat&post=4321"},{"taxonomy":"product_tag","embeddable":true,"href":"https:\/\/teknapower.com.br\/index.php?rest_route=%2Fwp%2Fv2%2Fproduct_tag&post=4321"}],"curies":[{"name":"wp","href":"https:\/\/api.w.org\/{rel}","templated":true}]}}