{"id":4245,"date":"2022-08-01T10:49:54","date_gmt":"2022-08-01T13:49:54","guid":{"rendered":"https:\/\/teknapower.com.br\/?post_type=product&#038;p=4245"},"modified":"2024-07-10T12:45:58","modified_gmt":"2024-07-10T15:45:58","slug":"motosserra-a-gasolina-tekna-cs25s-gii","status":"publish","type":"product","link":"https:\/\/teknapower.com.br\/?product=motosserra-a-gasolina-tekna-cs25s-gii","title":{"rendered":"Motosserra a Gasolina Tekna com sabre de 12&#8243; \u2013 CS25S"},"content":{"rendered":"<p>Desenvolvida para uso ocasional, a motosserra CS25S12 \u00e9 adequada para cortes finos e precisos de \u00e1rvores, lenha, carpintaria e podas de \u00e1rvores de pequeno porte e de galhos em alturas. Equipada com sistema anti vibrat\u00f3rio que diminui a vibra\u00e7\u00e3o durante o uso, garante mais precis\u00e3o no corte e estabilidade na opera\u00e7\u00e3o. \u00c9 fabricado com pe\u00e7as de alta qualidade e bomba de \u00f3leo autom\u00e1tica, que al\u00e9m de proporcionar baixa manuten\u00e7\u00e3o, garantem a vida \u00fatil do conjunto de corte.<\/p>\n<p>&nbsp;<\/p>\n<p>\u2022 Cilindrada 25,4 cc<br \/>\n\u2022 Pot\u00eancia 1.14 HP<br \/>\n\u2022 Sabre Tekna de 12\u201d SN<br \/>\n\u2022 Passo\/calibre 3\/8\u201d x 0,050\u201d 91P<br \/>\n\u2022 Rota\u00e7\u00e3o M\u00e1xima de 10000 rpm<\/p>\n<p>&nbsp;<\/p>\n","protected":false},"excerpt":{"rendered":"<p>A Motosserra Tekna CS25S \u2013 GII tem um design ergon\u00f4mico, \u00e9 compacta, de f\u00e1cil manejo, confort\u00e1vel e leve. Possui um motor de 1.14 HP de pot\u00eancia, 25,4 cilindradas e sabre Tekna de 12\u201d.<\/p>\n<p>\u2022 Com Sabre Tekna<br \/>\n\u2022 Bomba de \u00d3leo Autom\u00e1tica<br \/>\n\u2022 Carca\u00e7a de Magn\u00e9sio<br \/>\n\u2022 Sistema Anti-vibrat\u00f3rio<\/p>\n","protected":false},"featured_media":4247,"comment_status":"open","ping_status":"closed","template":"","meta":[],"pwb-brand":[],"product_cat":[35,120,40,128],"product_tag":[],"class_list":{"0":"post-4245","1":"product","2":"type-product","3":"status-publish","4":"has-post-thumbnail","6":"product_cat-agricola","7":"product_cat-motosserra","8":"product_cat-jardim","9":"product_cat-motosserra-jardim","11":"first","12":"instock","13":"shipping-taxable","14":"product-type-simple"},"brands":[],"_links":{"self":[{"href":"https:\/\/teknapower.com.br\/index.php?rest_route=\/wp\/v2\/product\/4245","targetHints":{"allow":["GET"]}}],"collection":[{"href":"https:\/\/teknapower.com.br\/index.php?rest_route=\/wp\/v2\/product"}],"about":[{"href":"https:\/\/teknapower.com.br\/index.php?rest_route=\/wp\/v2\/types\/product"}],"replies":[{"embeddable":true,"href":"https:\/\/teknapower.com.br\/index.php?rest_route=%2Fwp%2Fv2%2Fcomments&post=4245"}],"wp:featuredmedia":[{"embeddable":true,"href":"https:\/\/teknapower.com.br\/index.php?rest_route=\/wp\/v2\/media\/4247"}],"wp:attachment":[{"href":"https:\/\/teknapower.com.br\/index.php?rest_route=%2Fwp%2Fv2%2Fmedia&parent=4245"}],"wp:term":[{"taxonomy":"pwb-brand","embeddable":true,"href":"https:\/\/teknapower.com.br\/index.php?rest_route=%2Fwp%2Fv2%2Fpwb-brand&post=4245"},{"taxonomy":"product_cat","embeddable":true,"href":"https:\/\/teknapower.com.br\/index.php?rest_route=%2Fwp%2Fv2%2Fproduct_cat&post=4245"},{"taxonomy":"product_tag","embeddable":true,"href":"https:\/\/teknapower.com.br\/index.php?rest_route=%2Fwp%2Fv2%2Fproduct_tag&post=4245"}],"curies":[{"name":"wp","href":"https:\/\/api.w.org\/{rel}","templated":true}]}}