{"id":4206,"date":"2022-06-21T15:50:57","date_gmt":"2022-06-21T18:50:57","guid":{"rendered":"https:\/\/teknapower.com.br\/?post_type=product&#038;p=4206"},"modified":"2025-02-07T15:13:08","modified_gmt":"2025-02-07T18:13:08","slug":"cortador-de-grama-a-gasolina-tekna-t510tlrg60l","status":"publish","type":"product","link":"https:\/\/teknapower.com.br\/?product=cortador-de-grama-a-gasolina-tekna-t510tlrg60l","title":{"rendered":"Cortador de Grama a Gasolina Tekna \u2013 T510TLRG60L"},"content":{"rendered":"<p>O Cortador de Grama a Gasolina Tekna T510TLRG60L \u00e9 ideal para manuten\u00e7\u00e3o do gramado em grandes \u00e1reas, tanto planas como irregulares. \u00c9 equipado com recolhedor traseiro capaz de armazenar at\u00e9 60 litros de grama, 510 mm de di\u00e2metro de corte, que desempenham um trabalho de alto rendimento em menos tempo. Proporciona economia de combust\u00edvel e menor emiss\u00e3o de gases poluentes.<\/p>\n<p>\u2022 Pot\u00eancia 6.0HP<br \/>\n\u2022 Di\u00e2metro de corte \u00d8 510 mm<br \/>\n\u2022 Recolhedor Traseiro de 60 L<\/p>\n","protected":false},"excerpt":{"rendered":"<p>O Cortador de Grama Tekna \u00e9 equipado com motor 4 tempos a gasolina e 6.0 HP de pot\u00eancia. Disp\u00f5e de 7 ajustes de altura de corte e 4 op\u00e7\u00f5es de uso, recolhedor, reciclador, sa\u00edda lateral e sa\u00edda traseira de grama.<\/p>\n<p>\u2022 Com 4 op\u00e7\u00f5es de uso<br \/>\n\u2022 Rodas com tra\u00e7\u00e3o<br \/>\n\u2022 7 Alturas de corte<\/p>\n","protected":false},"featured_media":4207,"comment_status":"open","ping_status":"closed","template":"","meta":[],"pwb-brand":[],"product_cat":[59],"product_tag":[],"class_list":{"0":"post-4206","1":"product","2":"type-product","3":"status-publish","4":"has-post-thumbnail","6":"product_cat-cortador-de-grama","8":"first","9":"instock","10":"shipping-taxable","11":"product-type-simple"},"brands":[],"_links":{"self":[{"href":"https:\/\/teknapower.com.br\/index.php?rest_route=\/wp\/v2\/product\/4206","targetHints":{"allow":["GET"]}}],"collection":[{"href":"https:\/\/teknapower.com.br\/index.php?rest_route=\/wp\/v2\/product"}],"about":[{"href":"https:\/\/teknapower.com.br\/index.php?rest_route=\/wp\/v2\/types\/product"}],"replies":[{"embeddable":true,"href":"https:\/\/teknapower.com.br\/index.php?rest_route=%2Fwp%2Fv2%2Fcomments&post=4206"}],"wp:featuredmedia":[{"embeddable":true,"href":"https:\/\/teknapower.com.br\/index.php?rest_route=\/wp\/v2\/media\/4207"}],"wp:attachment":[{"href":"https:\/\/teknapower.com.br\/index.php?rest_route=%2Fwp%2Fv2%2Fmedia&parent=4206"}],"wp:term":[{"taxonomy":"pwb-brand","embeddable":true,"href":"https:\/\/teknapower.com.br\/index.php?rest_route=%2Fwp%2Fv2%2Fpwb-brand&post=4206"},{"taxonomy":"product_cat","embeddable":true,"href":"https:\/\/teknapower.com.br\/index.php?rest_route=%2Fwp%2Fv2%2Fproduct_cat&post=4206"},{"taxonomy":"product_tag","embeddable":true,"href":"https:\/\/teknapower.com.br\/index.php?rest_route=%2Fwp%2Fv2%2Fproduct_tag&post=4206"}],"curies":[{"name":"wp","href":"https:\/\/api.w.org\/{rel}","templated":true}]}}