{"id":4023,"date":"2021-08-26T10:44:08","date_gmt":"2021-08-26T13:44:08","guid":{"rendered":"https:\/\/teknapower.com.br\/?post_type=product&#038;p=4023"},"modified":"2021-08-26T10:44:08","modified_gmt":"2021-08-26T13:44:08","slug":"carregador-de-bateria-cb24f","status":"publish","type":"product","link":"https:\/\/teknapower.com.br\/?product=carregador-de-bateria-cb24f","title":{"rendered":"Carregador de Bateria \u2013 CB24F"},"content":{"rendered":"","protected":false},"excerpt":{"rendered":"<p>Carregador de Bateria Bivolt, classe 2, para Baterias 24V MAX. Com entrada de 100-240V \/ 60Hz \u2013 70W e sa\u00edda de 25,2V 2A. Port\u00e1til e compacto, de f\u00e1cil armazenamento.<\/p>\n<p>Compat\u00edvel com Bateria 24V MAX.<\/p>\n","protected":false},"featured_media":4024,"comment_status":"open","ping_status":"closed","template":"","meta":[],"pwb-brand":[],"product_cat":[303,55],"product_tag":[],"class_list":{"0":"post-4023","1":"product","2":"type-product","3":"status-publish","4":"has-post-thumbnail","6":"product_cat-bateria","7":"product_cat-acessorios","9":"first","10":"instock","11":"shipping-taxable","12":"product-type-simple"},"brands":[],"_links":{"self":[{"href":"https:\/\/teknapower.com.br\/index.php?rest_route=\/wp\/v2\/product\/4023","targetHints":{"allow":["GET"]}}],"collection":[{"href":"https:\/\/teknapower.com.br\/index.php?rest_route=\/wp\/v2\/product"}],"about":[{"href":"https:\/\/teknapower.com.br\/index.php?rest_route=\/wp\/v2\/types\/product"}],"replies":[{"embeddable":true,"href":"https:\/\/teknapower.com.br\/index.php?rest_route=%2Fwp%2Fv2%2Fcomments&post=4023"}],"wp:featuredmedia":[{"embeddable":true,"href":"https:\/\/teknapower.com.br\/index.php?rest_route=\/wp\/v2\/media\/4024"}],"wp:attachment":[{"href":"https:\/\/teknapower.com.br\/index.php?rest_route=%2Fwp%2Fv2%2Fmedia&parent=4023"}],"wp:term":[{"taxonomy":"pwb-brand","embeddable":true,"href":"https:\/\/teknapower.com.br\/index.php?rest_route=%2Fwp%2Fv2%2Fpwb-brand&post=4023"},{"taxonomy":"product_cat","embeddable":true,"href":"https:\/\/teknapower.com.br\/index.php?rest_route=%2Fwp%2Fv2%2Fproduct_cat&post=4023"},{"taxonomy":"product_tag","embeddable":true,"href":"https:\/\/teknapower.com.br\/index.php?rest_route=%2Fwp%2Fv2%2Fproduct_tag&post=4023"}],"curies":[{"name":"wp","href":"https:\/\/api.w.org\/{rel}","templated":true}]}}