{"id":4004,"date":"2021-08-26T08:24:59","date_gmt":"2021-08-26T11:24:59","guid":{"rendered":"https:\/\/teknapower.com.br\/?post_type=product&#038;p=4004"},"modified":"2021-08-26T08:24:59","modified_gmt":"2021-08-26T11:24:59","slug":"lamina-de-corte-ea520260","status":"publish","type":"product","link":"https:\/\/teknapower.com.br\/?product=lamina-de-corte-ea520260","title":{"rendered":"L\u00e2mina de Corte \u2013 EA520260"},"content":{"rendered":"","protected":false},"excerpt":{"rendered":"<p>L\u00e2mina de Corte para Broca de \u00f8 150mm do Perfurador de Solo EA52XS, que oferece qualidade e precis\u00e3o no corte.<\/p>\n<p>Compat\u00edvel com Broca EA52S150.<\/p>\n","protected":false},"featured_media":4005,"comment_status":"open","ping_status":"closed","template":"","meta":[],"pwb-brand":[],"product_cat":[309,55],"product_tag":[],"class_list":{"0":"post-4004","1":"product","2":"type-product","3":"status-publish","4":"has-post-thumbnail","6":"product_cat-perfuradores-de-solo-acessorios","7":"product_cat-acessorios","9":"first","10":"instock","11":"shipping-taxable","12":"product-type-simple"},"brands":[],"_links":{"self":[{"href":"https:\/\/teknapower.com.br\/index.php?rest_route=\/wp\/v2\/product\/4004","targetHints":{"allow":["GET"]}}],"collection":[{"href":"https:\/\/teknapower.com.br\/index.php?rest_route=\/wp\/v2\/product"}],"about":[{"href":"https:\/\/teknapower.com.br\/index.php?rest_route=\/wp\/v2\/types\/product"}],"replies":[{"embeddable":true,"href":"https:\/\/teknapower.com.br\/index.php?rest_route=%2Fwp%2Fv2%2Fcomments&post=4004"}],"wp:featuredmedia":[{"embeddable":true,"href":"https:\/\/teknapower.com.br\/index.php?rest_route=\/wp\/v2\/media\/4005"}],"wp:attachment":[{"href":"https:\/\/teknapower.com.br\/index.php?rest_route=%2Fwp%2Fv2%2Fmedia&parent=4004"}],"wp:term":[{"taxonomy":"pwb-brand","embeddable":true,"href":"https:\/\/teknapower.com.br\/index.php?rest_route=%2Fwp%2Fv2%2Fpwb-brand&post=4004"},{"taxonomy":"product_cat","embeddable":true,"href":"https:\/\/teknapower.com.br\/index.php?rest_route=%2Fwp%2Fv2%2Fproduct_cat&post=4004"},{"taxonomy":"product_tag","embeddable":true,"href":"https:\/\/teknapower.com.br\/index.php?rest_route=%2Fwp%2Fv2%2Fproduct_tag&post=4004"}],"curies":[{"name":"wp","href":"https:\/\/api.w.org\/{rel}","templated":true}]}}