{"id":3992,"date":"2021-08-25T17:29:56","date_gmt":"2021-08-25T20:29:56","guid":{"rendered":"https:\/\/teknapower.com.br\/?post_type=product&#038;p=3992"},"modified":"2021-08-25T17:29:56","modified_gmt":"2021-08-25T20:29:56","slug":"lamina-de-corte-de-60-mm-ea52s144a","status":"publish","type":"product","link":"https:\/\/teknapower.com.br\/?product=lamina-de-corte-de-60-mm-ea52s144a","title":{"rendered":"L\u00e2mina de Corte de 60 mm \u2013 EA52S144A"},"content":{"rendered":"","protected":false},"excerpt":{"rendered":"<p>L\u00e2mina Lisa de Corte de 60 mm para Broca Simples de \u00f8 150mm do Perfurador de Solo EA52XS, que oferece qualidade e precis\u00e3o no corte.<\/p>\n","protected":false},"featured_media":3993,"comment_status":"open","ping_status":"closed","template":"","meta":[],"pwb-brand":[],"product_cat":[309,55],"product_tag":[],"class_list":{"0":"post-3992","1":"product","2":"type-product","3":"status-publish","4":"has-post-thumbnail","6":"product_cat-perfuradores-de-solo-acessorios","7":"product_cat-acessorios","9":"first","10":"instock","11":"shipping-taxable","12":"product-type-simple"},"brands":[],"_links":{"self":[{"href":"https:\/\/teknapower.com.br\/index.php?rest_route=\/wp\/v2\/product\/3992","targetHints":{"allow":["GET"]}}],"collection":[{"href":"https:\/\/teknapower.com.br\/index.php?rest_route=\/wp\/v2\/product"}],"about":[{"href":"https:\/\/teknapower.com.br\/index.php?rest_route=\/wp\/v2\/types\/product"}],"replies":[{"embeddable":true,"href":"https:\/\/teknapower.com.br\/index.php?rest_route=%2Fwp%2Fv2%2Fcomments&post=3992"}],"wp:featuredmedia":[{"embeddable":true,"href":"https:\/\/teknapower.com.br\/index.php?rest_route=\/wp\/v2\/media\/3993"}],"wp:attachment":[{"href":"https:\/\/teknapower.com.br\/index.php?rest_route=%2Fwp%2Fv2%2Fmedia&parent=3992"}],"wp:term":[{"taxonomy":"pwb-brand","embeddable":true,"href":"https:\/\/teknapower.com.br\/index.php?rest_route=%2Fwp%2Fv2%2Fpwb-brand&post=3992"},{"taxonomy":"product_cat","embeddable":true,"href":"https:\/\/teknapower.com.br\/index.php?rest_route=%2Fwp%2Fv2%2Fproduct_cat&post=3992"},{"taxonomy":"product_tag","embeddable":true,"href":"https:\/\/teknapower.com.br\/index.php?rest_route=%2Fwp%2Fv2%2Fproduct_tag&post=3992"}],"curies":[{"name":"wp","href":"https:\/\/api.w.org\/{rel}","templated":true}]}}