{"id":3923,"date":"2021-08-24T15:14:55","date_gmt":"2021-08-24T18:14:55","guid":{"rendered":"https:\/\/teknapower.com.br\/?post_type=product&#038;p=3923"},"modified":"2021-08-24T15:14:55","modified_gmt":"2021-08-24T18:14:55","slug":"extensor-de-1000-mm-para-broca-709-0303","status":"publish","type":"product","link":"https:\/\/teknapower.com.br\/?product=extensor-de-1000-mm-para-broca-709-0303","title":{"rendered":"Extensor de 1000 mm para Broca \u2013 709-0303"},"content":{"rendered":"","protected":false},"excerpt":{"rendered":"<p>Extensor de 1000 mm, para Brocas. Fabricado em a\u00e7o, \u00e9 resistente e funcional, pois permite a realiza\u00e7\u00e3o de perfura\u00e7\u00f5es mais profundas.<\/p>\n","protected":false},"featured_media":3924,"comment_status":"open","ping_status":"closed","template":"","meta":[],"pwb-brand":[],"product_cat":[309,55],"product_tag":[],"class_list":{"0":"post-3923","1":"product","2":"type-product","3":"status-publish","4":"has-post-thumbnail","6":"product_cat-perfuradores-de-solo-acessorios","7":"product_cat-acessorios","9":"first","10":"instock","11":"shipping-taxable","12":"product-type-simple"},"brands":[],"_links":{"self":[{"href":"https:\/\/teknapower.com.br\/index.php?rest_route=\/wp\/v2\/product\/3923","targetHints":{"allow":["GET"]}}],"collection":[{"href":"https:\/\/teknapower.com.br\/index.php?rest_route=\/wp\/v2\/product"}],"about":[{"href":"https:\/\/teknapower.com.br\/index.php?rest_route=\/wp\/v2\/types\/product"}],"replies":[{"embeddable":true,"href":"https:\/\/teknapower.com.br\/index.php?rest_route=%2Fwp%2Fv2%2Fcomments&post=3923"}],"wp:featuredmedia":[{"embeddable":true,"href":"https:\/\/teknapower.com.br\/index.php?rest_route=\/wp\/v2\/media\/3924"}],"wp:attachment":[{"href":"https:\/\/teknapower.com.br\/index.php?rest_route=%2Fwp%2Fv2%2Fmedia&parent=3923"}],"wp:term":[{"taxonomy":"pwb-brand","embeddable":true,"href":"https:\/\/teknapower.com.br\/index.php?rest_route=%2Fwp%2Fv2%2Fpwb-brand&post=3923"},{"taxonomy":"product_cat","embeddable":true,"href":"https:\/\/teknapower.com.br\/index.php?rest_route=%2Fwp%2Fv2%2Fproduct_cat&post=3923"},{"taxonomy":"product_tag","embeddable":true,"href":"https:\/\/teknapower.com.br\/index.php?rest_route=%2Fwp%2Fv2%2Fproduct_tag&post=3923"}],"curies":[{"name":"wp","href":"https:\/\/api.w.org\/{rel}","templated":true}]}}