{"id":3912,"date":"2021-08-24T14:56:51","date_gmt":"2021-08-24T17:56:51","guid":{"rendered":"https:\/\/teknapower.com.br\/?post_type=product&#038;p=3912"},"modified":"2021-08-24T14:56:52","modified_gmt":"2021-08-24T17:56:52","slug":"kit-lamina-de-corte-85-mm-709-0212","status":"publish","type":"product","link":"https:\/\/teknapower.com.br\/?product=kit-lamina-de-corte-85-mm-709-0212","title":{"rendered":"Kit L\u00e2mina de Corte 85 mm \u2013 709-0212"},"content":{"rendered":"","protected":false},"excerpt":{"rendered":"<p>Kit com 1 L\u00e2mina Corte de 85 mm e L\u00e2mina Escarificadora de 85mm para Broca Duplo Espiral de \u00f8 200mm, que oferecem qualidade, durabilidade e precis\u00e3o no corte.<\/p>\n<p>Aplic\u00e1vel a Broca Dupla 709-0016.<\/p>\n","protected":false},"featured_media":3913,"comment_status":"open","ping_status":"closed","template":"","meta":[],"pwb-brand":[],"product_cat":[309,55],"product_tag":[],"class_list":{"0":"post-3912","1":"product","2":"type-product","3":"status-publish","4":"has-post-thumbnail","6":"product_cat-perfuradores-de-solo-acessorios","7":"product_cat-acessorios","9":"first","10":"instock","11":"shipping-taxable","12":"product-type-simple"},"brands":[],"_links":{"self":[{"href":"https:\/\/teknapower.com.br\/index.php?rest_route=\/wp\/v2\/product\/3912","targetHints":{"allow":["GET"]}}],"collection":[{"href":"https:\/\/teknapower.com.br\/index.php?rest_route=\/wp\/v2\/product"}],"about":[{"href":"https:\/\/teknapower.com.br\/index.php?rest_route=\/wp\/v2\/types\/product"}],"replies":[{"embeddable":true,"href":"https:\/\/teknapower.com.br\/index.php?rest_route=%2Fwp%2Fv2%2Fcomments&post=3912"}],"wp:featuredmedia":[{"embeddable":true,"href":"https:\/\/teknapower.com.br\/index.php?rest_route=\/wp\/v2\/media\/3913"}],"wp:attachment":[{"href":"https:\/\/teknapower.com.br\/index.php?rest_route=%2Fwp%2Fv2%2Fmedia&parent=3912"}],"wp:term":[{"taxonomy":"pwb-brand","embeddable":true,"href":"https:\/\/teknapower.com.br\/index.php?rest_route=%2Fwp%2Fv2%2Fpwb-brand&post=3912"},{"taxonomy":"product_cat","embeddable":true,"href":"https:\/\/teknapower.com.br\/index.php?rest_route=%2Fwp%2Fv2%2Fproduct_cat&post=3912"},{"taxonomy":"product_tag","embeddable":true,"href":"https:\/\/teknapower.com.br\/index.php?rest_route=%2Fwp%2Fv2%2Fproduct_tag&post=3912"}],"curies":[{"name":"wp","href":"https:\/\/api.w.org\/{rel}","templated":true}]}}