{"id":3850,"date":"2021-08-23T15:26:35","date_gmt":"2021-08-23T18:26:35","guid":{"rendered":"https:\/\/teknapower.com.br\/?post_type=product&#038;p=3850"},"modified":"2021-08-23T15:26:35","modified_gmt":"2021-08-23T18:26:35","slug":"carretel-de-fio-de-nylon-2f039","status":"publish","type":"product","link":"https:\/\/teknapower.com.br\/?product=carretel-de-fio-de-nylon-2f039","title":{"rendered":"Carretel de Fio de Nylon \u2013 2F039"},"content":{"rendered":"","protected":false},"excerpt":{"rendered":"<p>Carretel de Fio de Nylon, com fio duplo. Do tipo Bate-Libera, \u00e9 uma \u00f3tima op\u00e7\u00e3o para tornar o corte mais pr\u00e1tico e r\u00e1pido, capaz de liberar e cortar o fio automaticamente.<\/p>\n<p>Aparador Tekna TT700.<\/p>\n","protected":false},"featured_media":3851,"comment_status":"open","ping_status":"closed","template":"","meta":[],"pwb-brand":[],"product_cat":[307,55],"product_tag":[],"class_list":{"0":"post-3850","1":"product","2":"type-product","3":"status-publish","4":"has-post-thumbnail","6":"product_cat-rocadeiras-e-aparadores","7":"product_cat-acessorios","9":"first","10":"instock","11":"shipping-taxable","12":"product-type-simple"},"brands":[],"_links":{"self":[{"href":"https:\/\/teknapower.com.br\/index.php?rest_route=\/wp\/v2\/product\/3850","targetHints":{"allow":["GET"]}}],"collection":[{"href":"https:\/\/teknapower.com.br\/index.php?rest_route=\/wp\/v2\/product"}],"about":[{"href":"https:\/\/teknapower.com.br\/index.php?rest_route=\/wp\/v2\/types\/product"}],"replies":[{"embeddable":true,"href":"https:\/\/teknapower.com.br\/index.php?rest_route=%2Fwp%2Fv2%2Fcomments&post=3850"}],"wp:featuredmedia":[{"embeddable":true,"href":"https:\/\/teknapower.com.br\/index.php?rest_route=\/wp\/v2\/media\/3851"}],"wp:attachment":[{"href":"https:\/\/teknapower.com.br\/index.php?rest_route=%2Fwp%2Fv2%2Fmedia&parent=3850"}],"wp:term":[{"taxonomy":"pwb-brand","embeddable":true,"href":"https:\/\/teknapower.com.br\/index.php?rest_route=%2Fwp%2Fv2%2Fpwb-brand&post=3850"},{"taxonomy":"product_cat","embeddable":true,"href":"https:\/\/teknapower.com.br\/index.php?rest_route=%2Fwp%2Fv2%2Fproduct_cat&post=3850"},{"taxonomy":"product_tag","embeddable":true,"href":"https:\/\/teknapower.com.br\/index.php?rest_route=%2Fwp%2Fv2%2Fproduct_tag&post=3850"}],"curies":[{"name":"wp","href":"https:\/\/api.w.org\/{rel}","templated":true}]}}