{"id":3837,"date":"2021-07-20T12:15:30","date_gmt":"2021-07-20T15:15:30","guid":{"rendered":"https:\/\/teknapower.com.br\/?post_type=product&#038;p=3837"},"modified":"2025-04-28T14:14:35","modified_gmt":"2025-04-28T17:14:35","slug":"compressor-de-ar-cd2453b","status":"publish","type":"product","link":"https:\/\/teknapower.com.br\/?product=compressor-de-ar-cd2453b","title":{"rendered":"Compressor de Ar \u2013 CD2453B"},"content":{"rendered":"<p>Com regulador de press\u00e3o e tens\u00e3o Bivolt com seletor, este Compressor \u00e9 pr\u00e1tico e de f\u00e1cil manuseio. Uma \u00f3tima op\u00e7\u00e3o para necessidades dom\u00e9sticas em trabalhos leves como: inflar boias, bolas e bal\u00f5es, pinturas de atelier, artesanatos e calibragem de pneus. Al\u00e9m de suas variadas aplica\u00e7\u00f5es, conta tamb\u00e9m com um kit completo de acess\u00f3rios. \u00c9 compacto e pode ser guardado e transportado com facilidade e comodidade.<\/p>\n<p>\u2022 Pot\u00eancia do motor de \u00bd HP<br \/>\n\u2022 Press\u00e3o m\u00e1xima de 45 psi<br \/>\n\u2022 Fluxo de Ar de 135 L\/min<br \/>\n\u2022 Tens\u00e3o Bivolt 127 V\/220 V<\/p>\n","protected":false},"excerpt":{"rendered":"<p>O Compressor de Ar direto com tens\u00e3o Bivolt possui motor el\u00e9trico com \u00bd HP de pot\u00eancia, excelente para uso ocasional.<\/p>\n<p>\u2022 Kit de Acess\u00f3rios<br \/>\n\u2022 Com ventosas de borracha<br \/>\n\u2022 Regulador de press\u00e3o<br \/>\n\u2022 Bivolt<\/p>\n","protected":false},"featured_media":3838,"comment_status":"open","ping_status":"closed","template":"","meta":[],"pwb-brand":[],"product_cat":[28],"product_tag":[],"class_list":{"0":"post-3837","1":"product","2":"type-product","3":"status-publish","4":"has-post-thumbnail","6":"product_cat-compressores-de-ar","8":"first","9":"instock","10":"shipping-taxable","11":"product-type-simple"},"brands":[],"_links":{"self":[{"href":"https:\/\/teknapower.com.br\/index.php?rest_route=\/wp\/v2\/product\/3837","targetHints":{"allow":["GET"]}}],"collection":[{"href":"https:\/\/teknapower.com.br\/index.php?rest_route=\/wp\/v2\/product"}],"about":[{"href":"https:\/\/teknapower.com.br\/index.php?rest_route=\/wp\/v2\/types\/product"}],"replies":[{"embeddable":true,"href":"https:\/\/teknapower.com.br\/index.php?rest_route=%2Fwp%2Fv2%2Fcomments&post=3837"}],"wp:featuredmedia":[{"embeddable":true,"href":"https:\/\/teknapower.com.br\/index.php?rest_route=\/wp\/v2\/media\/3838"}],"wp:attachment":[{"href":"https:\/\/teknapower.com.br\/index.php?rest_route=%2Fwp%2Fv2%2Fmedia&parent=3837"}],"wp:term":[{"taxonomy":"pwb-brand","embeddable":true,"href":"https:\/\/teknapower.com.br\/index.php?rest_route=%2Fwp%2Fv2%2Fpwb-brand&post=3837"},{"taxonomy":"product_cat","embeddable":true,"href":"https:\/\/teknapower.com.br\/index.php?rest_route=%2Fwp%2Fv2%2Fproduct_cat&post=3837"},{"taxonomy":"product_tag","embeddable":true,"href":"https:\/\/teknapower.com.br\/index.php?rest_route=%2Fwp%2Fv2%2Fproduct_tag&post=3837"}],"curies":[{"name":"wp","href":"https:\/\/api.w.org\/{rel}","templated":true}]}}