{"id":3830,"date":"2021-06-28T17:15:24","date_gmt":"2021-06-28T20:15:24","guid":{"rendered":"https:\/\/teknapower.com.br\/?post_type=product&#038;p=3830"},"modified":"2025-02-07T15:13:25","modified_gmt":"2025-02-07T18:13:25","slug":"soprador-eletrico-tekna-b2000e","status":"publish","type":"product","link":"https:\/\/teknapower.com.br\/?product=soprador-eletrico-tekna-b2000e","title":{"rendered":"Soprador El\u00e9trico Tekna \u2013 B2000E"},"content":{"rendered":"<p>Pr\u00e1tico e compacto, o Soprador El\u00e9trico Tekna B2000E possui 2 n\u00edveis de velocidade e 2.000 Watts de pot\u00eancia. Adequado para uso ocasional, \u00e9 ideal para a manuten\u00e7\u00e3o do dia a dia na remo\u00e7\u00e3o de folhas secas, restos de grama e pequenas sujeiras.<\/p>\n<p>\u2022 Pot\u00eancia de 2.000 W<br \/>\n\u2022 Velocidade M\u00e1xima de Ar 360 km\/h<br \/>\n\u2022 Volume M\u00e1ximo de Ar 660 m\u00b3\/h<br \/>\n\u2022 Tens\u00e3o 127 V<\/p>\n","protected":false},"excerpt":{"rendered":"<p>O Soprador El\u00e9trico Tekna B2000E \u00e9 super leve e compacto, j\u00e1 que seu tubo \u00e9 desmont\u00e1vel, e possui alta capacidade de sopro com volume de ar de 660 m\u00b3\/hora. Al\u00e9m disso, possui 2.000 Watts de pot\u00eancia e 2 n\u00edveis de velocidade.<\/p>\n<p>\u2022 2 N\u00edveis de Velocidade<br \/>\n\u2022 Tubo Desmont\u00e1vel<br \/>\n\u2022 Alta Capacidade de Sopro<\/p>\n","protected":false},"featured_media":3831,"comment_status":"open","ping_status":"closed","template":"","meta":[],"pwb-brand":[],"product_cat":[40,63],"product_tag":[],"class_list":{"0":"post-3830","1":"product","2":"type-product","3":"status-publish","4":"has-post-thumbnail","6":"product_cat-jardim","7":"product_cat-soprador","9":"first","10":"instock","11":"shipping-taxable","12":"product-type-simple"},"brands":[],"_links":{"self":[{"href":"https:\/\/teknapower.com.br\/index.php?rest_route=\/wp\/v2\/product\/3830","targetHints":{"allow":["GET"]}}],"collection":[{"href":"https:\/\/teknapower.com.br\/index.php?rest_route=\/wp\/v2\/product"}],"about":[{"href":"https:\/\/teknapower.com.br\/index.php?rest_route=\/wp\/v2\/types\/product"}],"replies":[{"embeddable":true,"href":"https:\/\/teknapower.com.br\/index.php?rest_route=%2Fwp%2Fv2%2Fcomments&post=3830"}],"wp:featuredmedia":[{"embeddable":true,"href":"https:\/\/teknapower.com.br\/index.php?rest_route=\/wp\/v2\/media\/3831"}],"wp:attachment":[{"href":"https:\/\/teknapower.com.br\/index.php?rest_route=%2Fwp%2Fv2%2Fmedia&parent=3830"}],"wp:term":[{"taxonomy":"pwb-brand","embeddable":true,"href":"https:\/\/teknapower.com.br\/index.php?rest_route=%2Fwp%2Fv2%2Fpwb-brand&post=3830"},{"taxonomy":"product_cat","embeddable":true,"href":"https:\/\/teknapower.com.br\/index.php?rest_route=%2Fwp%2Fv2%2Fproduct_cat&post=3830"},{"taxonomy":"product_tag","embeddable":true,"href":"https:\/\/teknapower.com.br\/index.php?rest_route=%2Fwp%2Fv2%2Fproduct_tag&post=3830"}],"curies":[{"name":"wp","href":"https:\/\/api.w.org\/{rel}","templated":true}]}}