{"id":3767,"date":"2021-06-10T13:18:24","date_gmt":"2021-06-10T16:18:24","guid":{"rendered":"https:\/\/teknapower.com.br\/?post_type=product&#038;p=3767"},"modified":"2024-07-10T11:23:03","modified_gmt":"2024-07-10T14:23:03","slug":"motosserra-a-gasolina-tekna-cs72xspm","status":"publish","type":"product","link":"https:\/\/teknapower.com.br\/?product=motosserra-a-gasolina-tekna-cs72xspm","title":{"rendered":"Motosserra a Gasolina Tekna com sabre de 16&#8243; \u2013 CS72XSP16OR"},"content":{"rendered":"<p>Resistente e leve, a motosserra Tekna CS72XSP16OR \u00e9 excelente para atividades de colheita, desbaste, tra\u00e7amento, podas e cortes de \u00e1rvores e madeiras em geral, tanto em \u00e1reas rurais quanto urbanas. Seu sistema antivibrat\u00f3rio, gera estabilidade \u00e0 opera\u00e7\u00e3o, tornando-a mais confort\u00e1vel e segura. Possui v\u00e1lvula de descompress\u00e3o e carburador pr\u00e9-configurado para partida f\u00e1cil e pot\u00eancia constante. Equipada com bomba de \u00f3leo autom\u00e1tica, cilindro niquelado, carca\u00e7a em magn\u00e9sio e virabrequim de alta qualidade, que garantem uma longa vida \u00fatil e baixa manuten\u00e7\u00e3o. Todas essas caracter\u00edsticas fazem do produto um equipamento de excelente performance para resistir a grandes rota\u00e7\u00f5es e ao uso intensivo profissional. Acompanha um kit de ferramentas, capa para o sabre e misturador de combust\u00edvel.<\/p>\n<p>\u2022 Cilindrada 72,2 cc<br \/>\n\u2022 Pot\u00eancia 4.8 HP<br \/>\n\u2022 Sabre Oregon de 16\u201d<br \/>\n\u2022 Passo\/calibre 3\/8\u201dx 0,063\u201d 75D<br \/>\n\u2022 Rota\u00e7\u00e3o M\u00e1xima de 13500 rpm<\/p>\n","protected":false},"excerpt":{"rendered":"<p>A Motosserra Tekna CS72XSP16OR une pot\u00eancia e tecnologia para um trabalho profissional de alto rendimento. Constru\u00edda para aguentar o servi\u00e7o pesado, \u00e9 potente e robusta, com motor de 4,8 HP e 72,2 cilindradas.<\/p>\n<p>\u2022 Conjunto de corte Oregon<br \/>\n\u2022 Carburador Pr\u00e9-regulado<br \/>\n\u2022 Cilindro Revestido com N\u00edquel Cer\u00e2mico<br \/>\n\u2022 Bomba de \u00d3leo Autom\u00e1tica<br \/>\n\u2022 Carca\u00e7a em Magn\u00e9sio<\/p>\n","protected":false},"featured_media":3768,"comment_status":"open","ping_status":"closed","template":"","meta":[],"pwb-brand":[],"product_cat":[35,120,40,128],"product_tag":[151,152,95,96,150,302],"class_list":{"0":"post-3767","1":"product","2":"type-product","3":"status-publish","4":"has-post-thumbnail","6":"product_cat-agricola","7":"product_cat-motosserra","8":"product_cat-jardim","9":"product_cat-motosserra-jardim","10":"product_tag-corte-de-arvores","11":"product_tag-equipamento-profissional-de-corte","12":"product_tag-motosserra","13":"product_tag-motosserra-a-gasolina","14":"product_tag-motosserra-a-gasolina-profissional","15":"product_tag-motosserra-a-gasolina-uso-intensivo","17":"first","18":"instock","19":"shipping-taxable","20":"product-type-simple"},"brands":[],"_links":{"self":[{"href":"https:\/\/teknapower.com.br\/index.php?rest_route=\/wp\/v2\/product\/3767","targetHints":{"allow":["GET"]}}],"collection":[{"href":"https:\/\/teknapower.com.br\/index.php?rest_route=\/wp\/v2\/product"}],"about":[{"href":"https:\/\/teknapower.com.br\/index.php?rest_route=\/wp\/v2\/types\/product"}],"replies":[{"embeddable":true,"href":"https:\/\/teknapower.com.br\/index.php?rest_route=%2Fwp%2Fv2%2Fcomments&post=3767"}],"wp:featuredmedia":[{"embeddable":true,"href":"https:\/\/teknapower.com.br\/index.php?rest_route=\/wp\/v2\/media\/3768"}],"wp:attachment":[{"href":"https:\/\/teknapower.com.br\/index.php?rest_route=%2Fwp%2Fv2%2Fmedia&parent=3767"}],"wp:term":[{"taxonomy":"pwb-brand","embeddable":true,"href":"https:\/\/teknapower.com.br\/index.php?rest_route=%2Fwp%2Fv2%2Fpwb-brand&post=3767"},{"taxonomy":"product_cat","embeddable":true,"href":"https:\/\/teknapower.com.br\/index.php?rest_route=%2Fwp%2Fv2%2Fproduct_cat&post=3767"},{"taxonomy":"product_tag","embeddable":true,"href":"https:\/\/teknapower.com.br\/index.php?rest_route=%2Fwp%2Fv2%2Fproduct_tag&post=3767"}],"curies":[{"name":"wp","href":"https:\/\/api.w.org\/{rel}","templated":true}]}}