{"id":3743,"date":"2021-06-10T13:02:41","date_gmt":"2021-06-10T16:02:41","guid":{"rendered":"https:\/\/teknapower.com.br\/?post_type=product&#038;p=3743"},"modified":"2021-06-10T13:02:42","modified_gmt":"2021-06-10T16:02:42","slug":"maquina-de-solda-tekna-tw250itm-mma","status":"publish","type":"product","link":"https:\/\/teknapower.com.br\/?product=maquina-de-solda-tekna-tw250itm-mma","title":{"rendered":"M\u00e1quina de Solda Tekna \u2013 TW250ITM-MMA"},"content":{"rendered":"<p>A M\u00e1quina de Solda Tekna \u00e9 um equipamento que, por ser compacto e leve, permite trabalhos em locais de dif\u00edcil acesso. O destaque desse modelo \u00e9 a fun\u00e7\u00e3o Tig Lift, conferindo versatilidade tanto para uso intensivo ou ocasional, na manuten\u00e7\u00e3o e reparos de estruturas met\u00e1licas, constru\u00e7\u00e3o civil e serralherias. Al\u00e9m disso, possu\u00ed painel digital e baixo consumo de energia, sendo uma op\u00e7\u00e3o com excelente custo-benef\u00edcio.<\/p>\n<p>\u2022 Tens\u00e3o 220 V<br \/>\n\u2022 Faixa de Corrente 20 \u2013 180 A<br \/>\n\u2022 Ciclo de Trabalho 180 A \u2013 35%<br \/>\n\u2022 Ciclo de Trabalho 150 A \u2013 60%<br \/>\n\u2022 Ciclo de Trabalho 120 A \u2013 100%<br \/>\n\u2022 Eletrodo Recomendado 1,6 \u2013 4,0 mm<\/p>\n","protected":false},"excerpt":{"rendered":"<p>A M\u00e1quina de Solda Tekna TW250ITM-MMA \u00e9 leve e funcional. Seu ciclo de trabalho \u00e9 de 60% de efici\u00eancia. Este modelo possui panel digital e prote\u00e7\u00e3o contra super aquecimento.<\/p>\n<p>\u2022 Al\u00e7a para Facilitar o Transporte<br \/>\n\u2022 Com Painel Digital<br \/>\n\u2022 Com Porta Eletrodo<br \/>\n\u2022 Garra Negativa<br \/>\n\u2022 Escova + Martelo<\/p>\n","protected":false},"featured_media":3744,"comment_status":"open","ping_status":"closed","template":"","meta":[],"pwb-brand":[],"product_cat":[15],"product_tag":[300,297,298,299],"class_list":{"0":"post-3743","1":"product","2":"type-product","3":"status-publish","4":"has-post-thumbnail","6":"product_cat-maquinas-de-solda","7":"product_tag-equipamentos-de-soldagem","8":"product_tag-maquina-de-solda","9":"product_tag-maquina-de-solda-220-v","10":"product_tag-maquina-para-soldar","12":"first","13":"instock","14":"shipping-taxable","15":"product-type-simple"},"brands":[],"_links":{"self":[{"href":"https:\/\/teknapower.com.br\/index.php?rest_route=\/wp\/v2\/product\/3743","targetHints":{"allow":["GET"]}}],"collection":[{"href":"https:\/\/teknapower.com.br\/index.php?rest_route=\/wp\/v2\/product"}],"about":[{"href":"https:\/\/teknapower.com.br\/index.php?rest_route=\/wp\/v2\/types\/product"}],"replies":[{"embeddable":true,"href":"https:\/\/teknapower.com.br\/index.php?rest_route=%2Fwp%2Fv2%2Fcomments&post=3743"}],"wp:featuredmedia":[{"embeddable":true,"href":"https:\/\/teknapower.com.br\/index.php?rest_route=\/wp\/v2\/media\/3744"}],"wp:attachment":[{"href":"https:\/\/teknapower.com.br\/index.php?rest_route=%2Fwp%2Fv2%2Fmedia&parent=3743"}],"wp:term":[{"taxonomy":"pwb-brand","embeddable":true,"href":"https:\/\/teknapower.com.br\/index.php?rest_route=%2Fwp%2Fv2%2Fpwb-brand&post=3743"},{"taxonomy":"product_cat","embeddable":true,"href":"https:\/\/teknapower.com.br\/index.php?rest_route=%2Fwp%2Fv2%2Fproduct_cat&post=3743"},{"taxonomy":"product_tag","embeddable":true,"href":"https:\/\/teknapower.com.br\/index.php?rest_route=%2Fwp%2Fv2%2Fproduct_tag&post=3743"}],"curies":[{"name":"wp","href":"https:\/\/api.w.org\/{rel}","templated":true}]}}