{"id":3738,"date":"2021-06-10T13:00:00","date_gmt":"2021-06-10T16:00:00","guid":{"rendered":"https:\/\/teknapower.com.br\/?post_type=product&#038;p=3738"},"modified":"2021-06-10T13:00:38","modified_gmt":"2021-06-10T16:00:38","slug":"maquina-de-solda-tekna-tw200itm-migmma","status":"publish","type":"product","link":"https:\/\/teknapower.com.br\/?product=maquina-de-solda-tekna-tw200itm-migmma","title":{"rendered":"M\u00e1quina de Solda Tekna \u2013 TW200ITM-MIGMMA"},"content":{"rendered":"<p>A M\u00e1quina de Solda Tekna capaz de soldar MIG, MMA e TIG LIFT realiza multiprocessos. Com baixo consumo de energia e painel digital, \u00e9 indicada para solda em chapas finas e soldas leves em pequenas estruturas met\u00e1licas. Acompanha porta-eletrodo, garra negativa, tocha mig e escova, entre outros atributos que garantem a versatilidade ao equipamento.<\/p>\n<p>\u2022 Tens\u00e3o 220 V<br \/>\n\u2022 Faixa de Corrente MIG 40-160 A<br \/>\n\u2022 Faixa de Corrente MMA 20-160 A<br \/>\n\u2022 Faixa de Corrente TIG LIFT 10-160 A<br \/>\n\u2022 Classe de Prote\u00e7\u00e3o IP21S<br \/>\n\u2022 Ciclo de Trabalho 60%<\/p>\n","protected":false},"excerpt":{"rendered":"<p>A M\u00e1quina de Solda Tekna TW200ITM-MIGMMA \u00e9 leve e funcional. Seu ciclo de trabalho \u00e9 de 60% de efici\u00eancia. Este modelo possui panel digital e prote\u00e7\u00e3o contra super aquecimento.<\/p>\n<p>\u2022 Al\u00e7a para Facilitar o Transporte<br \/>\n\u2022 Baixo Consumo de Energia<br \/>\n\u2022 Suporte de Arame Interno<br \/>\n\u2022 Solda MIG, MMA e TIGLIFT<\/p>\n","protected":false},"featured_media":3739,"comment_status":"open","ping_status":"closed","template":"","meta":[],"pwb-brand":[],"product_cat":[15],"product_tag":[300,297,298,299],"class_list":{"0":"post-3738","1":"product","2":"type-product","3":"status-publish","4":"has-post-thumbnail","6":"product_cat-maquinas-de-solda","7":"product_tag-equipamentos-de-soldagem","8":"product_tag-maquina-de-solda","9":"product_tag-maquina-de-solda-220-v","10":"product_tag-maquina-para-soldar","12":"first","13":"instock","14":"shipping-taxable","15":"product-type-simple"},"brands":[],"_links":{"self":[{"href":"https:\/\/teknapower.com.br\/index.php?rest_route=\/wp\/v2\/product\/3738","targetHints":{"allow":["GET"]}}],"collection":[{"href":"https:\/\/teknapower.com.br\/index.php?rest_route=\/wp\/v2\/product"}],"about":[{"href":"https:\/\/teknapower.com.br\/index.php?rest_route=\/wp\/v2\/types\/product"}],"replies":[{"embeddable":true,"href":"https:\/\/teknapower.com.br\/index.php?rest_route=%2Fwp%2Fv2%2Fcomments&post=3738"}],"wp:featuredmedia":[{"embeddable":true,"href":"https:\/\/teknapower.com.br\/index.php?rest_route=\/wp\/v2\/media\/3739"}],"wp:attachment":[{"href":"https:\/\/teknapower.com.br\/index.php?rest_route=%2Fwp%2Fv2%2Fmedia&parent=3738"}],"wp:term":[{"taxonomy":"pwb-brand","embeddable":true,"href":"https:\/\/teknapower.com.br\/index.php?rest_route=%2Fwp%2Fv2%2Fpwb-brand&post=3738"},{"taxonomy":"product_cat","embeddable":true,"href":"https:\/\/teknapower.com.br\/index.php?rest_route=%2Fwp%2Fv2%2Fproduct_cat&post=3738"},{"taxonomy":"product_tag","embeddable":true,"href":"https:\/\/teknapower.com.br\/index.php?rest_route=%2Fwp%2Fv2%2Fproduct_tag&post=3738"}],"curies":[{"name":"wp","href":"https:\/\/api.w.org\/{rel}","templated":true}]}}