{"id":3730,"date":"2021-06-10T12:37:20","date_gmt":"2021-06-10T15:37:20","guid":{"rendered":"https:\/\/teknapower.com.br\/?post_type=product&#038;p=3730"},"modified":"2023-09-20T10:55:45","modified_gmt":"2023-09-20T13:55:45","slug":"perfurador-de-solo-tekna-ea61xs","status":"publish","type":"product","link":"https:\/\/teknapower.com.br\/?product=perfurador-de-solo-tekna-ea61xs","title":{"rendered":"Perfurador de Solo Tekna \u2013 EA61XS"},"content":{"rendered":"<p>Robusto e resistente, o Perfurador de Solo EA61XS250-2 \u00e9 ideal para a perfura\u00e7\u00e3o de diversos tipos de solo, com \u00f3timo rendimento e alta performance. Acompanhado de uma broca de \u00f8 250 x 800 mm, \u00e9 adequado para trabalho frequente, sendo indicado para perfura\u00e7\u00f5es no solo para plantio, instala\u00e7\u00f5es de mour\u00f5es, cercas e grades. Seu motor de alta durabilidade exerce excelentes perfura\u00e7\u00f5es, com grande efici\u00eancia e rapidez da opera\u00e7\u00e3o.<\/p>\n<p>\u2022 Cilindrada 60,2 cc<br \/>\n\u2022 Pot\u00eancia 3 HP<br \/>\n\u2022 Capacidade do Tanque 0,95 L<br \/>\n\u2022 Rota\u00e7\u00e3o M\u00e1xima 10000 RPM<br \/>\n\u2022 Broca de \u00f8 250 x 800 mm<\/p>\n","protected":false},"excerpt":{"rendered":"<p>O Perfurador de Solo EA61XS250-2 possui motor 2 tempos a gasolina, de 60,2 CC e 3 HP. Com \u00f3timo rendimento e pot\u00eancia na medida certa para perfurar solos mais r\u00edgidos, \u00e9 adequado para que 2 operadores possam executar o servi\u00e7o.<\/p>\n<p>\u2022 Robusto e Compacto<br \/>\n\u2022 Baixa Vibra\u00e7\u00e3o<br \/>\n\u2022 Com Broca<br \/>\n\u2022 Para 2 Operadores<\/p>\n","protected":false},"featured_media":3731,"comment_status":"open","ping_status":"closed","template":"","meta":[],"pwb-brand":[],"product_cat":[35,125],"product_tag":[296,295,291,292,293,294],"class_list":{"0":"post-3730","1":"product","2":"type-product","3":"status-publish","4":"has-post-thumbnail","6":"product_cat-agricola","7":"product_cat-perfurador-de-solo","8":"product_tag-equipamentos-agricolas-de-solo","9":"product_tag-equipamentos-de-escavacao","10":"product_tag-perfurador-de-solo","11":"product_tag-perfurador-de-solo-a-gasolina","12":"product_tag-perfurador-de-solo-a-gasolina-com-broca","13":"product_tag-perfurador-de-solo-a-gasolina-tekna","15":"first","16":"instock","17":"shipping-taxable","18":"product-type-simple"},"brands":[],"_links":{"self":[{"href":"https:\/\/teknapower.com.br\/index.php?rest_route=\/wp\/v2\/product\/3730","targetHints":{"allow":["GET"]}}],"collection":[{"href":"https:\/\/teknapower.com.br\/index.php?rest_route=\/wp\/v2\/product"}],"about":[{"href":"https:\/\/teknapower.com.br\/index.php?rest_route=\/wp\/v2\/types\/product"}],"replies":[{"embeddable":true,"href":"https:\/\/teknapower.com.br\/index.php?rest_route=%2Fwp%2Fv2%2Fcomments&post=3730"}],"wp:featuredmedia":[{"embeddable":true,"href":"https:\/\/teknapower.com.br\/index.php?rest_route=\/wp\/v2\/media\/3731"}],"wp:attachment":[{"href":"https:\/\/teknapower.com.br\/index.php?rest_route=%2Fwp%2Fv2%2Fmedia&parent=3730"}],"wp:term":[{"taxonomy":"pwb-brand","embeddable":true,"href":"https:\/\/teknapower.com.br\/index.php?rest_route=%2Fwp%2Fv2%2Fpwb-brand&post=3730"},{"taxonomy":"product_cat","embeddable":true,"href":"https:\/\/teknapower.com.br\/index.php?rest_route=%2Fwp%2Fv2%2Fproduct_cat&post=3730"},{"taxonomy":"product_tag","embeddable":true,"href":"https:\/\/teknapower.com.br\/index.php?rest_route=%2Fwp%2Fv2%2Fproduct_tag&post=3730"}],"curies":[{"name":"wp","href":"https:\/\/api.w.org\/{rel}","templated":true}]}}