{"id":3727,"date":"2021-06-10T12:30:06","date_gmt":"2021-06-10T15:30:06","guid":{"rendered":"https:\/\/teknapower.com.br\/?post_type=product&#038;p=3727"},"modified":"2021-06-10T12:30:16","modified_gmt":"2021-06-10T15:30:16","slug":"perfurador-de-solo-tekna-ea52xs","status":"publish","type":"product","link":"https:\/\/teknapower.com.br\/?product=perfurador-de-solo-tekna-ea52xs","title":{"rendered":"Perfurador de Solo Tekna \u2013 EA52XS"},"content":{"rendered":"<p>Com \u00f3timo rendimento e alta performance, o Perfurador de Solo Tekna EA52XS200 \u00e9 ideal para a perfura\u00e7\u00e3o de diversos tipos de solo. \u00c9 adequado para trabalho frequente, sendo indicado para perfura\u00e7\u00f5es no solo para plantio, instala\u00e7\u00f5es de mour\u00f5es, cercas e grades. Seu motor de alta durabilidade exerce excelentes perfura\u00e7\u00f5es, com grande efici\u00eancia e rapidez da opera\u00e7\u00e3o. A broca \u00e9 vendida separadamente.<\/p>\n<p>\u2022 Cilindrada 51,7 cc<br \/>\n\u2022 Pot\u00eancia 2,5 HP<br \/>\n\u2022 Capacidade do Tanque 0,95 L<br \/>\n\u2022 Rota\u00e7\u00e3o M\u00e1xima 10000 RPM<\/p>\n","protected":false},"excerpt":{"rendered":"<p>O Perfurador de Solo Tekna EA52XS200 possui motor 2 tempos a gasolina, de 51,7 CC e 2,5 HP. \u00c9 leve, com pot\u00eancia na medida certa, com baixa vibra\u00e7\u00e3o e adequado para que 1 operador possa executar o servi\u00e7o.<\/p>\n<p>\u2022 Robusto e Compacto<br \/>\n\u2022 Baixa Vibra\u00e7\u00e3o<br \/>\n\u2022 Sem Broca<br \/>\n\u2022 Para 1 Operador<\/p>\n","protected":false},"featured_media":3728,"comment_status":"open","ping_status":"closed","template":"","meta":[],"pwb-brand":[],"product_cat":[35,125],"product_tag":[296,295,291,292,293,294],"class_list":{"0":"post-3727","1":"product","2":"type-product","3":"status-publish","4":"has-post-thumbnail","6":"product_cat-agricola","7":"product_cat-perfurador-de-solo","8":"product_tag-equipamentos-agricolas-de-solo","9":"product_tag-equipamentos-de-escavacao","10":"product_tag-perfurador-de-solo","11":"product_tag-perfurador-de-solo-a-gasolina","12":"product_tag-perfurador-de-solo-a-gasolina-com-broca","13":"product_tag-perfurador-de-solo-a-gasolina-tekna","15":"first","16":"instock","17":"shipping-taxable","18":"product-type-simple"},"brands":[],"_links":{"self":[{"href":"https:\/\/teknapower.com.br\/index.php?rest_route=\/wp\/v2\/product\/3727","targetHints":{"allow":["GET"]}}],"collection":[{"href":"https:\/\/teknapower.com.br\/index.php?rest_route=\/wp\/v2\/product"}],"about":[{"href":"https:\/\/teknapower.com.br\/index.php?rest_route=\/wp\/v2\/types\/product"}],"replies":[{"embeddable":true,"href":"https:\/\/teknapower.com.br\/index.php?rest_route=%2Fwp%2Fv2%2Fcomments&post=3727"}],"wp:featuredmedia":[{"embeddable":true,"href":"https:\/\/teknapower.com.br\/index.php?rest_route=\/wp\/v2\/media\/3728"}],"wp:attachment":[{"href":"https:\/\/teknapower.com.br\/index.php?rest_route=%2Fwp%2Fv2%2Fmedia&parent=3727"}],"wp:term":[{"taxonomy":"pwb-brand","embeddable":true,"href":"https:\/\/teknapower.com.br\/index.php?rest_route=%2Fwp%2Fv2%2Fpwb-brand&post=3727"},{"taxonomy":"product_cat","embeddable":true,"href":"https:\/\/teknapower.com.br\/index.php?rest_route=%2Fwp%2Fv2%2Fproduct_cat&post=3727"},{"taxonomy":"product_tag","embeddable":true,"href":"https:\/\/teknapower.com.br\/index.php?rest_route=%2Fwp%2Fv2%2Fproduct_tag&post=3727"}],"curies":[{"name":"wp","href":"https:\/\/api.w.org\/{rel}","templated":true}]}}