{"id":3725,"date":"2021-06-10T12:26:08","date_gmt":"2021-06-10T15:26:08","guid":{"rendered":"https:\/\/teknapower.com.br\/?post_type=product&#038;p=3725"},"modified":"2021-06-10T12:26:08","modified_gmt":"2021-06-10T15:26:08","slug":"rabeta-vertical-a-gasolina-tekna-mp42mytk","status":"publish","type":"product","link":"https:\/\/teknapower.com.br\/?product=rabeta-vertical-a-gasolina-tekna-mp42mytk","title":{"rendered":"Rabeta Vertical a Gasolina Tekna \u2013 MP42MYTK"},"content":{"rendered":"<p>A Rabeta Tekna MP42MYTK \u00e9 recomendada para pequenas embarca\u00e7\u00f5es de at\u00e9 3,5 m e com carga total de 200 kg. Possui acelerador remoto, que permite o controle da velocidade de acordo com a movimenta\u00e7\u00e3o da alavanca do cabo de comando. \u00c9 leve e compacto, perfeito para pequenas embarca\u00e7\u00f5es. Possui man\u00edpulos articulados para facilitar a fixa\u00e7\u00e3o do motor. A h\u00e9lice \u00e9 fabricada com um material polim\u00e9rico altamente resistente e \u00e9 fixada por um parafuso, proporcionando assim, uma propuls\u00e3o eficiente \u00e0 pequenas embarca\u00e7\u00f5es.<\/p>\n<p>\u2022 Cilindrada 42,7 cc<br \/>\n\u2022 Pot\u00eancia 2,5 HP<br \/>\n\u2022 Dimens\u00f5es da H\u00e9lice 7\u201d<br \/>\n\u2022 Tambor da Embreagem 78 mm<br \/>\n\u2022 Comprimento 870 mm<\/p>\n","protected":false},"excerpt":{"rendered":"<p>A Rabeta Vetical Tekna MP42MYTK \u00e9 acompanhada de um potente motor 2 tempos, 42,7 cilindradas, com capacidade do tanque de 1 litro e pot\u00eancia de 2,5 HP.<\/p>\n<p>\u2022 Longa Durabilidade<br \/>\n\u2022 Man\u00edpulos Articulados<br \/>\n\u2022 Leve e Eficiente<\/p>\n","protected":false},"featured_media":3726,"comment_status":"open","ping_status":"closed","template":"","meta":[],"pwb-brand":[],"product_cat":[56],"product_tag":[267,268,263,289,290,266],"class_list":{"0":"post-3725","1":"product","2":"type-product","3":"status-publish","4":"has-post-thumbnail","6":"product_cat-rabetas","7":"product_tag-equipamentos-para-barcos","8":"product_tag-equipamentos-para-navegacao","9":"product_tag-rabeta","10":"product_tag-rabeta-com-motor","11":"product_tag-rabeta-com-motor-a-gasolina","12":"product_tag-rabeta-para-barcos","14":"first","15":"instock","16":"shipping-taxable","17":"product-type-simple"},"brands":[],"_links":{"self":[{"href":"https:\/\/teknapower.com.br\/index.php?rest_route=\/wp\/v2\/product\/3725","targetHints":{"allow":["GET"]}}],"collection":[{"href":"https:\/\/teknapower.com.br\/index.php?rest_route=\/wp\/v2\/product"}],"about":[{"href":"https:\/\/teknapower.com.br\/index.php?rest_route=\/wp\/v2\/types\/product"}],"replies":[{"embeddable":true,"href":"https:\/\/teknapower.com.br\/index.php?rest_route=%2Fwp%2Fv2%2Fcomments&post=3725"}],"wp:featuredmedia":[{"embeddable":true,"href":"https:\/\/teknapower.com.br\/index.php?rest_route=\/wp\/v2\/media\/3726"}],"wp:attachment":[{"href":"https:\/\/teknapower.com.br\/index.php?rest_route=%2Fwp%2Fv2%2Fmedia&parent=3725"}],"wp:term":[{"taxonomy":"pwb-brand","embeddable":true,"href":"https:\/\/teknapower.com.br\/index.php?rest_route=%2Fwp%2Fv2%2Fpwb-brand&post=3725"},{"taxonomy":"product_cat","embeddable":true,"href":"https:\/\/teknapower.com.br\/index.php?rest_route=%2Fwp%2Fv2%2Fproduct_cat&post=3725"},{"taxonomy":"product_tag","embeddable":true,"href":"https:\/\/teknapower.com.br\/index.php?rest_route=%2Fwp%2Fv2%2Fproduct_tag&post=3725"}],"curies":[{"name":"wp","href":"https:\/\/api.w.org\/{rel}","templated":true}]}}