{"id":3723,"date":"2021-06-10T12:23:05","date_gmt":"2021-06-10T15:23:05","guid":{"rendered":"https:\/\/teknapower.com.br\/?post_type=product&#038;p=3723"},"modified":"2021-06-10T12:23:16","modified_gmt":"2021-06-10T15:23:16","slug":"rabeta-vertical-a-gasolina-tekna-mp61xs","status":"publish","type":"product","link":"https:\/\/teknapower.com.br\/?product=rabeta-vertical-a-gasolina-tekna-mp61xs","title":{"rendered":"Rabeta Vertical a Gasolina Tekna \u2013 MP61XS"},"content":{"rendered":"<p>A Rabeta Tekna MP61XS \u00e9 recomendada para pequenas embarca\u00e7\u00f5es de at\u00e9 3,5 m e com carga total de 200 kg. Possui uma estrutura compacta e de baixo peso, sendo adequada para uso intensivo, e ideal para uso em botes e caiaques. Proporciona mobilidade e efici\u00eancia para uma navega\u00e7\u00e3o tranquila e segura. \u00c9 facilmente manuseado e acoplado ao motor.<\/p>\n<p>\u2022 Cilindrada 60,2 cc<br \/>\n\u2022 Pot\u00eancia 3 HP<br \/>\n\u2022 Dimens\u00f5es da H\u00e9lice 7\u201d<br \/>\n\u2022 Tambor da Engrenagem 78 mm<br \/>\n\u2022 Comprimento 870 mm<\/p>\n","protected":false},"excerpt":{"rendered":"<p>A Rabeta Vertical Tekna MP61XS \u00e9 acompanhada de um potente motor 2 tempos, 60,2 cilindradas, com capacidade do tanque de 950 ml e pot\u00eancia de 3 HP.<\/p>\n<p>\u2022 Longa Durabilidade<br \/>\n\u2022 Man\u00edpulos Articulados<br \/>\n\u2022 Leve e Eficiente<\/p>\n","protected":false},"featured_media":3724,"comment_status":"open","ping_status":"closed","template":"","meta":[],"pwb-brand":[],"product_cat":[56],"product_tag":[267,268,263,289,266],"class_list":{"0":"post-3723","1":"product","2":"type-product","3":"status-publish","4":"has-post-thumbnail","6":"product_cat-rabetas","7":"product_tag-equipamentos-para-barcos","8":"product_tag-equipamentos-para-navegacao","9":"product_tag-rabeta","10":"product_tag-rabeta-com-motor","11":"product_tag-rabeta-para-barcos","13":"first","14":"instock","15":"shipping-taxable","16":"product-type-simple"},"brands":[],"_links":{"self":[{"href":"https:\/\/teknapower.com.br\/index.php?rest_route=\/wp\/v2\/product\/3723","targetHints":{"allow":["GET"]}}],"collection":[{"href":"https:\/\/teknapower.com.br\/index.php?rest_route=\/wp\/v2\/product"}],"about":[{"href":"https:\/\/teknapower.com.br\/index.php?rest_route=\/wp\/v2\/types\/product"}],"replies":[{"embeddable":true,"href":"https:\/\/teknapower.com.br\/index.php?rest_route=%2Fwp%2Fv2%2Fcomments&post=3723"}],"wp:featuredmedia":[{"embeddable":true,"href":"https:\/\/teknapower.com.br\/index.php?rest_route=\/wp\/v2\/media\/3724"}],"wp:attachment":[{"href":"https:\/\/teknapower.com.br\/index.php?rest_route=%2Fwp%2Fv2%2Fmedia&parent=3723"}],"wp:term":[{"taxonomy":"pwb-brand","embeddable":true,"href":"https:\/\/teknapower.com.br\/index.php?rest_route=%2Fwp%2Fv2%2Fpwb-brand&post=3723"},{"taxonomy":"product_cat","embeddable":true,"href":"https:\/\/teknapower.com.br\/index.php?rest_route=%2Fwp%2Fv2%2Fproduct_cat&post=3723"},{"taxonomy":"product_tag","embeddable":true,"href":"https:\/\/teknapower.com.br\/index.php?rest_route=%2Fwp%2Fv2%2Fproduct_tag&post=3723"}],"curies":[{"name":"wp","href":"https:\/\/api.w.org\/{rel}","templated":true}]}}