{"id":3714,"date":"2021-06-10T12:10:59","date_gmt":"2021-06-10T15:10:59","guid":{"rendered":"https:\/\/teknapower.com.br\/?post_type=product&#038;p=3714"},"modified":"2021-06-10T12:10:59","modified_gmt":"2021-06-10T15:10:59","slug":"pulverizador-costal-a-gasolina-tekna-pc260tkdl","status":"publish","type":"product","link":"https:\/\/teknapower.com.br\/?product=pulverizador-costal-a-gasolina-tekna-pc260tkdl","title":{"rendered":"Pulverizador Costal a Gasolina Tekna \u2013 PC260TKDL"},"content":{"rendered":"<p>Com grande reservat\u00f3rio de 25 litros, o Pulverizador Costal Tekna PC260TKDL prolonga o tempo de trabalho sem paradas para o reabastecimento. Equipado com al\u00e7as emborrachadas, bico aspersor em a\u00e7o inox e v\u00e1lvula reguladora de press\u00e3o, torna-se um produto de f\u00e1cil manuseio. Sua bomba atua de forma simult\u00e2nea com as duas lan\u00e7as, garantindo o alto rendimento na opera\u00e7\u00e3o. \u00c9 indicado para aplica\u00e7\u00e3o de inseticidas e fungicidas em culturas de m\u00e9dio porte, e tamb\u00e9m onde \u00e9 necess\u00e1rio uma maior cobertura do produto. Seu conjunto de acess\u00f3rios inclui filtro para part\u00edculas s\u00f3lidas, misturador de combust\u00edvel, kit de ferramentas, duas lan\u00e7as com mangueiras<\/p>\n<p>\u2022 Pot\u00eancia M\u00e1xima 1 HP<br \/>\n\u2022 Cilindrada 26 cc<br \/>\n\u2022 Capacidade de Spray 3-8 L\/min<br \/>\n\u2022 Press\u00e3o de Trabalho 15-25 kgf\/cm\u00b2<br \/>\n\u2022 Press\u00e3o M\u00e1xima 2,5 MPa<\/p>\n","protected":false},"excerpt":{"rendered":"<p>O Pulverizador Costal Tekna PC260TKDL \u00e9 equipado com motor 2 tempos a gasolina, 2 lan\u00e7as e 8 bicos. Tem uma grande extens\u00e3o de opera\u00e7\u00e3o e oferece excelente desempenho com baixo consumo de combust\u00edvel.<\/p>\n<p>\u2022 Com Reservat\u00f3rio de 25 litros<br \/>\n\u2022 Leve e de f\u00e1cil manuseio<br \/>\n\u2022 Baixo Consumo de Combust\u00edvel<\/p>\n","protected":false},"featured_media":3715,"comment_status":"open","ping_status":"closed","template":"","meta":[],"pwb-brand":[],"product_cat":[35,127],"product_tag":[288,159,112,113,286,287],"class_list":{"0":"post-3714","1":"product","2":"type-product","3":"status-publish","4":"has-post-thumbnail","6":"product_cat-agricola","7":"product_cat-pulverizador","8":"product_tag-equipamentos-agricolas-a-gasolina","9":"product_tag-pulverizacao-de-lavoura","10":"product_tag-pulverizador","11":"product_tag-pulverizador-costal","12":"product_tag-pulverizador-costal-a-gasolina","13":"product_tag-pulverizador-costal-a-gasolina-25l","15":"first","16":"instock","17":"shipping-taxable","18":"product-type-simple"},"brands":[],"_links":{"self":[{"href":"https:\/\/teknapower.com.br\/index.php?rest_route=\/wp\/v2\/product\/3714","targetHints":{"allow":["GET"]}}],"collection":[{"href":"https:\/\/teknapower.com.br\/index.php?rest_route=\/wp\/v2\/product"}],"about":[{"href":"https:\/\/teknapower.com.br\/index.php?rest_route=\/wp\/v2\/types\/product"}],"replies":[{"embeddable":true,"href":"https:\/\/teknapower.com.br\/index.php?rest_route=%2Fwp%2Fv2%2Fcomments&post=3714"}],"wp:featuredmedia":[{"embeddable":true,"href":"https:\/\/teknapower.com.br\/index.php?rest_route=\/wp\/v2\/media\/3715"}],"wp:attachment":[{"href":"https:\/\/teknapower.com.br\/index.php?rest_route=%2Fwp%2Fv2%2Fmedia&parent=3714"}],"wp:term":[{"taxonomy":"pwb-brand","embeddable":true,"href":"https:\/\/teknapower.com.br\/index.php?rest_route=%2Fwp%2Fv2%2Fpwb-brand&post=3714"},{"taxonomy":"product_cat","embeddable":true,"href":"https:\/\/teknapower.com.br\/index.php?rest_route=%2Fwp%2Fv2%2Fproduct_cat&post=3714"},{"taxonomy":"product_tag","embeddable":true,"href":"https:\/\/teknapower.com.br\/index.php?rest_route=%2Fwp%2Fv2%2Fproduct_tag&post=3714"}],"curies":[{"name":"wp","href":"https:\/\/api.w.org\/{rel}","templated":true}]}}