{"id":3712,"date":"2021-06-10T12:06:32","date_gmt":"2021-06-10T15:06:32","guid":{"rendered":"https:\/\/teknapower.com.br\/?post_type=product&#038;p=3712"},"modified":"2021-06-10T12:07:12","modified_gmt":"2021-06-10T15:07:12","slug":"podador-de-altura-a-gasolina-tekna-pa260tky","status":"publish","type":"product","link":"https:\/\/teknapower.com.br\/?product=podador-de-altura-a-gasolina-tekna-pa260tky","title":{"rendered":"Podador de Altura a Gasolina Tekna \u2013 PA260TKY"},"content":{"rendered":"<p>O Podador de Altura Tekna \u00e9 uma \u00f3tima op\u00e7\u00e3o pra quem busca qualidade, praticidade e economia. \u00c9 indicado para podas em lugares altos e de dif\u00edcil acesso, sendo ideal para propriet\u00e1rios de ch\u00e1caras e prestadores de servi\u00e7o que precisam ganhar tempo na manuten\u00e7\u00e3o do jardim. Com praticidade, seu tubo bipartido divide-se em 2, facilitando o armazenamento. Sua altura pode chegar at\u00e9 2,3 metros alcan\u00e7ando os galhos mais altos, sem deixar o conforto de lado, pois tamb\u00e9m conta com pega emborrachada e ergon\u00f4mica. \u00c9 acompanhado de um completo kit de ferramentas, que auxiliar\u00e3o em todas as opera\u00e7\u00f5es.<\/p>\n<p>\u2022 Pot\u00eancia 0.95 HP<br \/>\n\u2022 Cilindrada 26 cc<br \/>\n\u2022 Sabre Tekna 10\u201d<br \/>\n\u2022 Extens\u00e3o M\u00e1xima de 2,3 m<\/p>\n","protected":false},"excerpt":{"rendered":"<p>O Podador de Altura Tekna PA260TKY \u00e9 composto com motor 2 tempos e conjunto de corte Tekna de qualidade. Com 26 cilindradas e altura de 2,3 metros, proporciona maior efici\u00eancia no trabalho.<\/p>\n<p>\u2022 Conjunto de Corte Tekna<br \/>\n\u2022 Tubo Bipartido<br \/>\n\u2022 Com Kit de Ferramentas<\/p>\n","protected":false},"featured_media":3713,"comment_status":"open","ping_status":"closed","template":"","meta":[],"pwb-brand":[],"product_cat":[40,62],"product_tag":[170,285,282,107,283,284],"class_list":{"0":"post-3712","1":"product","2":"type-product","3":"status-publish","4":"has-post-thumbnail","6":"product_cat-jardim","7":"product_cat-podador-de-altura","8":"product_tag-cuidados-com-o-jardim","9":"product_tag-poda-de-arvores","10":"product_tag-podador","11":"product_tag-podador-de-altura","12":"product_tag-podador-de-altura-a-gasolina","13":"product_tag-podador-de-altura-a-gasolina-tekna","15":"first","16":"instock","17":"shipping-taxable","18":"product-type-simple"},"brands":[],"_links":{"self":[{"href":"https:\/\/teknapower.com.br\/index.php?rest_route=\/wp\/v2\/product\/3712","targetHints":{"allow":["GET"]}}],"collection":[{"href":"https:\/\/teknapower.com.br\/index.php?rest_route=\/wp\/v2\/product"}],"about":[{"href":"https:\/\/teknapower.com.br\/index.php?rest_route=\/wp\/v2\/types\/product"}],"replies":[{"embeddable":true,"href":"https:\/\/teknapower.com.br\/index.php?rest_route=%2Fwp%2Fv2%2Fcomments&post=3712"}],"wp:featuredmedia":[{"embeddable":true,"href":"https:\/\/teknapower.com.br\/index.php?rest_route=\/wp\/v2\/media\/3713"}],"wp:attachment":[{"href":"https:\/\/teknapower.com.br\/index.php?rest_route=%2Fwp%2Fv2%2Fmedia&parent=3712"}],"wp:term":[{"taxonomy":"pwb-brand","embeddable":true,"href":"https:\/\/teknapower.com.br\/index.php?rest_route=%2Fwp%2Fv2%2Fpwb-brand&post=3712"},{"taxonomy":"product_cat","embeddable":true,"href":"https:\/\/teknapower.com.br\/index.php?rest_route=%2Fwp%2Fv2%2Fproduct_cat&post=3712"},{"taxonomy":"product_tag","embeddable":true,"href":"https:\/\/teknapower.com.br\/index.php?rest_route=%2Fwp%2Fv2%2Fproduct_tag&post=3712"}],"curies":[{"name":"wp","href":"https:\/\/api.w.org\/{rel}","templated":true}]}}