{"id":3702,"date":"2021-06-10T11:41:39","date_gmt":"2021-06-10T14:41:39","guid":{"rendered":"https:\/\/teknapower.com.br\/?post_type=product&#038;p=3702"},"modified":"2021-06-10T11:42:58","modified_gmt":"2021-06-10T14:42:58","slug":"soprador-costal-a-gasolina-tekna-sc600tky","status":"publish","type":"product","link":"https:\/\/teknapower.com.br\/?product=soprador-costal-a-gasolina-tekna-sc600tky","title":{"rendered":"Soprador Costal a Gasolina Tekna \u2013 SC600TKY"},"content":{"rendered":"<p>Pr\u00e1tico, o Soprador Costal a Gasolina Tekna SC600TKY \u00e9 equipado com mochila ergon\u00f4mica que facilita o manuseio e distribui bem o peso do equipamento, e empunhadura ergon\u00f4mica, capaz de controlar a velocidade da sa\u00edda do ar. Adequado para uso frequente, \u00e9 ideal para a limpeza e manuten\u00e7\u00e3o de p\u00e1tios, jardins, garagens e clubes. Seu grande volume de ar o torna capaz de auxiliar tamb\u00e9m na limpeza de m\u00e1quinas e implementos agr\u00edcolas, proporcionando maior variedade de uso. Conta com kit de ferramentas, cinto de opera\u00e7\u00e3o, misturador de combust\u00edvel e 4 tubos que podem ser facilmente desmontados.<\/p>\n<p>\u2022 Pot\u00eancia de 3,75 HP<br \/>\n\u2022 Cilindrada 59,2 cc<br \/>\n\u2022 Vaz\u00e3o de Ar 1.152 m\u00b3\/h<br \/>\n\u2022 Capacidade do Tanque 1800 ml<\/p>\n","protected":false},"excerpt":{"rendered":"<p>O Soprador Costal a Gasolina Tekna SC600TKY tem excelente rela\u00e7\u00e3o peso-pot\u00eancia. Conta com motor 2 tempos de 59,2 cilindradas e alta velocidade de sa\u00edda de ar e vaz\u00e3o.<\/p>\n<p>\u2022 Com Mochila Ergon\u00f4mica<br \/>\n\u2022 F\u00e1cil de Operar<br \/>\n\u2022 Com 4 Tubos<\/p>\n","protected":false},"featured_media":3703,"comment_status":"open","ping_status":"closed","template":"","meta":[],"pwb-brand":[],"product_cat":[40,63],"product_tag":[273,280,269,278,279,271],"class_list":{"0":"post-3702","1":"product","2":"type-product","3":"status-publish","4":"has-post-thumbnail","6":"product_cat-jardim","7":"product_cat-soprador","8":"product_tag-como-limpar-as-folhas-do-jardim","9":"product_tag-equipamentos-de-manutencao-do-jardim","10":"product_tag-soprador","11":"product_tag-soprador-costal","12":"product_tag-soprador-costal-com-mochila","13":"product_tag-soprador-de-folhas-a-gasolina","15":"first","16":"instock","17":"shipping-taxable","18":"product-type-simple"},"brands":[],"_links":{"self":[{"href":"https:\/\/teknapower.com.br\/index.php?rest_route=\/wp\/v2\/product\/3702","targetHints":{"allow":["GET"]}}],"collection":[{"href":"https:\/\/teknapower.com.br\/index.php?rest_route=\/wp\/v2\/product"}],"about":[{"href":"https:\/\/teknapower.com.br\/index.php?rest_route=\/wp\/v2\/types\/product"}],"replies":[{"embeddable":true,"href":"https:\/\/teknapower.com.br\/index.php?rest_route=%2Fwp%2Fv2%2Fcomments&post=3702"}],"wp:featuredmedia":[{"embeddable":true,"href":"https:\/\/teknapower.com.br\/index.php?rest_route=\/wp\/v2\/media\/3703"}],"wp:attachment":[{"href":"https:\/\/teknapower.com.br\/index.php?rest_route=%2Fwp%2Fv2%2Fmedia&parent=3702"}],"wp:term":[{"taxonomy":"pwb-brand","embeddable":true,"href":"https:\/\/teknapower.com.br\/index.php?rest_route=%2Fwp%2Fv2%2Fpwb-brand&post=3702"},{"taxonomy":"product_cat","embeddable":true,"href":"https:\/\/teknapower.com.br\/index.php?rest_route=%2Fwp%2Fv2%2Fproduct_cat&post=3702"},{"taxonomy":"product_tag","embeddable":true,"href":"https:\/\/teknapower.com.br\/index.php?rest_route=%2Fwp%2Fv2%2Fproduct_tag&post=3702"}],"curies":[{"name":"wp","href":"https:\/\/api.w.org\/{rel}","templated":true}]}}