{"id":3700,"date":"2021-06-10T11:38:43","date_gmt":"2021-06-10T14:38:43","guid":{"rendered":"https:\/\/teknapower.com.br\/?post_type=product&#038;p=3700"},"modified":"2021-06-10T11:38:43","modified_gmt":"2021-06-10T14:38:43","slug":"soprador-a-gasolina-tekna-sa260tky","status":"publish","type":"product","link":"https:\/\/teknapower.com.br\/?product=soprador-a-gasolina-tekna-sa260tky","title":{"rendered":"Soprador a Gasolina Tekna \u2013 SA260TKY"},"content":{"rendered":"<p>Econ\u00f4mico, o Sopro Aspirador a Gasolina Tekna SA260TKY possui motor 2 tempos, com \u00f3tima pot\u00eancia e baixo peso. Equipado com bolsa recolhedora de 40 litros, evita pausas durante a opera\u00e7\u00e3o, fazendo com que aumente o rendimento no trabalho. Adequado para uso ocasional, \u00e9 ideal para a limpeza e manuten\u00e7\u00e3o de terrenos, p\u00e1tios, cal\u00e7adas, estacionamentos, parques, \u00e1reas verdes e calhas. Possui partida retr\u00e1til e chave liga\/desliga que resultam em uma opera\u00e7\u00e3o f\u00e1cil e eficiente. Conta com kit de ferramentas, cinto de opera\u00e7\u00e3o, misturador de combust\u00edvel, bolsa coletora com al\u00e7a e 4 tubos que podem ser facilmente desmontados.<\/p>\n<p>\u2022 Pot\u00eancia de 1 HP<br \/>\n\u2022 Cilindrada 26 cc<br \/>\n\u2022 Vaz\u00e3o de Ar 612 m\u00b3\/h<br \/>\n\u2022 Capacidade do Tanque 500 ml<\/p>\n","protected":false},"excerpt":{"rendered":"<p>O Sopro Aspirador a Gasolina Tekna SA260TKY \u00e9 leve, compacto e f\u00e1cil de operar. Une as fun\u00e7\u00f5es de soprar e aspirar em um \u00fanico equipamento. Com volume de ar de 612 m\u00b3\/hora apresenta um desempenho superior, mantendo a seguran\u00e7a e a durabilidade.<\/p>\n<p>\u2022 Compacto<br \/>\n\u2022 Soprador e Aspirador<br \/>\n\u2022 Bolsa Coletora de 40 litros<\/p>\n","protected":false},"featured_media":3701,"comment_status":"open","ping_status":"closed","template":"","meta":[],"pwb-brand":[],"product_cat":[40,64],"product_tag":[276,277,275,87,274,211],"class_list":{"0":"post-3700","1":"product","2":"type-product","3":"status-publish","4":"has-post-thumbnail","6":"product_cat-jardim","7":"product_cat-sopro-aspirador","8":"product_tag-como-limpar-as-folhas-do-gramado","9":"product_tag-equipamentos-para-limpeza-do-jardim","10":"product_tag-soprador-e-aspirador-a-gasolina","11":"product_tag-sopro-aspirador","12":"product_tag-sopro-aspirador-a-gasolina","13":"product_tag-sopro-aspirador-com-bolsa-coletora","15":"first","16":"instock","17":"shipping-taxable","18":"product-type-simple"},"brands":[],"_links":{"self":[{"href":"https:\/\/teknapower.com.br\/index.php?rest_route=\/wp\/v2\/product\/3700","targetHints":{"allow":["GET"]}}],"collection":[{"href":"https:\/\/teknapower.com.br\/index.php?rest_route=\/wp\/v2\/product"}],"about":[{"href":"https:\/\/teknapower.com.br\/index.php?rest_route=\/wp\/v2\/types\/product"}],"replies":[{"embeddable":true,"href":"https:\/\/teknapower.com.br\/index.php?rest_route=%2Fwp%2Fv2%2Fcomments&post=3700"}],"wp:featuredmedia":[{"embeddable":true,"href":"https:\/\/teknapower.com.br\/index.php?rest_route=\/wp\/v2\/media\/3701"}],"wp:attachment":[{"href":"https:\/\/teknapower.com.br\/index.php?rest_route=%2Fwp%2Fv2%2Fmedia&parent=3700"}],"wp:term":[{"taxonomy":"pwb-brand","embeddable":true,"href":"https:\/\/teknapower.com.br\/index.php?rest_route=%2Fwp%2Fv2%2Fpwb-brand&post=3700"},{"taxonomy":"product_cat","embeddable":true,"href":"https:\/\/teknapower.com.br\/index.php?rest_route=%2Fwp%2Fv2%2Fproduct_cat&post=3700"},{"taxonomy":"product_tag","embeddable":true,"href":"https:\/\/teknapower.com.br\/index.php?rest_route=%2Fwp%2Fv2%2Fproduct_tag&post=3700"}],"curies":[{"name":"wp","href":"https:\/\/api.w.org\/{rel}","templated":true}]}}