{"id":3694,"date":"2021-06-10T11:36:08","date_gmt":"2021-06-10T14:36:08","guid":{"rendered":"https:\/\/teknapower.com.br\/?post_type=product&#038;p=3694"},"modified":"2026-04-07T15:35:24","modified_gmt":"2026-04-07T18:35:24","slug":"soprador-a-gasolina-tekna-s260tky","status":"publish","type":"product","link":"https:\/\/teknapower.com.br\/?product=soprador-a-gasolina-tekna-s260tky","title":{"rendered":"Soprador a Gasolina Tekna \u2013 S260TKY"},"content":{"rendered":"<p>Econ\u00f4mico, o Soprador a Gasolina Tekna S260TKY \u00e9 equipado com motor 2 tempos, com \u00f3tima pot\u00eancia e baixo peso. Adequado para uso ocasional, \u00e9 ideal para a limpeza e manuten\u00e7\u00e3o de p\u00e1tios, jardins, garagens e clubes. Seu grande volume de ar o torna capaz de auxiliar tamb\u00e9m na limpeza de m\u00e1quinas e implementos agr\u00edcolas, proporcionando maior variedade de uso. Conta com kit de ferramentas, misturador de combust\u00edvel e 4 tubos que podem ser facilmente desmontados.<\/p>\n<p>\u2022 Pot\u00eancia de 1 HP<br \/>\n\u2022 Cilindrada 26 cc<br \/>\n\u2022 Vaz\u00e3o de Ar 612 m\u00b3\/h<br \/>\n\u2022 Capacidade do Tanque 500 ml<\/p>\n","protected":false},"excerpt":{"rendered":"<p>O Soprador a Gasolina Tekna S260TKY \u00e9 leve, compacto e f\u00e1cil de operar. Com volume de ar de 612 m\u00b3\/hora apresenta um desempenho superior, mantendo a seguran\u00e7a e a durabilidade.<\/p>\n<p>\u2022 Compacto<br \/>\n\u2022 F\u00e1cil de Operar<br \/>\n\u2022 Com 4 Tubos<\/p>\n","protected":false},"featured_media":3695,"comment_status":"open","ping_status":"closed","template":"","meta":[],"pwb-brand":[],"product_cat":[40,63],"product_tag":[273,192,269,270,271,272],"class_list":{"0":"post-3694","1":"product","2":"type-product","3":"status-publish","4":"has-post-thumbnail","6":"product_cat-jardim","7":"product_cat-soprador","8":"product_tag-como-limpar-as-folhas-do-jardim","9":"product_tag-equipamentos-para-jardim","10":"product_tag-soprador","11":"product_tag-soprador-de-folhas","12":"product_tag-soprador-de-folhas-a-gasolina","13":"product_tag-soprador-de-folhas-compacto","15":"first","16":"instock","17":"shipping-taxable","18":"product-type-simple"},"brands":[],"_links":{"self":[{"href":"https:\/\/teknapower.com.br\/index.php?rest_route=\/wp\/v2\/product\/3694","targetHints":{"allow":["GET"]}}],"collection":[{"href":"https:\/\/teknapower.com.br\/index.php?rest_route=\/wp\/v2\/product"}],"about":[{"href":"https:\/\/teknapower.com.br\/index.php?rest_route=\/wp\/v2\/types\/product"}],"replies":[{"embeddable":true,"href":"https:\/\/teknapower.com.br\/index.php?rest_route=%2Fwp%2Fv2%2Fcomments&post=3694"}],"wp:featuredmedia":[{"embeddable":true,"href":"https:\/\/teknapower.com.br\/index.php?rest_route=\/wp\/v2\/media\/3695"}],"wp:attachment":[{"href":"https:\/\/teknapower.com.br\/index.php?rest_route=%2Fwp%2Fv2%2Fmedia&parent=3694"}],"wp:term":[{"taxonomy":"pwb-brand","embeddable":true,"href":"https:\/\/teknapower.com.br\/index.php?rest_route=%2Fwp%2Fv2%2Fpwb-brand&post=3694"},{"taxonomy":"product_cat","embeddable":true,"href":"https:\/\/teknapower.com.br\/index.php?rest_route=%2Fwp%2Fv2%2Fproduct_cat&post=3694"},{"taxonomy":"product_tag","embeddable":true,"href":"https:\/\/teknapower.com.br\/index.php?rest_route=%2Fwp%2Fv2%2Fproduct_tag&post=3694"}],"curies":[{"name":"wp","href":"https:\/\/api.w.org\/{rel}","templated":true}]}}