{"id":3692,"date":"2021-06-10T11:32:06","date_gmt":"2021-06-10T14:32:06","guid":{"rendered":"https:\/\/teknapower.com.br\/?post_type=product&#038;p=3692"},"modified":"2021-06-10T11:32:06","modified_gmt":"2021-06-10T14:32:06","slug":"rabeta-vertical-tekna-rab870a","status":"publish","type":"product","link":"https:\/\/teknapower.com.br\/?product=rabeta-vertical-tekna-rab870a","title":{"rendered":"Rabeta Vertical Tekna \u2013 RAB870A"},"content":{"rendered":"<p>Indicada para os motores M52XS e M61XS, a Rabeta Tekna RAB870A possui uma estrutura compacta e de baixo peso, sendo adequada para uso intensivo. Proporciona mobilidade e efici\u00eancia para uma navega\u00e7\u00e3o tranquila e segura. \u00c9 facilmente manuseado e acoplado ao motor.<\/p>\n<p>\u2022 Dimens\u00f5es da H\u00e9lice 7\u201d 1\/4\u201d x5<br \/>\n\u2022 Tambor da Engrenagem 78 mm<br \/>\n\u2022 Com partida manual<br \/>\n\u2022 Compat\u00edvel com motor de 42 cc at\u00e9 61 cc<\/p>\n","protected":false},"excerpt":{"rendered":"<p>A Rabeta Vetical Tekna RAB870A \u00e9 compat\u00edvel com motores 2 tempos de 43 at\u00e9 60 cilindradas, para o melhor funcionamento do produto.<\/p>\n<p>\u2022 Longa Durabilidade<br \/>\n\u2022 Man\u00edpulos Articulados<br \/>\n\u2022 Leve e Eficiente<\/p>\n","protected":false},"featured_media":3693,"comment_status":"open","ping_status":"closed","template":"","meta":[],"pwb-brand":[],"product_cat":[56],"product_tag":[267,268,263,266,265,264],"class_list":{"0":"post-3692","1":"product","2":"type-product","3":"status-publish","4":"has-post-thumbnail","6":"product_cat-rabetas","7":"product_tag-equipamentos-para-barcos","8":"product_tag-equipamentos-para-navegacao","9":"product_tag-rabeta","10":"product_tag-rabeta-para-barcos","11":"product_tag-rabeta-para-motor-a-gasolina","12":"product_tag-rabeta-sem-motor","14":"first","15":"instock","16":"shipping-taxable","17":"product-type-simple"},"brands":[],"_links":{"self":[{"href":"https:\/\/teknapower.com.br\/index.php?rest_route=\/wp\/v2\/product\/3692","targetHints":{"allow":["GET"]}}],"collection":[{"href":"https:\/\/teknapower.com.br\/index.php?rest_route=\/wp\/v2\/product"}],"about":[{"href":"https:\/\/teknapower.com.br\/index.php?rest_route=\/wp\/v2\/types\/product"}],"replies":[{"embeddable":true,"href":"https:\/\/teknapower.com.br\/index.php?rest_route=%2Fwp%2Fv2%2Fcomments&post=3692"}],"wp:featuredmedia":[{"embeddable":true,"href":"https:\/\/teknapower.com.br\/index.php?rest_route=\/wp\/v2\/media\/3693"}],"wp:attachment":[{"href":"https:\/\/teknapower.com.br\/index.php?rest_route=%2Fwp%2Fv2%2Fmedia&parent=3692"}],"wp:term":[{"taxonomy":"pwb-brand","embeddable":true,"href":"https:\/\/teknapower.com.br\/index.php?rest_route=%2Fwp%2Fv2%2Fpwb-brand&post=3692"},{"taxonomy":"product_cat","embeddable":true,"href":"https:\/\/teknapower.com.br\/index.php?rest_route=%2Fwp%2Fv2%2Fproduct_cat&post=3692"},{"taxonomy":"product_tag","embeddable":true,"href":"https:\/\/teknapower.com.br\/index.php?rest_route=%2Fwp%2Fv2%2Fproduct_tag&post=3692"}],"curies":[{"name":"wp","href":"https:\/\/api.w.org\/{rel}","templated":true}]}}