{"id":3681,"date":"2021-06-10T11:12:16","date_gmt":"2021-06-10T14:12:16","guid":{"rendered":"https:\/\/teknapower.com.br\/?post_type=product&#038;p=3681"},"modified":"2021-06-11T13:44:24","modified_gmt":"2021-06-11T16:44:24","slug":"rocadeira-costal-a-gasolina-tekna-rc430xs","status":"publish","type":"product","link":"https:\/\/teknapower.com.br\/?product=rocadeira-costal-a-gasolina-tekna-rc430xs","title":{"rendered":"Ro\u00e7adeira Costal a Gasolina Tekna \u2013 RC430XS"},"content":{"rendered":"<p>A Ro\u00e7adeira Costal a Gasolina Tekna RC430XS foi desenvolvida para realizar de forma \u00e1gil e confort\u00e1vel a limpeza de gramados, jardins e terrenos, sobretudo em terrenos inclinados e de dif\u00edcil acesso. Adequada para uso frequente, \u00e9 ideal para cortar capim alto, grama, ervas daninhas e vegeta\u00e7\u00e3o rasteira de m\u00e9dia e alta densidade. Equipada com l\u00e2mina de v\u00eddea, \u00e9 capaz de cortar tamb\u00e9m pequenos galhos. Com guid\u00e3o ergon\u00f4mico modelo &#8216;D&#8217; e mochila, facilita o manuseio e distribui bem o peso do equipamento, evitando o excessivo cansa\u00e7o durante o uso. Seu conjunto de acess\u00f3rios inclui kit de ferramentas, misturador de combust\u00edvel, cinto de apoio, carretel de nylon e l\u00e2mina de v\u00eddea.<\/p>\n<p>\u2022 Cilindrada 42,7 cc<br \/>\n\u2022 Pot\u00eancia 1,7 HP<br \/>\n\u2022 Capacidade do Tanque 1200 ml<br \/>\n\u2022 Rota\u00e7\u00e3o M\u00e1xima 10000 RPM<\/p>\n","protected":false},"excerpt":{"rendered":"<p>A Ro\u00e7adeira Costal Tekna RC430XS possui motor 2 tempos a gasolina, de 42,7 cc e 1,7 HP de pot\u00eancia que proporcionam grande qualidade no corte e baixo consumo de combust\u00edvel. Com mochila, almofadada proporciona conforto e estabilidade na opera\u00e7\u00e3o.<\/p>\n<p>\u2022 Al\u00e7a D<br \/>\n\u2022 Kit de Ferramentas<br \/>\n\u2022 Cinto de Suporte<br \/>\n\u2022 L\u00e2mina de V\u00eddea<br \/>\n\u2022 Cabe\u00e7ote de Nylon Bate-Libera<\/p>\n","protected":false},"featured_media":3683,"comment_status":"open","ping_status":"closed","template":"","meta":[],"pwb-brand":[],"product_cat":[35,124,40,129],"product_tag":[170,262,81,259,261,260],"class_list":{"0":"post-3681","1":"product","2":"type-product","3":"status-publish","4":"has-post-thumbnail","6":"product_cat-agricola","7":"product_cat-rocadeira","8":"product_cat-jardim","9":"product_cat-rocadeira-jardim","10":"product_tag-cuidados-com-o-jardim","11":"product_tag-manutencao-de-terrenos","12":"product_tag-rocadeira","13":"product_tag-rocadeira-costal","14":"product_tag-rocadeira-costal-a-combustao","15":"product_tag-rocadeira-costal-a-gasolina","17":"first","18":"instock","19":"shipping-taxable","20":"product-type-simple"},"brands":[],"_links":{"self":[{"href":"https:\/\/teknapower.com.br\/index.php?rest_route=\/wp\/v2\/product\/3681","targetHints":{"allow":["GET"]}}],"collection":[{"href":"https:\/\/teknapower.com.br\/index.php?rest_route=\/wp\/v2\/product"}],"about":[{"href":"https:\/\/teknapower.com.br\/index.php?rest_route=\/wp\/v2\/types\/product"}],"replies":[{"embeddable":true,"href":"https:\/\/teknapower.com.br\/index.php?rest_route=%2Fwp%2Fv2%2Fcomments&post=3681"}],"wp:featuredmedia":[{"embeddable":true,"href":"https:\/\/teknapower.com.br\/index.php?rest_route=\/wp\/v2\/media\/3683"}],"wp:attachment":[{"href":"https:\/\/teknapower.com.br\/index.php?rest_route=%2Fwp%2Fv2%2Fmedia&parent=3681"}],"wp:term":[{"taxonomy":"pwb-brand","embeddable":true,"href":"https:\/\/teknapower.com.br\/index.php?rest_route=%2Fwp%2Fv2%2Fpwb-brand&post=3681"},{"taxonomy":"product_cat","embeddable":true,"href":"https:\/\/teknapower.com.br\/index.php?rest_route=%2Fwp%2Fv2%2Fproduct_cat&post=3681"},{"taxonomy":"product_tag","embeddable":true,"href":"https:\/\/teknapower.com.br\/index.php?rest_route=%2Fwp%2Fv2%2Fproduct_tag&post=3681"}],"curies":[{"name":"wp","href":"https:\/\/api.w.org\/{rel}","templated":true}]}}