{"id":3655,"date":"2021-06-10T10:20:48","date_gmt":"2021-06-10T13:20:48","guid":{"rendered":"https:\/\/teknapower.com.br\/?post_type=product&#038;p=3655"},"modified":"2021-06-11T13:55:07","modified_gmt":"2021-06-11T16:55:07","slug":"rocadeira-a-gasolina-tekna-rl330xs","status":"publish","type":"product","link":"https:\/\/teknapower.com.br\/?product=rocadeira-a-gasolina-tekna-rl330xs","title":{"rendered":"Ro\u00e7adeira a Gasolina Tekna \u2013 RL330XS"},"content":{"rendered":"<p>A Ro\u00e7adeira a Gasolina Tekna RL330XS realiza de forma \u00e1gil e confort\u00e1vel o cuidado com gramados, jardins e quintais. Adequada para uso frequente, \u00e9 ideal para cortar grama, ervas daninhas e vegeta\u00e7\u00e3o rasteira. Oferece uma \u00f3tima rela\u00e7\u00e3o peso-pot\u00eancia, que proporciona baixo consumo de combust\u00edvel. Com guid\u00e3o ergon\u00f4mico lateral e tubo inteiri\u00e7o, permite um alcance amplo capaz de aumentar a produtividade di\u00e1ria. Seu conjunto de acess\u00f3rios inclui kit de ferramentas, misturador de combust\u00edvel, cinto de apoio, carretel de nylon e l\u00e2mina de 3 pontas.<\/p>\n<p>\u2022 Cilindrada 32,6 cc<br \/>\n\u2022 Pot\u00eancia 1,2 HP<br \/>\n\u2022 Capacidade do Tanque 950 ml<br \/>\n\u2022 Rota\u00e7\u00e3o M\u00e1xima 10000 RPM<\/p>\n","protected":false},"excerpt":{"rendered":"<p>A Ro\u00e7adeira Lateral Tekna RL330XS possui motor 2 tempos a gasolina, de 32,6 cc e 1,2 HP de pot\u00eancia que proporcionam grande qualidade no corte e baixo consumo de combust\u00edvel.<\/p>\n<p>\u2022 Guid\u00e3o Lateral<br \/>\n\u2022 Kit de Ferramentas<br \/>\n\u2022 Cinto de Suporte<br \/>\n\u2022 L\u00e2mina de 3 Pontas<br \/>\n\u2022 Cabe\u00e7ote de Nylon Bate-Libera<\/p>\n","protected":false},"featured_media":3656,"comment_status":"open","ping_status":"closed","template":"","meta":[],"pwb-brand":[],"product_cat":[35,124,40,129],"product_tag":[170,236,81,235,82,234],"class_list":{"0":"post-3655","1":"product","2":"type-product","3":"status-publish","4":"has-post-thumbnail","6":"product_cat-agricola","7":"product_cat-rocadeira","8":"product_cat-jardim","9":"product_cat-rocadeira-jardim","10":"product_tag-cuidados-com-o-jardim","11":"product_tag-manutencao-do-jardim","12":"product_tag-rocadeira","13":"product_tag-rocadeira-a-combustao","14":"product_tag-rocadeira-a-gasolina","15":"product_tag-rocadeira-lateral-a-gasolina","17":"first","18":"instock","19":"shipping-taxable","20":"product-type-simple"},"brands":[],"_links":{"self":[{"href":"https:\/\/teknapower.com.br\/index.php?rest_route=\/wp\/v2\/product\/3655","targetHints":{"allow":["GET"]}}],"collection":[{"href":"https:\/\/teknapower.com.br\/index.php?rest_route=\/wp\/v2\/product"}],"about":[{"href":"https:\/\/teknapower.com.br\/index.php?rest_route=\/wp\/v2\/types\/product"}],"replies":[{"embeddable":true,"href":"https:\/\/teknapower.com.br\/index.php?rest_route=%2Fwp%2Fv2%2Fcomments&post=3655"}],"wp:featuredmedia":[{"embeddable":true,"href":"https:\/\/teknapower.com.br\/index.php?rest_route=\/wp\/v2\/media\/3656"}],"wp:attachment":[{"href":"https:\/\/teknapower.com.br\/index.php?rest_route=%2Fwp%2Fv2%2Fmedia&parent=3655"}],"wp:term":[{"taxonomy":"pwb-brand","embeddable":true,"href":"https:\/\/teknapower.com.br\/index.php?rest_route=%2Fwp%2Fv2%2Fpwb-brand&post=3655"},{"taxonomy":"product_cat","embeddable":true,"href":"https:\/\/teknapower.com.br\/index.php?rest_route=%2Fwp%2Fv2%2Fproduct_cat&post=3655"},{"taxonomy":"product_tag","embeddable":true,"href":"https:\/\/teknapower.com.br\/index.php?rest_route=%2Fwp%2Fv2%2Fproduct_tag&post=3655"}],"curies":[{"name":"wp","href":"https:\/\/api.w.org\/{rel}","templated":true}]}}