{"id":3644,"date":"2021-06-10T10:09:18","date_gmt":"2021-06-10T13:09:18","guid":{"rendered":"https:\/\/teknapower.com.br\/?post_type=product&#038;p=3644"},"modified":"2021-06-10T10:09:18","modified_gmt":"2021-06-10T13:09:18","slug":"aparador-de-cerca-viva-a-gasolina-tekna-cc260tky","status":"publish","type":"product","link":"https:\/\/teknapower.com.br\/?product=aparador-de-cerca-viva-a-gasolina-tekna-cc260tky","title":{"rendered":"Aparador de Cerca Viva a Gasolina Tekna \u2013 CC260TKY"},"content":{"rendered":"<p>O Aparador de Cerca Viva a Gasolina Tekna CC260TKY \u00e9 f\u00e1cil de manusear e apresenta um \u00f3timo desempenho, pois conta com uma l\u00e2mina dupla com largura de corte de 600 mm, com dentes afiados em ambos os lados, que trabalham numa velocidade de 1.600 golpes por minuto. \u00c9 ideal para cortar e nivelar vegeta\u00e7\u00f5es, arbustos, \u00e1rvores e cercas vivas. Possui manopla rotativa, que facilita para trabalhar nas mais diversas posi\u00e7\u00f5es de corte. Conta com kit de ferramentas e misturador de combust\u00edvel.<\/p>\n<p>\u2022 Pot\u00eancia de 1 HP<br \/>\n\u2022 L\u00e2mina de 600 mm<br \/>\n\u2022 Rota\u00e7\u00e3o M\u00e1xima 12000 \u00b1 150 RPM<br \/>\n\u2022 Velocidade do Corte 1600 golpes\/min<\/p>\n","protected":false},"excerpt":{"rendered":"<p>O Aparador de Cerca Viva a Gasolina Tekna CC260TKY possui motor 2 tempos de 26 cc, com pot\u00eancia e ergonomia na medida certa e l\u00e2minas de duplo corte, com corte \u00fanico para auxiliar o operador.<\/p>\n<p>\u2022 L\u00e2minas Duplas<br \/>\n\u2022 Manopla Rotativa<br \/>\n\u2022 Potente e Econ\u00f4mico<\/p>\n","protected":false},"featured_media":3645,"comment_status":"open","ping_status":"closed","template":"","meta":[],"pwb-brand":[],"product_cat":[40,57],"product_tag":[77,195,93,252,191,192],"class_list":{"0":"post-3644","1":"product","2":"type-product","3":"status-publish","4":"has-post-thumbnail","6":"product_cat-jardim","7":"product_cat-aparador-de-cerca-viva","8":"product_tag-aparador","9":"product_tag-aparador-de-arbustos","10":"product_tag-aparador-de-cerca-viva","11":"product_tag-aparador-de-cerca-viva-a-gasolina","12":"product_tag-como-cuidar-do-seu-jardim","13":"product_tag-equipamentos-para-jardim","15":"first","16":"instock","17":"shipping-taxable","18":"product-type-simple"},"brands":[],"_links":{"self":[{"href":"https:\/\/teknapower.com.br\/index.php?rest_route=\/wp\/v2\/product\/3644","targetHints":{"allow":["GET"]}}],"collection":[{"href":"https:\/\/teknapower.com.br\/index.php?rest_route=\/wp\/v2\/product"}],"about":[{"href":"https:\/\/teknapower.com.br\/index.php?rest_route=\/wp\/v2\/types\/product"}],"replies":[{"embeddable":true,"href":"https:\/\/teknapower.com.br\/index.php?rest_route=%2Fwp%2Fv2%2Fcomments&post=3644"}],"wp:featuredmedia":[{"embeddable":true,"href":"https:\/\/teknapower.com.br\/index.php?rest_route=\/wp\/v2\/media\/3645"}],"wp:attachment":[{"href":"https:\/\/teknapower.com.br\/index.php?rest_route=%2Fwp%2Fv2%2Fmedia&parent=3644"}],"wp:term":[{"taxonomy":"pwb-brand","embeddable":true,"href":"https:\/\/teknapower.com.br\/index.php?rest_route=%2Fwp%2Fv2%2Fpwb-brand&post=3644"},{"taxonomy":"product_cat","embeddable":true,"href":"https:\/\/teknapower.com.br\/index.php?rest_route=%2Fwp%2Fv2%2Fproduct_cat&post=3644"},{"taxonomy":"product_tag","embeddable":true,"href":"https:\/\/teknapower.com.br\/index.php?rest_route=%2Fwp%2Fv2%2Fproduct_tag&post=3644"}],"curies":[{"name":"wp","href":"https:\/\/api.w.org\/{rel}","templated":true}]}}