{"id":3639,"date":"2021-06-10T10:00:22","date_gmt":"2021-06-10T13:00:22","guid":{"rendered":"https:\/\/teknapower.com.br\/?post_type=product&#038;p=3639"},"modified":"2021-06-10T10:00:22","modified_gmt":"2021-06-10T13:00:22","slug":"atomizador-costal-a-gasolina-tekna-ac600tky","status":"publish","type":"product","link":"https:\/\/teknapower.com.br\/?product=atomizador-costal-a-gasolina-tekna-ac600tky","title":{"rendered":"Atomizador Costal a Gasolina Tekna \u2013 AC600TKY"},"content":{"rendered":"<p>O Atomizador a Gasolina Tekna AC600TKY \u00e9 capaz de pulverizar uma variedade de produtos, desde l\u00edquidos at\u00e9 p\u00f3 e granulados. Seu bico ULV libera part\u00edculas ultra finas que proporcionam maior alcance e penetra\u00e7\u00e3o do produto aplicado, estendendo seu alcance em at\u00e9 16 metros horizontalmente. Com al\u00e7as e costas almofadadas, distribui bem o peso do equipamento de maneira confort\u00e1vel ao operador. Pode ser utilizados no combate do mosquito Aedes Aegypti, no controle de pragas em cultivos de m\u00e9dio e grande porte, na alimenta\u00e7\u00e3o de peixes, na higieniza\u00e7\u00e3o de ordenhas. E tamb\u00e9m, na desinfec\u00e7\u00e3o de estabelecimentos, com aplica\u00e7\u00e3o de produtos sanit\u00e1rios. Para auxiliar em todos esses processos, conta com um completo Kit de acess\u00f3rios.<\/p>\n<p>\u2022 Pot\u00eancia M\u00e1xima 3,35 HP<br \/>\n\u2022 Cilindrada 56,5 cc<br \/>\n\u2022 Alcance M\u00e1ximo Horizontal 16 m<br \/>\n\u2022 Rota\u00e7\u00e3o Ventoinha 7500 rpm<\/p>\n","protected":false},"excerpt":{"rendered":"<p>O Atomizador Costal a Gasolina Tekna AC600TKY possui motor 2 tempos de 56,5 cilindradas. Com capacidade de 14 litros no reservat\u00f3rio e Kit ULV, \u00e9 capaz de pulverizar l\u00edquidos, p\u00f3 e granulados por um longo tempo, sem paradas para o reabastecimento.<\/p>\n<p>\u2022 Reservat\u00f3rio de 14 litros<br \/>\n\u2022 Pulveriza L\u00edquidos, P\u00f3 e Granulados<br \/>\n\u2022 Com Kit ULV<\/p>\n","protected":false},"featured_media":3640,"comment_status":"open","ping_status":"closed","template":"","meta":[],"pwb-brand":[],"product_cat":[35,126],"product_tag":[132,135,133,134,136,137],"class_list":{"0":"post-3639","1":"product","2":"type-product","3":"status-publish","4":"has-post-thumbnail","6":"product_cat-agricola","7":"product_cat-atomizador","8":"product_tag-atomizador","9":"product_tag-atomizador-a-gasolina-14l","10":"product_tag-atomizador-costal","11":"product_tag-atomizador-costal-a-gasolina","12":"product_tag-controle-de-pragas-na-plantacao","13":"product_tag-equipamentos-para-dedetizacao","15":"first","16":"instock","17":"shipping-taxable","18":"product-type-simple"},"brands":[],"_links":{"self":[{"href":"https:\/\/teknapower.com.br\/index.php?rest_route=\/wp\/v2\/product\/3639","targetHints":{"allow":["GET"]}}],"collection":[{"href":"https:\/\/teknapower.com.br\/index.php?rest_route=\/wp\/v2\/product"}],"about":[{"href":"https:\/\/teknapower.com.br\/index.php?rest_route=\/wp\/v2\/types\/product"}],"replies":[{"embeddable":true,"href":"https:\/\/teknapower.com.br\/index.php?rest_route=%2Fwp%2Fv2%2Fcomments&post=3639"}],"wp:featuredmedia":[{"embeddable":true,"href":"https:\/\/teknapower.com.br\/index.php?rest_route=\/wp\/v2\/media\/3640"}],"wp:attachment":[{"href":"https:\/\/teknapower.com.br\/index.php?rest_route=%2Fwp%2Fv2%2Fmedia&parent=3639"}],"wp:term":[{"taxonomy":"pwb-brand","embeddable":true,"href":"https:\/\/teknapower.com.br\/index.php?rest_route=%2Fwp%2Fv2%2Fpwb-brand&post=3639"},{"taxonomy":"product_cat","embeddable":true,"href":"https:\/\/teknapower.com.br\/index.php?rest_route=%2Fwp%2Fv2%2Fproduct_cat&post=3639"},{"taxonomy":"product_tag","embeddable":true,"href":"https:\/\/teknapower.com.br\/index.php?rest_route=%2Fwp%2Fv2%2Fproduct_tag&post=3639"}],"curies":[{"name":"wp","href":"https:\/\/api.w.org\/{rel}","templated":true}]}}