{"id":2072,"date":"2021-04-23T19:09:53","date_gmt":"2021-04-23T22:09:53","guid":{"rendered":"http:\/\/45.82.73.87\/tekna\/?post_type=product&#038;p=2072"},"modified":"2025-02-07T15:14:05","modified_gmt":"2025-02-07T18:14:05","slug":"pulverizador-costal-a-bateria-pc16mb","status":"publish","type":"product","link":"https:\/\/teknapower.com.br\/?product=pulverizador-costal-a-bateria-pc16mb","title":{"rendered":"Pulverizador Costal a Bateria Tekna \u2013 PC16MB"},"content":{"rendered":"<p>Leve e de f\u00e1cil manuseio, o Pulverizador Costal PC16MB \u00e9 ideal para pulveriza\u00e7\u00e3o em culturas de pequeno e m\u00e9dio porte, de frutas, hortali\u00e7as e flores. F\u00e1cil de usar, seu acionamento \u00e9 manual, possui uma chave com duas posi\u00e7\u00f5es, onde \u00e9 poss\u00edvel alternar entre press\u00e3o m\u00e1xima e regul\u00e1vel. Com autonomia de at\u00e9 6 horas, prolonga o tempo de trabalho sem paradas para recarregar a bateria. Equipado com carregador de bateria Bivolt, al\u00e7as emborrachadas, hastes telesc\u00f3picas, regulador de rota\u00e7\u00e3o de bomba e visor de carga de bateria, torna-se um produto de f\u00e1cil manuseio. Seu conjunto de acess\u00f3rios inclui kit com 4 bicos diferentes, lan\u00e7a e mangueira.<\/p>\n<p>\u2022 Autonomia de At\u00e9 6 horas<br \/>\n\u2022 Vaz\u00e3o 3,1 L\/min<br \/>\n\u2022 Press\u00e3o de Trabalho 0,15 \u2013 0,4 MPa<br \/>\n\u2022 Tens\u00e3o da Bateria 12 V<\/p>\n","protected":false},"excerpt":{"rendered":"<p>O Pulverizador Costal Tekna PC16MBTK \u00e9 equipado com tanque de 16 litros. Vers\u00e1til e pr\u00e1tico, oferece dois tipos de funcionamento, manual ou a bateria.<\/p>\n<p>\u2022 Manual e a Bateria<br \/>\n\u2022 Reservat\u00f3rio de 16 litros<br \/>\n\u2022 Kit com 4 Bicos<br \/>\n\u2022 Com Carregador de Bateria Bivolt<\/p>\n","protected":false},"featured_media":2073,"comment_status":"open","ping_status":"closed","template":"","meta":[],"pwb-brand":[],"product_cat":[35,127],"product_tag":[145,144,112,113,142,143],"class_list":{"0":"post-2072","1":"product","2":"type-product","3":"status-publish","4":"has-post-thumbnail","6":"product_cat-agricola","7":"product_cat-pulverizador","8":"product_tag-equipamentos-agricolas-a-bateria","9":"product_tag-pulverizacao-de-hortas","10":"product_tag-pulverizador","11":"product_tag-pulverizador-costal","12":"product_tag-pulverizador-costal-a-bateria","13":"product_tag-pulverizador-costal-a-bateria-e-manual","15":"first","16":"instock","17":"shipping-taxable","18":"product-type-simple"},"brands":[],"_links":{"self":[{"href":"https:\/\/teknapower.com.br\/index.php?rest_route=\/wp\/v2\/product\/2072","targetHints":{"allow":["GET"]}}],"collection":[{"href":"https:\/\/teknapower.com.br\/index.php?rest_route=\/wp\/v2\/product"}],"about":[{"href":"https:\/\/teknapower.com.br\/index.php?rest_route=\/wp\/v2\/types\/product"}],"replies":[{"embeddable":true,"href":"https:\/\/teknapower.com.br\/index.php?rest_route=%2Fwp%2Fv2%2Fcomments&post=2072"}],"wp:featuredmedia":[{"embeddable":true,"href":"https:\/\/teknapower.com.br\/index.php?rest_route=\/wp\/v2\/media\/2073"}],"wp:attachment":[{"href":"https:\/\/teknapower.com.br\/index.php?rest_route=%2Fwp%2Fv2%2Fmedia&parent=2072"}],"wp:term":[{"taxonomy":"pwb-brand","embeddable":true,"href":"https:\/\/teknapower.com.br\/index.php?rest_route=%2Fwp%2Fv2%2Fpwb-brand&post=2072"},{"taxonomy":"product_cat","embeddable":true,"href":"https:\/\/teknapower.com.br\/index.php?rest_route=%2Fwp%2Fv2%2Fproduct_cat&post=2072"},{"taxonomy":"product_tag","embeddable":true,"href":"https:\/\/teknapower.com.br\/index.php?rest_route=%2Fwp%2Fv2%2Fproduct_tag&post=2072"}],"curies":[{"name":"wp","href":"https:\/\/api.w.org\/{rel}","templated":true}]}}