{"id":2064,"date":"2021-04-23T19:05:34","date_gmt":"2021-04-23T22:05:34","guid":{"rendered":"http:\/\/45.82.73.87\/tekna\/?post_type=product&#038;p=2064"},"modified":"2024-07-10T09:49:26","modified_gmt":"2024-07-10T12:49:26","slug":"motobomba-a-gasolina-mbc20tkl4","status":"publish","type":"product","link":"https:\/\/teknapower.com.br\/?product=motobomba-a-gasolina-mbc20tkl4","title":{"rendered":"Motobomba a Gasolina Tekna \u2013 MBC20TKL4"},"content":{"rendered":"<p>A Motobomba port\u00e1til MBC20TKL4 \u00e9 adequada para uso frequente com \u00e1gua limpa no enchimento de caixas d\u2019\u00e1gua, tanques e em pequenos sistemas de irriga\u00e7\u00e3o e abastecimento. Oferece uma excelente autonomia, alta pot\u00eancia, vaz\u00e3o e suc\u00e7\u00e3o, com pe\u00e7as de baixa manuten\u00e7\u00e3o. Possui al\u00e7a para facilitar o transporte, \u00e9 port\u00e1til e de f\u00e1cil armazenagem. Seu kit de acess\u00f3rios conta com filtro e abra\u00e7adeiras.<\/p>\n<p>\u2022 Motor 4 Tempos<br \/>\n\u2022 Cilindrada 98 cc<br \/>\n\u2022 Di\u00e2metro de Suc\u00e7\u00e3o e Recalque 2\u201dx 2\u201d<br \/>\n\u2022 Altura M\u00e1xima 35 m<br \/>\n\u2022 Vaz\u00e3o M\u00e1xima 25m\u00b3\/h<br \/>\n\u2022 Suc\u00e7\u00e3o M\u00e1xima 5 m.c.a.<\/p>\n","protected":false},"excerpt":{"rendered":"<p>A Motobomba Centr\u00edfuga a Gasolina Tekna MBC20TKL4 \u00e9 equipada com motor 4 tempos de 2,5 HP de pot\u00eancia e 98 cilindradas. \u00c9 leve, port\u00e1til e econ\u00f4mica, com di\u00e2metro de suc\u00e7\u00e3o e recalque de 2\u201dx 2\u201d.<\/p>\n<p>\u2022 Bomba Centr\u00edfuga<br \/>\n\u2022 Port\u00e1til<br \/>\n\u2022 Estrutura Compacta<br \/>\n\u2022 Baixo Peso<\/p>\n","protected":false},"featured_media":2065,"comment_status":"open","ping_status":"closed","template":"","meta":[],"pwb-brand":[],"product_cat":[42],"product_tag":[141,105,106,146,138,140],"class_list":{"0":"post-2064","1":"product","2":"type-product","3":"status-publish","4":"has-post-thumbnail","6":"product_cat-motobombas","7":"product_tag-equipamentos-agricolas","8":"product_tag-motobomba","9":"product_tag-motobomba-a-gasolina","10":"product_tag-motobomba-a-gasolina-centrifuga","11":"product_tag-motobomba-a-gasolina-portatil","12":"product_tag-transferencia-de-agua","14":"first","15":"instock","16":"shipping-taxable","17":"product-type-simple"},"brands":[],"_links":{"self":[{"href":"https:\/\/teknapower.com.br\/index.php?rest_route=\/wp\/v2\/product\/2064","targetHints":{"allow":["GET"]}}],"collection":[{"href":"https:\/\/teknapower.com.br\/index.php?rest_route=\/wp\/v2\/product"}],"about":[{"href":"https:\/\/teknapower.com.br\/index.php?rest_route=\/wp\/v2\/types\/product"}],"replies":[{"embeddable":true,"href":"https:\/\/teknapower.com.br\/index.php?rest_route=%2Fwp%2Fv2%2Fcomments&post=2064"}],"wp:featuredmedia":[{"embeddable":true,"href":"https:\/\/teknapower.com.br\/index.php?rest_route=\/wp\/v2\/media\/2065"}],"wp:attachment":[{"href":"https:\/\/teknapower.com.br\/index.php?rest_route=%2Fwp%2Fv2%2Fmedia&parent=2064"}],"wp:term":[{"taxonomy":"pwb-brand","embeddable":true,"href":"https:\/\/teknapower.com.br\/index.php?rest_route=%2Fwp%2Fv2%2Fpwb-brand&post=2064"},{"taxonomy":"product_cat","embeddable":true,"href":"https:\/\/teknapower.com.br\/index.php?rest_route=%2Fwp%2Fv2%2Fproduct_cat&post=2064"},{"taxonomy":"product_tag","embeddable":true,"href":"https:\/\/teknapower.com.br\/index.php?rest_route=%2Fwp%2Fv2%2Fproduct_tag&post=2064"}],"curies":[{"name":"wp","href":"https:\/\/api.w.org\/{rel}","templated":true}]}}